{"id":1377,"date":"2021-09-27T15:08:30","date_gmt":"2021-09-27T15:08:30","guid":{"rendered":"http:\/\/cluster1albania.com\/?page_id=1377"},"modified":"2023-04-18T18:12:09","modified_gmt":"2023-04-18T18:12:09","slug":"kapitulli-5","status":"publish","type":"page","link":"http:\/\/cluster1albania.com\/sq\/kapitulli-5\/","title":{"rendered":"Chapter 5"},"content":{"rendered":"<p>[cl_row device_visibility=&#8221;`{`object Object`}`&#8221; css_style=&#8221;padding-top:25px|padding-bottom:25px&#8221;][cl_column device_visibility=&#8221;`{`object Object`}`&#8221; css_style=&#8221;padding-top:20px|padding-bottom:20px&#8221;][cl_custom_heading parallel_divider=&#8221;0&#8243; custom_responsive_992_bool=&#8221;0&#8243; custom_responsive_768_bool=&#8221;0&#8243; css_style=&#8221;margin-top:35px|padding-bottom:20px&#8221;]Kapitulli 5: Prokurimet Publike[\/cl_custom_heading][cl_text custom_typography=&#8221;0&#8243; custom_responsive_992_bool=&#8221;0&#8243; custom_responsive_768_bool=&#8221;0&#8243; css_style=&#8221;margin-top:m|margin-bottom:m|margin-left:m|margin-right:m|padding-top:m|padding-bottom:m|padding-left:m|padding-right:m|border-top-width:0|border-bottom-width:0|border-right-width:0&#8243;]Acquis-i p\u00ebr prokurimin publik p\u00ebrfshin parime t\u00eb p\u00ebrgjithshme t\u00eb transparenc\u00ebs, trajtimit t\u00eb barabart\u00eb, konkurrenc\u00ebs s\u00eb lir\u00eb dhe mosdiskriminimit. P\u00ebr m\u00eb tep\u00ebr, rregullat specifike t\u00eb BE -s\u00eb zbatohen p\u00ebr koordinimin e dh\u00ebnies s\u00eb kontratave publike p\u00ebr punimet, sh\u00ebrbimet dhe furnizimet, p\u00ebr entitetet tradicionale kontraktuese dhe p\u00ebr sektor\u00eb t\u00eb ve\u00e7ant\u00eb. Acquis gjithashtu specifikon rregullat mbi procedurat e rishikimit dhe disponueshm\u00ebrin\u00eb e mjeteve juridike ku k\u00ebrkohen organe t\u00eb specializuara zbatuese.<\/p>\n<ul>\n<li>1. Parimet e p\u00ebrgjithshme, dh\u00ebnia e kontrat\u00ebs dhe mbrojtja ligjore<\/li>\n<li>2. Sektori i sh\u00ebrbimeve<\/li>\n<li>3. Koncesionet<\/li>\n<li>4. Prokurimi publik elektronik<\/li>\n<li>5. Prokurimi publik i q\u00ebndruesh\u00ebm<\/li>\n<li>6. Prokurimi n\u00eb fush\u00ebn e mbrojtjes<\/li>\n<\/ul>\n<p>[\/cl_text][cl_row_inner css_style=&#8221;margin-top:35px&#8221;][cl_column_inner width=&#8221;1\/2&#8243; inline_elements=&#8221;0&#8243; css_style=&#8221;padding-top:50px|padding-bottom:50px|padding-left:20px|padding-right:20px&#8221; background_color=&#8221;#eaeaea&#8221; background_image=&#8221;id:|mime:|url:&#8221;][cl_custom_heading parallel_divider=&#8221;0&#8243; custom_responsive_992_bool=&#8221;0&#8243; custom_responsive_768_bool=&#8221;0&#8243; css_style=&#8221;margin-top:35px|padding-bottom:20px&#8221;]Rregullore dhe direktiva te Keshillit dhe Parlamentit, Vendime te Komisionit Evropian, Vendime te Gjykates Evropiane te Drejtesise, Rekomandime te Komisionit Evropian[\/cl_custom_heading][cl_text custom_typography=&#8221;0&#8243; custom_responsive_992_bool=&#8221;0&#8243; custom_responsive_768_bool=&#8221;0&#8243; css_style=&#8221;margin-top:m|margin-bottom:m|margin-left:m|margin-right:m|padding-top:m|padding-bottom:m|padding-left:m|padding-right:m|border-top-width:0|border-bottom-width:0|border-left-width:0|border-right-width:0&#8243;]<\/p>\n<ul>\n<li><a href=\"https:\/\/docs.google.com\/presentation\/d\/1Zy0cTsYjisu50z7-zCMtJ_o7Aw0eqxgL\/edit?usp=sharing&amp;ouid=104441285707294951888&amp;rtpof=true&amp;sd=true\">1. Arkitektura institucionale<\/a><\/li>\n<li><a href=\"https:\/\/docs.google.com\/presentation\/d\/1NZ3LBGAWLHHXz4O3z5TOsinNyl2aicbG\/edit?usp=sharing&amp;ouid=104441285707294951888&amp;rtpof=true&amp;sd=true\">2. Sektori klasik dhe sh\u00ebrbimet komunale<\/a><\/li>\n<li><a href=\"https:\/\/docs.google.com\/presentation\/d\/1ZMv26w7lep4enAYvMcTHPsZe_bZE-rjO\/edit?usp=sharing&amp;ouid=104441285707294951888&amp;rtpof=true&amp;sd=true\">3. Direktiva e Koncesioneve<\/a><\/li>\n<li><a href=\"https:\/\/docs.google.com\/presentation\/d\/1lgg1Z4toeVDMK-aDWkRcCtyxF-zS3hQ4\/edit?usp=sharing&amp;ouid=104441285707294951888&amp;rtpof=true&amp;sd=true\">4. Mjetet juridike<\/a><\/li>\n<li><a href=\"https:\/\/docs.google.com\/presentation\/d\/1j0qby25d98oDMtcEUn_E9-IAV-r3Hh1j\/edit?usp=sharing&amp;ouid=104441285707294951888&amp;rtpof=true&amp;sd=true\">5. Prokurimi i mbrojtjes<\/a><\/li>\n<li><a href=\"https:\/\/docs.google.com\/presentation\/d\/1ZtXF-9kQcC59n_Z1mESzzu72HDNNAWUI\/edit?usp=sharing&amp;ouid=104441285707294951888&amp;rtpof=true&amp;sd=true\">6. e-Prokurimi<\/a><\/li>\n<li><a href=\"https:\/\/docs.google.com\/presentation\/d\/1rk1JzexKWu8n6PGEVhuT9Mw1dWDFl_dX\/edit?usp=sharing&amp;ouid=104441285707294951888&amp;rtpof=true&amp;sd=true\">7. Profesionalizimi dhe bashk\u00ebpunim<\/a><\/li>\n<li><a href=\"https:\/\/docs.google.com\/presentation\/d\/1_UdzrGDo32a8i6qX9hxb2v6Xgn5bByBl\/edit?usp=sharing&amp;ouid=104441285707294951888&amp;rtpof=true&amp;sd=true\">8. Dimensioni nd\u00ebrkomb\u00ebtar<\/a><\/li>\n<\/ul>\n<p>[\/cl_text][cl_text custom_typography=&#8221;0&#8243; custom_responsive_992_bool=&#8221;0&#8243; custom_responsive_768_bool=&#8221;0&#8243; css_style=&#8221;margin-top:35px&#8221;]<\/p>\n<ul>\n<li><a href=\"https:\/\/drive.google.com\/file\/d\/1ECm_W-Q-WXdJoFao_B_zZz9GJrzwzDXx\/view?usp=sharing\">Njoftim p\u00ebr mjetet p\u00ebr t\u00eb luftuar marr\u00ebveshjet e fshehta n\u00eb prokurimet publike dhe p\u00ebr udh\u00ebzimet se si t\u00eb zbatohet baza p\u00ebrkat\u00ebse e p\u00ebrjashtimit<\/a><\/li>\n<li><a href=\"https:\/\/drive.google.com\/file\/d\/1Zo3nh4ryTwmostOJS6cVriqwbhKL0cHb\/view?usp=sharing\">Kapitulli 5 (Prokurimi Publik)<\/a><\/li>\n<li><a href=\"https:\/\/drive.google.com\/file\/d\/1vljB0q-oveaicbdjU8nsNrj_GYJnui6d\/view?usp=sharing\">RAPORTI NGA KOMISIONI<\/a><br \/>\n<a href=\"https:\/\/drive.google.com\/file\/d\/1vljB0q-oveaicbdjU8nsNrj_GYJnui6d\/view?usp=sharing\">Zbatimi dhe praktikat m\u00eb t\u00eb mira t\u00eb politikave komb\u00ebtare t\u00eb prokurimit n\u00eb tregun e brendsh\u00ebm<\/a><\/li>\n<li><a href=\"https:\/\/drive.google.com\/file\/d\/1K6v-_miLKypSSKCsz83wcaM4ZjRTyysY\/view?usp=sharing\">NVM-t\u00eb KA NEVOJ\u00cb ANALIZ\u00cb N\u00cb PROKURIM PUBLIK<\/a><br \/>\n<a href=\"https:\/\/drive.google.com\/file\/d\/1K6v-_miLKypSSKCsz83wcaM4ZjRTyysY\/view?usp=sharing\">Raporti P\u00ebrfundimtar<\/a><\/li>\n<\/ul>\n<p>[\/cl_text][\/cl_column_inner][cl_column_inner width=&#8221;1\/2&#8243; inline_elements=&#8221;0&#8243; css_style=&#8221;padding-top:50px|padding-bottom:50px|padding-left:20px|padding-right:20px&#8221; background_color=&#8221;rgba(0,27,204,0.13)&#8221; background_image=&#8221;id:|mime:|url:&#8221;][cl_custom_heading parallel_divider=&#8221;0&#8243; custom_responsive_992_bool=&#8221;0&#8243; custom_responsive_768_bool=&#8221;0&#8243; css_style=&#8221;margin-top:35px|padding-bottom:35px&#8221;]LIGJE \/ VENDIM I K\u00cbSHILLIT T\u00cb MINISTRAVE \/ URDHRA DHE VENDIME T\u00cb INSTAT \/ REZOLUTA T\u00cb KUVENDIT T\u00cb SHQIP\u00cbRIS\u00cb[\/cl_custom_heading][cl_text custom_typography=&#8221;0&#8243; custom_responsive_992_bool=&#8221;0&#8243; custom_responsive_768_bool=&#8221;0&#8243; css_style=&#8221;margin-top:m|margin-bottom:m|margin-left:m|margin-right:m|padding-top:m|padding-bottom:m|padding-left:m|padding-right:m|border-top-width:0|border-bottom-width:0|border-left-width:0|border-right-width:0&#8243;]<a href=\"https:\/\/drive.google.com\/file\/d\/1SDlfscbVql_oz5kQ9EH4XzGIkk3bipra\/view?usp=share_link\">Ligj nr. 162\/2020 p\u00ebr prokurimin publik<\/a><\/p>\n<p>&nbsp;<\/p>\n<p><a href=\"https:\/\/drive.google.com\/file\/d\/1Qoj6rgPraEHhZgEIN8tISs2LDEsQ-V6g\/view?usp=share_link\">Udh\u00ebzim nr.2 dat\u00eb 18.03.2022 mbi raportimin e zbatimit t\u00eb kontrat\u00ebs<\/a><\/p>\n<p><a href=\"https:\/\/drive.google.com\/file\/d\/19PAHdfmv1HRyf6dmsi1XQFjyjtPAtmKg\/view?usp=share_link\">Udh\u00ebzim nr.3 dat\u00eb 18.06.2021 mbi p\u00ebrdorimin e sistemit dinamik p\u00ebr blerjen e biletave t\u00eb transportit ajror nd\u00ebrkomb\u00ebtar dhe zhvillimin me mjete elektronike<\/a><\/p>\n<p><a href=\"https:\/\/drive.google.com\/file\/d\/1UkEUXdAfulY1VntNn5Uz4hP_GpABBd0l\/view?usp=share_link\">Udh\u00ebzim nr.4 dat\u00eb 20.05.2022 p\u00ebr disa shtesa n\u00eb udh\u00ebzimin nr.3 dat\u00eb 18.06.2021 mbi p\u00ebrdorimin e sistemit dinamik p\u00ebr blerjen e biletave t\u00eb transportit ajror nd\u00ebrkomb\u00ebtar dhe zhvillimin me mjete elektronike<\/a><\/p>\n<p>&nbsp;<\/p>\n<p><a href=\"https:\/\/drive.google.com\/file\/d\/1eQjVLrBOSTqkcXzKPWIpiei6od-fjVIm\/view?usp=share_link\">Vendim nr.914, dat\u00eb 29.12.2014 p\u00ebr miratimin e rregullave t\u00eb prokurimit publik, i ndryshuar me vendimin nr. 402, dat\u00eb 13.05.2015, me vendimin nr. 823, dat\u00eb 23.11.2016 me vendimin nr. 797, dat\u00eb 29.12.2017, me vendimin nr. 80 dat\u00eb 14.2.2018 dhe me vendimin nr. 823, dat\u00eb 21.10.2020<\/a><\/p>\n<p><a href=\"https:\/\/drive.google.com\/file\/d\/1IMQEIDYgWDwM0-g2_ztFTUthwOnlP-NJ\/view?usp=share_link\">Vendim nr.82, dat\u00eb 14.2.2018 p\u00ebr ngarkimin e agjencis\u00eb s\u00eb blerjeve t\u00eb p\u00ebrqendruara p\u00ebr kryerjen e procedurave t\u00eb prokurimit publik, n\u00eb em\u00ebr dhe p\u00ebr llogari t\u00eb Kryeministris\u00eb, ministrive dhe institucioneve t\u00eb var\u00ebsis\u00eb, p\u00ebr disa mallra dhe sh\u00ebrbime ndryshuar me vendimin e k\u00ebshillit t\u00eb ministrave, nr. 816, dat\u00eb 31.12.2018<\/a><\/p>\n<p><a href=\"https:\/\/drive.google.com\/file\/d\/1XVNqaBGnBPoHm2m8M28aVNpndjd8n3DE\/view?usp=share_link\">Vendim nr. 889, dat\u00eb 11.11.2020 p\u00ebr disa shtesa n\u00eb vendimin nr.82, dat\u00eb 14.02.2018, t\u00eb k\u00ebshillit t\u00eb ministrave, &#8220;p\u00ebr ngarkimin e agjencis\u00eb s\u00eb blerjeve t\u00eb p\u00ebrq\u00ebndruara p\u00ebr kryerjen e procedurave t\u00eb prokurimit publik n\u00eb em\u00ebr dhe p\u00ebr llogari t\u00eb Kryeministris\u00eb, ministrive dhe institucioneve t\u00eb var\u00ebsis\u00eb p\u00ebr disa mallra dhe sh\u00ebrbime&#8221;, t\u00eb ndryshuar<\/a><\/p>\n<p><a href=\"https:\/\/drive.google.com\/file\/d\/1B2Oa6RKxtDZFxRwMBabQoAOR-nGBatrg\/view?usp=share_link\">Vendim nr. 285, dat\u00eb 19.5.2021 P\u00ebr miratimin e rregullave t\u00eb prokurimit publik (ndryshuar me vendimin nr. 710, dat\u00eb 24.11.2021)<\/a><\/p>\n<p><a href=\"https:\/\/drive.google.com\/file\/d\/1xJGbByjuY9y-nhf8kEWcF5hO0zBLp8Wx\/view?usp=share_link\">Vendim nr.457, dat\u00eb 30.7.2021 P\u00ebr miratimin e fjalorit t\u00eb p\u00ebrbashk\u00ebt t\u00eb prokurimit<\/a><\/p>\n<p><a href=\"https:\/\/drive.google.com\/file\/d\/1gcMgOskboxfYFrK0e1Ye9WETr9F5raHq\/view?usp=share_link\">Vendim nr.710, dat\u00eb 24.11.2021 Per disa ndryshime dhe shtesa ne vendimin nr.285, date 19.5.2021, te keshillit te ministrave, &#8220;per miratimin e rregullave te prokurimit publik&#8221;<\/a><\/p>\n<p><a href=\"https:\/\/drive.google.com\/file\/d\/1NbCnAoEWTfVjUGPF77em3HZgQAQku1WP\/view?usp=share_link\">Vendim nr.13, dat\u00eb 28.12.2021 &#8220;Per miratimin e manualit per regjistrimin operatoreve ekonomike dhe dorezimin e oferta ve ne sistemin e prokurimit elektronik&#8221;<\/a><\/p>\n<p><a href=\"https:\/\/drive.google.com\/file\/d\/1Mm2V7FJibPohTkgbiGY1MBbvPzIRRVqy\/view?usp=share_link\">Vendim nr.768, dat\u00eb 15.12.2021 Per percaktimin e llojeve te sherbimeve sociale dhe sherbimeve te tjera specifike, llojeve te sherbimeve te vecanta, per te cilat mund te rezervohet e drejta e pjesemarrjes se organizatave ne procedurat e prokurimit publik, si dhe rregulla ve te detajuara per prokurimin e tyre<\/a><\/p>\n<p><a href=\"https:\/\/drive.google.com\/file\/d\/1Sz3N9Nm_jF2qDPp5MaODBMlXu7IH9Rbw\/view?usp=share_link\">Vendim nr.393, dat\u00eb 9.06.2022 per krijimin, organizimin-dhe funksionimin e agjencise shteterore te prokurimeve te perqendruara dhe ngarkimin e kesaj agjencie per kryerjen e procedura ve te vecanta te prokurimit publik, ne emer dhe per llogari te Kryeministrise, ministrive dhe institucioneve te varesise<\/a><\/p>\n<p><a href=\"https:\/\/drive.google.com\/file\/d\/18xa68UAPirUS3Sc0XQBe5RanXA2pgFR4\/view?usp=share_link\">Vendimi nr. 486, dat\u00eb 21.7.2022 p\u00ebr p\u00ebrcaktimin e rregullave p\u00ebr pavlefshm\u00ebrin\u00eb e kontratave t\u00eb prokurimit publik<\/a>[\/cl_text][\/cl_column_inner][\/cl_row_inner][cl_row_inner css_style=&#8221;margin-top:35px&#8221;][cl_column_inner css_style=&#8221;padding-top:10px|padding-bottom:10px&#8221;][cl_custom_heading parallel_divider=&#8221;0&#8243; custom_responsive_992_bool=&#8221;0&#8243; custom_responsive_768_bool=&#8221;0&#8243; css_style=&#8221;margin-top:35px&#8221;]<\/p>\n<p>Dokumente politikash<\/p>\n<p>[\/cl_custom_heading][cl_text custom_typography=&#8221;0&#8243; custom_responsive_992_bool=&#8221;0&#8243; custom_responsive_768_bool=&#8221;0&#8243; css_style=&#8221;margin-top:m|margin-bottom:m|margin-left:m|margin-right:m|padding-top:m|padding-bottom:m|padding-left:m|padding-right:m|border-top-width:0|border-bottom-width:0|border-left-width:0|border-right-width:0&#8243;]<strong><a href=\"http:\/\/cluster1albania.com\/sq\/prokurimi-publik-ne-lupen-e-integrimit-europian\/\">PROKURIMI PUBLIK N\u00cb LUP\u00cbN E INTEGRIMIT EUROPIAN<\/a><\/strong><br \/>\nAIS<\/p>\n<p><strong><a href=\"http:\/\/cluster1albania.com\/sq\/wp-content\/uploads\/2023\/02\/Kontrolli-i-integritetit-te-kontraktoreve-publik-praktikat-EU-dhe-kontraktimi-ne-Kontekstin-Shqiptar-1.pdf\">Kontrolli i integritetit t\u00eb kontraktor\u00ebve publik:<\/a><\/strong><br \/>\n<strong><a href=\"http:\/\/cluster1albania.com\/sq\/wp-content\/uploads\/2023\/02\/Kontrolli-i-integritetit-te-kontraktoreve-publik-praktikat-EU-dhe-kontraktimi-ne-Kontekstin-Shqiptar-1.pdf\">Praktika e BE-s\u00eb dhe kontraktimi n\u00eb kontekstin shqiptar<\/a><\/strong><br \/>\nAIS[\/cl_text][\/cl_column_inner][\/cl_row_inner][\/cl_column][\/cl_row]<\/p>\n","protected":false},"excerpt":{"rendered":"<p>[cl_row device_visibility=&#8221;`{`object Object`}`&#8221; css_style=&#8221;padding-top:25px|padding-bottom:25px&#8221;][cl_column device_visibility=&#8221;`{`object Object`}`&#8221; css_style=&#8221;padding-top:20px|padding-bottom:20px&#8221;][cl_custom_heading parallel_divider=&#8221;0&#8243; custom_responsive_992_bool=&#8221;0&#8243; custom_responsive_768_bool=&#8221;0&#8243; css_style=&#8221;margin-top:35px|padding-bottom:20px&#8221;]Kapitulli 5: Prokurimet Publike[\/cl_custom_heading][cl_text custom_typography=&#8221;0&#8243; custom_responsive_992_bool=&#8221;0&#8243; custom_responsive_768_bool=&#8221;0&#8243; css_style=&#8221;margin-top:m|margin-bottom:m|margin-left:m|margin-right:m|padding-top:m|padding-bottom:m|padding-left:m|padding-right:m|border-top-width:0|border-bottom-width:0|border-right-width:0&#8243;]Acquis-i p\u00ebr prokurimin publik p\u00ebrfshin parime t\u00eb p\u00ebrgjithshme t\u00eb transparenc\u00ebs, trajtimit t\u00eb barabart\u00eb, konkurrenc\u00ebs s\u00eb lir\u00eb dhe mosdiskriminimit. P\u00ebr m\u00eb tep\u00ebr, rregullat specifike [&hellip;]<\/p>\n","protected":false},"author":1,"featured_media":0,"parent":0,"menu_order":0,"comment_status":"closed","ping_status":"closed","template":"","meta":{"footnotes":""},"class_list":["post-1377","page","type-page","status-publish","hentry"],"_links":{"self":[{"href":"http:\/\/cluster1albania.com\/sq\/wp-json\/wp\/v2\/pages\/1377","targetHints":{"allow":["GET"]}}],"collection":[{"href":"http:\/\/cluster1albania.com\/sq\/wp-json\/wp\/v2\/pages"}],"about":[{"href":"http:\/\/cluster1albania.com\/sq\/wp-json\/wp\/v2\/types\/page"}],"author":[{"embeddable":true,"href":"http:\/\/cluster1albania.com\/sq\/wp-json\/wp\/v2\/users\/1"}],"replies":[{"embeddable":true,"href":"http:\/\/cluster1albania.com\/sq\/wp-json\/wp\/v2\/comments?post=1377"}],"version-history":[{"count":26,"href":"http:\/\/cluster1albania.com\/sq\/wp-json\/wp\/v2\/pages\/1377\/revisions"}],"predecessor-version":[{"id":1948,"href":"http:\/\/cluster1albania.com\/sq\/wp-json\/wp\/v2\/pages\/1377\/revisions\/1948"}],"wp:attachment":[{"href":"http:\/\/cluster1albania.com\/sq\/wp-json\/wp\/v2\/media?parent=1377"}],"curies":[{"name":"wp","href":"https:\/\/api.w.org\/{rel}","templated":true}]}}