{"id":1379,"date":"2021-09-27T15:09:50","date_gmt":"2021-09-27T15:09:50","guid":{"rendered":"http:\/\/cluster1albania.com\/?page_id=1379"},"modified":"2023-05-08T16:36:37","modified_gmt":"2023-05-08T16:36:37","slug":"kapitulli-18","status":"publish","type":"page","link":"http:\/\/cluster1albania.com\/sq\/kapitulli-18\/","title":{"rendered":"Kapitulli 18"},"content":{"rendered":"[cl_row device_visibility=&#8221;`{`object Object`}`&#8221; css_style=&#8221;padding-top:25px|padding-bottom:25px&#8221;][cl_column device_visibility=&#8221;`{`object Object`}`&#8221; css_style=&#8221;padding-top:20px|padding-bottom:20px&#8221;][cl_custom_heading parallel_divider=&#8221;0&#8243; custom_responsive_992_bool=&#8221;0&#8243; custom_responsive_768_bool=&#8221;0&#8243; css_style=&#8221;margin-top:35px&#8221;]Kapitulli 18: Statistikat[\/cl_custom_heading][cl_text css_style=&#8221;margin-top:35px&#8221;]Acquis n\u00eb fush\u00ebn e statistikave k\u00ebrkon ekzistenc\u00ebn e nj\u00eb infrastrukture statistikore t\u00eb bazuar n\u00eb parime t\u00eb tilla si paanshm\u00ebria, besueshm\u00ebria, transparenca, konfidencialiteti i t\u00eb dh\u00ebnave individuale dhe shp\u00ebrndarja e statistikave zyrtare. Institutet komb\u00ebtare t\u00eb statistikave veprojn\u00eb si pika referimi i p\u00ebr metodologjin\u00eb, prodhimin dhe shp\u00ebrndarjen e informacionit statistikor. Acquis mbulon metodologjin\u00eb, klasifikimet dhe procedurat p\u00ebr mbledhjen e t\u00eb dh\u00ebnave n\u00eb fusha t\u00eb ndryshme si statistikat makro-ekonomike dhe t\u00eb \u00e7mimeve, statistikat demografike dhe sociale, statistikat rajonale dhe statistikat mbi biznesin, transportin, tregtin\u00eb e jashtme, bujq\u00ebsin\u00eb, mjedisin dhe shkenc\u00ebn dhe teknologjin\u00eb. Nuk nevojitet transpozim n\u00eb legjislacionin komb\u00ebtar pasi shumica e acquis merr form\u00ebn e rregulloreve.\r\n\r\n[\/cl_text][cl_row_inner css_style=&#8221;margin-top:35px&#8221;][\/cl_row_inner][cl_row_inner css_style=&#8221;margin-top:35px&#8221;][cl_column_inner width=&#8221;1\/2&#8243; inline_elements=&#8221;0&#8243; css_style=&#8221;padding-top:50px|padding-bottom:50px|padding-left:20px|padding-right:20px&#8221; background_color=&#8221;#eaeaea&#8221; background_image=&#8221;id:|mime:|url:&#8221;][cl_custom_heading parallel_divider=&#8221;0&#8243; custom_responsive_992_bool=&#8221;0&#8243; custom_responsive_768_bool=&#8221;0&#8243; css_style=&#8221;margin-top:35px&#8221;]Rregullore dhe direktiva te Keshillit dhe Parlamentit, Vendime te Komisionit Evropian, Vendime te Gjykates Evropiane te Drejtesise, Rekomandime te Komisionit Evropian[\/cl_custom_heading][cl_text custom_typography=&#8221;0&#8243; custom_responsive_992_bool=&#8221;0&#8243; custom_responsive_768_bool=&#8221;0&#8243; css_style=&#8221;margin-top:m|margin-bottom:m|margin-left:m|margin-right:m|padding-top:m|padding-bottom:m|padding-left:m|padding-right:m|border-top-width:0|border-bottom-width:0|border-left-width:0|border-right-width:0&#8243;]\r\n<ul>\r\n \t<li><a href=\"https:\/\/docs.google.com\/presentation\/d\/1qOiVLecJQfqf5Vm1BdNAFO0mm9imWgvZ\/edit?usp=sharing&amp;ouid=104441285707294951888&amp;rtpof=true&amp;sd=true\">Hyrje n\u00eb kuadrin ligjor p\u00ebr Statistikat Evropiane<\/a><\/li>\r\n \t<li><a href=\"https:\/\/docs.google.com\/presentation\/d\/1cMAIafCUeSp5qWw1nDeb3Mlp-bCAe7rk\/edit?usp=sharing&amp;ouid=104441285707294951888&amp;rtpof=true&amp;sd=true\">Konfidencialiteti statistikor dhe mbrojtja e zbulimit<\/a><\/li>\r\n \t<li><a href=\"https:\/\/docs.google.com\/presentation\/d\/1X1TA7t3vecujmkMV1G5nIVtvisoJLQ7h\/edit?usp=sharing&amp;ouid=104441285707294951888&amp;rtpof=true&amp;sd=true\">Klasifikimet ESS<\/a><\/li>\r\n \t<li><a href=\"https:\/\/docs.google.com\/presentation\/d\/1ERwF2KwzVYLTGhujC5BDEOSYaJaSCmOY\/edit?usp=sharing&amp;ouid=104441285707294951888&amp;rtpof=true&amp;sd=true\">Cil\u00ebsia<\/a><\/li>\r\n \t<li><a href=\"https:\/\/docs.google.com\/presentation\/d\/1VZtupAq31ogbmREdX3mp7segVRC8B3vI\/edit?usp=sharing&amp;ouid=104441285707294951888&amp;rtpof=true&amp;sd=true\">Kompletet e treguesve makroekonomik\u00eb p\u00ebr politikat e BE-s\u00eb: Euroindikator\u00ebt\/PEEI dhe treguesit e procedur\u00ebs s\u00eb \u00e7ekuilibrit makroekonomik (MIP)<\/a><\/li>\r\n \t<li><a href=\"https:\/\/docs.google.com\/presentation\/d\/1i2Ji2i5RyrLd14Xp1jHVjneP9gGOS_wn\/edit?usp=sharing&amp;ouid=104441285707294951888&amp;rtpof=true&amp;sd=true\">Programi i transmetimit ESA2010<\/a><\/li>\r\n \t<li><a href=\"https:\/\/docs.google.com\/presentation\/d\/11JLoLWBuBH3BuqqCYWHx4McsZBzdM7cM\/edit?usp=sharing&amp;ouid=104441285707294951888&amp;rtpof=true&amp;sd=true\">Llogarit\u00eb e sektorit, llogarit\u00eb financiare, pensionet n\u00eb sigurimet shoq\u00ebrore, treguesit financiar\u00eb<\/a><\/li>\r\n \t<li><a href=\"https:\/\/docs.google.com\/presentation\/d\/1-PEu6W8LX8UxdRp_gbL1FWV10wjfswqi\/edit?usp=sharing&amp;ouid=104441285707294951888&amp;rtpof=true&amp;sd=true\">Metodologjia e ESA 2010 dhe burimi i vet GNI<\/a><\/li>\r\n \t<li><a href=\"https:\/\/docs.google.com\/presentation\/d\/18RMlReRdJ7o-92AJLf2jRFx9NbHFnBF0\/edit?usp=sharing&amp;ouid=104441285707294951888&amp;rtpof=true&amp;sd=true\">Kompensimi dhe pensionet e stafit t\u00eb BE-s\u00eb<\/a><\/li>\r\n \t<li><a href=\"https:\/\/docs.google.com\/presentation\/d\/19AdTpt5T7ZA1zsgKAxrSdQWVlnuYloBx\/edit?usp=sharing&amp;ouid=104441285707294951888&amp;rtpof=true&amp;sd=true\">Paritetet e fuqis\u00eb bler\u00ebse<\/a><\/li>\r\n \t<li><a href=\"https:\/\/docs.google.com\/presentation\/d\/1xgrHjUxXyuIBVAoA1LGrK7zlZ1sD6mAH\/edit?usp=sharing&amp;ouid=104441285707294951888&amp;rtpof=true&amp;sd=true\">Indekset e harmonizuara:<\/a>\r\n<a href=\"https:\/\/docs.google.com\/presentation\/d\/1xgrHjUxXyuIBVAoA1LGrK7zlZ1sD6mAH\/edit?usp=sharing&amp;ouid=104441285707294951888&amp;rtpof=true&amp;sd=true\">HICP, HICP-CT, OOHPI, HPI<\/a><\/li>\r\n \t<li><a href=\"https:\/\/docs.google.com\/presentation\/d\/1Et0Tr5m9qUo8WmH4BReRCk5iMOSEEKqj\/edit?usp=sharing&amp;ouid=104441285707294951888&amp;rtpof=true&amp;sd=true\">Bilanci i Pagesave dhe Pozicioni Nd\u00ebrkomb\u00ebtar i Investimeve<\/a><\/li>\r\n \t<li><a href=\"https:\/\/docs.google.com\/presentation\/d\/1cNFMLP4vov1HlGu-fBFGd_XCYj6la6nb\/edit?usp=sharing&amp;ouid=104441285707294951888&amp;rtpof=true&amp;sd=true\">Statistikat e Bujq\u00ebsis\u00eb dhe Peshkimit<\/a><\/li>\r\n \t<li><a href=\"https:\/\/docs.google.com\/presentation\/d\/1p1U1LzfX-ukGFJhtGHVV3ZllYQ4c4GKB\/edit?usp=sharing&amp;ouid=104441285707294951888&amp;rtpof=true&amp;sd=true\">Treguesit e mjedisit dhe zhvillimit t\u00eb q\u00ebndruesh\u00ebm<\/a><\/li>\r\n \t<li><a href=\"https:\/\/docs.google.com\/presentation\/d\/1LI6awytob0tV0nU_QFyHrco4qFGMl_Cm\/edit?usp=sharing&amp;ouid=104441285707294951888&amp;rtpof=true&amp;sd=true\">Statistikat e Transportit<\/a><\/li>\r\n \t<li><a href=\"https:\/\/docs.google.com\/presentation\/d\/1XuMmcIDaEk24u4UY3Upw4DwhNmaaCURa\/edit?usp=sharing&amp;ouid=104441285707294951888&amp;rtpof=true&amp;sd=true\">Hyrje n\u00eb NUTS<\/a>\r\n<a href=\"https:\/\/docs.google.com\/presentation\/d\/1XuMmcIDaEk24u4UY3Upw4DwhNmaaCURa\/edit?usp=sharing&amp;ouid=104441285707294951888&amp;rtpof=true&amp;sd=true\">Nomenklatura e nj\u00ebsive territoriale p\u00ebr statistikat<\/a><\/li>\r\n \t<li><a href=\"https:\/\/drive.google.com\/file\/d\/1Wuun2vzDo_x6t5z_Wv80oTA6ocIPQPz_\/view?usp=sharing\">N\u00eb kufi: Sa e reduktojn\u00eb transfertat sociale privimin material n\u00eb Evrop\u00eb?<\/a><\/li>\r\n \t<li><a href=\"https:\/\/drive.google.com\/file\/d\/1v4n8HWoc-9LY5scVzoSh4qs5i7AStIJs\/view?usp=sharing\">Gjetja e vendeve t\u00eb lira t\u00eb pun\u00ebs nga reklamat e pun\u00ebs n\u00eb internet<\/a><\/li>\r\n \t<li><a href=\"https:\/\/drive.google.com\/file\/d\/1pUi1JvQWsf75Aye2PJYNqJwgsA399X5V\/view\">Hendeqet gjinore t\u00eb pagave n\u00eb Bashkimin Evropian &#8211; nj\u00eb analiz\u00eb statistikore<\/a><\/li>\r\n<\/ul>\r\n[\/cl_text][cl_text custom_typography=&#8221;0&#8243; custom_responsive_992_bool=&#8221;0&#8243; custom_responsive_768_bool=&#8221;0&#8243; css_style=&#8221;margin-top:m|margin-bottom:m|margin-left:m|margin-right:m|padding-top:m|padding-bottom:m|padding-left:m|padding-right:m|border-top-width:0|border-bottom-width:0|border-left-width:0|border-right-width:0&#8243;]\r\n<ul>\r\n \t<li><a href=\"https:\/\/docs.google.com\/presentation\/d\/15zmt2JKwfm1U7R-PKSQQo-YBZmCSQtfI\/edit?usp=sharing&amp;ouid=104441285707294951888&amp;rtpof=true&amp;sd=true\">Statistikat e energjis\u00eb<\/a><\/li>\r\n \t<li><a href=\"https:\/\/docs.google.com\/presentation\/d\/1UXKsGgOItXrN3iNxyXEJi09gtWDWxPfq\/edit?usp=sharing&amp;ouid=104441285707294951888&amp;rtpof=true&amp;sd=true\">Statistikat e popullsis\u00eb dhe migracionit<\/a><\/li>\r\n \t<li><a href=\"https:\/\/docs.google.com\/presentation\/d\/1Fy85lr3FSDGcCDGfsW9yzCT_fGDYhX4L\/edit?usp=sharing&amp;ouid=104441285707294951888&amp;rtpof=true&amp;sd=true\">Tregu i pun\u00ebs<\/a><\/li>\r\n \t<li><a href=\"https:\/\/docs.google.com\/presentation\/d\/1hIKzzkXbh-ZHOysQ-_m9FPymxC9msw0X\/edit?usp=sharing&amp;ouid=104441285707294951888&amp;rtpof=true&amp;sd=true\">Mbledhja vullnetare e t\u00eb dh\u00ebnave:\r\nKrimi, HBS dhe TUS<\/a><\/li>\r\n \t<li><a href=\"https:\/\/docs.google.com\/presentation\/d\/1HzjDHSt3O6AyRKgiblsGqvHJciVL3gX5\/edit?usp=sharing&amp;ouid=104441285707294951888&amp;rtpof=true&amp;sd=true\">ESSPROS \u2013 Sistemi Evropian i Statistikave t\u00eb Integruara t\u00eb Mbrojtjes Sociale<\/a><\/li>\r\n \t<li><a href=\"https:\/\/docs.google.com\/presentation\/d\/1shap4b_DeCwPeURu0nVX0vffQu8OH1vM\/edit?usp=sharing&amp;ouid=104441285707294951888&amp;rtpof=true&amp;sd=true\">Statistikat e turizmit: Takimi shpjegues n\u00eb Kapitullin 18<\/a><\/li>\r\n \t<li><a href=\"https:\/\/docs.google.com\/presentation\/d\/1t3QX-md0pvKj3dRwm9UkRncxcxett5kQ\/edit?usp=sharing&amp;ouid=104441285707294951888&amp;rtpof=true&amp;sd=true\">Aktet ligjore, k\u00ebrkesat dhe mb\u00ebshtetja<\/a><\/li>\r\n \t<li><a href=\"https:\/\/docs.google.com\/presentation\/d\/1-xjjqNKB5PZi-gKjcHXt2i-UMNlzgQ8Y\/edit?usp=sharing&amp;ouid=104441285707294951888&amp;rtpof=true&amp;sd=true\">Statistikat strukturore t\u00eb biznesit (SBS) \u2013 acquis communautaire<\/a><\/li>\r\n \t<li><a href=\"https:\/\/docs.google.com\/presentation\/d\/1DY-kUjJ2TuK6wk-ZeoVSYwAZG6Dxihm7\/edit?usp=sharing&amp;ouid=104441285707294951888&amp;rtpof=true&amp;sd=true\">STS &#8211; Short-term business statistics<\/a><\/li>\r\n \t<li><a href=\"https:\/\/docs.google.com\/presentation\/d\/1VFF1zdPovqK47q1YLI1KkF_ztbCBttbb\/edit?usp=sharing&amp;ouid=104441285707294951888&amp;rtpof=true&amp;sd=true\">Statistikat e prodhimit industrial \u2013 PRODCOM<\/a><\/li>\r\n \t<li><a href=\"https:\/\/docs.google.com\/presentation\/d\/1ESgvuvHEE5XLlZE92UBwwaJnm4Jioa5Q\/edit?usp=sharing&amp;ouid=104441285707294951888&amp;rtpof=true&amp;sd=true\">Statistikat e Tregtis\u00eb Nd\u00ebrkomb\u00ebtare t\u00eb Mallrave (ITGS)<\/a><\/li>\r\n \t<li><a href=\"https:\/\/docs.google.com\/presentation\/d\/1tMLYgXQpCEfydX32dC36eJx21aT9YHoR\/edit?usp=sharing&amp;ouid=104441285707294951888&amp;rtpof=true&amp;sd=true\">Statistikat e filialeve t\u00eb huaja (FATS)<\/a><\/li>\r\n \t<li><a href=\"https:\/\/docs.google.com\/presentation\/d\/1vUtuQGaCxruT5FxHRoUlSHcZrvlKJaUb\/edit?usp=sharing&amp;ouid=104441285707294951888&amp;rtpof=true&amp;sd=true\">Investimet e Huaja Direkte dhe Tregtia Nd\u00ebrkomb\u00ebtare e Sh\u00ebrbimeve<\/a><\/li>\r\n \t<li><a href=\"https:\/\/drive.google.com\/file\/d\/1Uoa_ykymW6n_TengTxr6sDt3jMTGEps5\/view?usp=sharing\">RISHIKIM EUROSTAT MBI LLOGARIT\u00cb KOMB\u00cbTARE DHE TREGUESIT MAKROEKONOMIK 2021<\/a><\/li>\r\n \t<li><a href=\"https:\/\/drive.google.com\/file\/d\/1sz7ELmPDu1MbSEN_gRp8iGdKFgBlZrUq\/view?usp=sharing\">P\u00ebrmbledhje e sqarimeve metodologjike \u2014 ESSPROS:<\/a>\r\n<a href=\"https:\/\/drive.google.com\/file\/d\/1sz7ELmPDu1MbSEN_gRp8iGdKFgBlZrUq\/view?usp=sharing\">SISTEMI EVROPIAN I STATISTIKAVE T\u00cb INTEGRUARA T\u00cb MBROJTJES SOCIALE<\/a><\/li>\r\n \t<li><a href=\"https:\/\/drive.google.com\/file\/d\/1JddG_ZhyEiog6I_BJnytIVNWMsvwHpDA\/view?usp=sharing\">Gjetja e vendeve t\u00eb lira t\u00eb pun\u00ebs nga reklamat e pun\u00ebs n\u00eb internet<\/a><\/li>\r\n<\/ul>\r\n[\/cl_text][\/cl_column_inner][cl_column_inner width=&#8221;1\/2&#8243; inline_elements=&#8221;0&#8243; css_style=&#8221;padding-top:50px|padding-bottom:50px|padding-left:20px|padding-right:20px&#8221; background_color=&#8221;rgba(0,27,204,0.13)&#8221; background_image=&#8221;id:|mime:|url:&#8221;][cl_custom_heading parallel_divider=&#8221;0&#8243; custom_responsive_992_bool=&#8221;0&#8243; custom_responsive_768_bool=&#8221;0&#8243; css_style=&#8221;margin-top:35px|padding-bottom:35px&#8221;]LIGJE \/ VENDIM I K\u00cbSHILLIT T\u00cb MINISTRAVE \/ URDHRA DHE VENDIME T\u00cb INSTAT \/ REZOLUTA T\u00cb KUVENDIT T\u00cb SHQIP\u00cbRIS\u00cb[\/cl_custom_heading][cl_text custom_typography=&#8221;0&#8243; custom_responsive_992_bool=&#8221;0&#8243; custom_responsive_768_bool=&#8221;0&#8243; css_style=&#8221;margin-top:m|margin-bottom:m|margin-left:m|margin-right:m|padding-top:m|padding-bottom:m|padding-left:m|padding-right:m|border-top-width:0|border-bottom-width:0|border-left-width:0|border-right-width:0&#8243;]<a href=\"https:\/\/drive.google.com\/file\/d\/1FdUoTbos3wfx25Vs1QiUY_ZWVz5zKcRx\/view?usp=share_link\">Ligj nr. 17\/2018 p\u00ebr statistikat zyrtare<\/a>\r\n<a href=\"https:\/\/drive.google.com\/file\/d\/1yZTP9BjqZp2NYNTXYae7_vcbZAgCTemZ\/view?usp=share_link\">Ligj nr. 30\/2022 p\u00ebr miratimin e programit t\u00eb statistikave zyrtare 2022\u20132026<\/a>\r\n\r\n<a href=\"https:\/\/drive.google.com\/file\/d\/1VRNfCXnmDPhKmbCZb1mTz2XuEa0crina\/view?usp=share_link\">Vendim nr. 3\/2023 p\u00ebr miratimin e planit vjetor 2023 p\u00ebr zbatimin e programit <\/a><a href=\"https:\/\/drive.google.com\/file\/d\/1VRNfCXnmDPhKmbCZb1mTz2XuEa0crina\/view?usp=share_link\">t\u00eb statistikave zyrtare 2022\u20132026<\/a>\r\n<a href=\"https:\/\/drive.google.com\/file\/d\/10TERCSSW2x1ovSov63pFIqKFsn385DZ2\/view?usp=share_link\">Vendim nr. 40\/2019 p\u00ebr miratimin e planit t\u00eb vitit 2019 p\u00ebr zbatimin e programit t\u00eb statistikave zyrtare 2017-2021<\/a>\r\n<a href=\"https:\/\/drive.google.com\/file\/d\/1nGnhI3zmUQxdVsoG_P6xEFpXs2DjMH1g\/view?usp=share_link\">Vendim nr. 669, dat\u00eb 7.11.2018 p\u00ebr miratimin e procedurave, t\u00eb kritereve t\u00eb vler\u00ebsimit dhe afateve t\u00eb njoftimit p\u00ebr p\u00ebrzgjedhjen e kandidaturave p\u00ebr t\u2019u em\u00ebruar n\u00eb pozicionin \u201cDrejtor i P\u00ebrgjithsh\u00ebm i Institutit t\u00eb Statistikave\u201d<\/a>\r\n<a href=\"https:\/\/drive.google.com\/file\/d\/11YnNF9_BgqJEkCXJQe5hbLcIKtZFhwNW\/view?usp=share_link\">Vendim nr. 393, dat\u00eb 19.6.2019 p\u00ebr llojet e sh\u00ebrbimeve statistikore q\u00eb ofron Instituti i Statistikave ndaj t\u00eb tret\u00ebve kundrejt tarifave t\u00eb paracaktuara<\/a>\r\n\r\n<a href=\"https:\/\/drive.google.com\/file\/d\/1fjM_U85Z5wj6jM0B7v4HesJ9QeuBECr8\/view?usp=share_link\">Rezolut\u00eb p\u00ebr vler\u00ebsimin e veprimtaris\u00eb s\u00eb Institutit t\u00eb Statistikave p\u00ebr vitin 2020<\/a>\r\n<a href=\"https:\/\/drive.google.com\/file\/d\/19liXaJFWwza7V70lh0IWtN7TVT6kT3Ok\/view?usp=share_link\">Rezolut\u00eb p\u00ebr vler\u00ebsimin e veprimtaris\u00eb s\u00eb institutit t\u00eb statistikave p\u00ebr vitin 2019<\/a>[\/cl_text][\/cl_column_inner][cl_column_inner width=&#8221;1\/2&#8243; inline_elements=&#8221;0&#8243; css_style=&#8221;padding-top:10px|padding-bottom:10px&#8221; background_image=&#8221;id:|mime:|url:&#8221;][\/cl_column_inner][\/cl_row_inner][\/cl_column][\/cl_row]<!-- \/wp:post-content -->","protected":false},"excerpt":{"rendered":"<p>[cl_row device_visibility=&#8221;`{`object Object`}`&#8221; css_style=&#8221;padding-top:25px|padding-bottom:25px&#8221;][cl_column device_visibility=&#8221;`{`object Object`}`&#8221; css_style=&#8221;padding-top:20px|padding-bottom:20px&#8221;][cl_custom_heading parallel_divider=&#8221;0&#8243; custom_responsive_992_bool=&#8221;0&#8243; custom_responsive_768_bool=&#8221;0&#8243; css_style=&#8221;margin-top:35px&#8221;]Kapitulli 18: Statistikat[\/cl_custom_heading][cl_text css_style=&#8221;margin-top:35px&#8221;]Acquis n\u00eb fush\u00ebn e statistikave k\u00ebrkon ekzistenc\u00ebn e nj\u00eb infrastrukture statistikore t\u00eb bazuar n\u00eb parime t\u00eb tilla si paanshm\u00ebria, besueshm\u00ebria, transparenca, konfidencialiteti i t\u00eb dh\u00ebnave individuale dhe [&hellip;]<\/p>\n","protected":false},"author":1,"featured_media":0,"parent":0,"menu_order":0,"comment_status":"closed","ping_status":"closed","template":"","meta":{"footnotes":""},"class_list":["post-1379","page","type-page","status-publish","hentry"],"_links":{"self":[{"href":"http:\/\/cluster1albania.com\/sq\/wp-json\/wp\/v2\/pages\/1379","targetHints":{"allow":["GET"]}}],"collection":[{"href":"http:\/\/cluster1albania.com\/sq\/wp-json\/wp\/v2\/pages"}],"about":[{"href":"http:\/\/cluster1albania.com\/sq\/wp-json\/wp\/v2\/types\/page"}],"author":[{"embeddable":true,"href":"http:\/\/cluster1albania.com\/sq\/wp-json\/wp\/v2\/users\/1"}],"replies":[{"embeddable":true,"href":"http:\/\/cluster1albania.com\/sq\/wp-json\/wp\/v2\/comments?post=1379"}],"version-history":[{"count":19,"href":"http:\/\/cluster1albania.com\/sq\/wp-json\/wp\/v2\/pages\/1379\/revisions"}],"predecessor-version":[{"id":1986,"href":"http:\/\/cluster1albania.com\/sq\/wp-json\/wp\/v2\/pages\/1379\/revisions\/1986"}],"wp:attachment":[{"href":"http:\/\/cluster1albania.com\/sq\/wp-json\/wp\/v2\/media?parent=1379"}],"curies":[{"name":"wp","href":"https:\/\/api.w.org\/{rel}","templated":true}]}}