{"id":1381,"date":"2021-09-27T15:10:32","date_gmt":"2021-09-27T15:10:32","guid":{"rendered":"http:\/\/cluster1albania.com\/?page_id=1381"},"modified":"2023-04-18T18:34:16","modified_gmt":"2023-04-18T18:34:16","slug":"kapitulli-23","status":"publish","type":"page","link":"http:\/\/cluster1albania.com\/sq\/kapitulli-23\/","title":{"rendered":"Kapitulli 23"},"content":{"rendered":"<p>[cl_row device_visibility=&#8221;`{`object Object`}`&#8221; css_style=&#8221;padding-top:25px|padding-bottom:25px&#8221;][cl_column device_visibility=&#8221;`{`object Object`}`&#8221; css_style=&#8221;padding-top:20px|padding-bottom:20px&#8221;][cl_custom_heading parallel_divider=&#8221;0&#8243; custom_responsive_992_bool=&#8221;0&#8243; custom_responsive_768_bool=&#8221;0&#8243; css_style=&#8221;margin-top:35px&#8221;]<\/p>\r\n<p>Kapitulli 23: Gjyq\u00ebsori dhe t\u00eb drejtat themelore<\/p>\r\n<p>[\/cl_custom_heading][cl_text css_style=&#8221;margin-top:35px&#8221;]<\/p>\r\n<p>Politikat e BE-s\u00eb n\u00eb fush\u00ebn e gjyq\u00ebsorit dhe t\u00eb drejtave themelore synojn\u00eb ruajtjen dhe zhvillimin e m\u00ebtejsh\u00ebm t\u00eb Bashkimit Evropian si nj\u00eb zon\u00eb lirie, sigurie dhe drejt\u00ebsie. Krijimi i nj\u00eb gjyq\u00ebsori t\u00eb pavarur dhe efikas \u00ebsht\u00eb i nj\u00eb r\u00ebnd\u00ebsie t\u00eb madhe. Paanshm\u00ebria, integriteti dhe nj\u00eb standard i lart\u00eb gjykimi nga gjykatat jan\u00eb thelb\u00ebsore p\u00ebr ruajtjen e shtetit t\u00eb s\u00eb drejt\u00ebs. Kjo k\u00ebrkon nj\u00eb p\u00ebrkushtim t\u00eb fort\u00eb p\u00ebr t\u00eb eliminuar ndikimet e jashtme mbi gjyq\u00ebsorin dhe p\u00ebr t\u00eb dedikuar burime dhe trajnime t\u00eb p\u00ebrshtatshme financiare. Duhet t\u00eb ekzistojn\u00eb garanci ligjore p\u00ebr procedurat e gjykimit t\u00eb drejt\u00eb. Po k\u00ebshtu, shtetet an\u00ebtare duhet t\u00eb luftojn\u00eb korrupsionin n\u00eb m\u00ebnyr\u00eb efektive, pasi ai p\u00ebrfaq\u00ebson nj\u00eb k\u00ebrc\u00ebnim p\u00ebr stabilitetin e institucioneve demokratike dhe sundimin e ligjit. K\u00ebrkohet nj\u00eb kuad\u00ebr ligjor solid dhe institucione t\u00eb besueshme p\u00ebr t\u00eb mb\u00ebshtetur nj\u00eb politik\u00eb koherente t\u00eb parandalimit dhe parandalimit t\u00eb korrupsionit. Shtetet an\u00ebtare duhet t\u00eb sigurojn\u00eb respektimin e t\u00eb drejtave themelore dhe t\u00eb t\u00eb drejtave t\u00eb qytetar\u00ebve t\u00eb BE-s\u00eb, si\u00e7 garantohen nga acquis dhe nga Karta e t\u00eb Drejtave Themelore.<\/p>\r\n<p>1. Gjyq\u00ebsori<br \/>2. Politikat kund\u00ebr korrupsionit<br \/>3. T\u00eb drejtat themelore<br \/>4. T\u00eb drejtat e qytetar\u00ebve t\u00eb BE-s\u00eb<\/p>\r\n<p><!-- \/wp:post-content --><\/p>\r\n<p><!-- wp:paragraph --><\/p>\r\n<p><!-- \/wp:paragraph --><\/p>\r\n<p>[\/cl_text][\/cl_column][\/cl_row][cl_row device_visibility=&#8221;`{`object Object`}`&#8221; css_style=&#8221;padding-top:25px|padding-bottom:25px&#8221;][cl_column device_visibility=&#8221;`{`object Object`}`&#8221; css_style=&#8221;padding-top:20px|padding-bottom:20px&#8221;][cl_row_inner css_style=&#8221;margin-top:35px&#8221;][cl_column_inner width=&#8221;1\/2&#8243; inline_elements=&#8221;0&#8243; css_style=&#8221;padding-top:50px|padding-bottom:50px|padding-left:20px|padding-right:20px&#8221; background_color=&#8221;#eaeaea&#8221; background_image=&#8221;id:|mime:|url:&#8221;][cl_custom_heading parallel_divider=&#8221;0&#8243; custom_responsive_992_bool=&#8221;0&#8243; custom_responsive_768_bool=&#8221;0&#8243; css_style=&#8221;margin-top:35px&#8221;]<\/p>\r\n<p>Rregullore dhe direktiva te Keshillit dhe Parlamentit, Vendime te Komisionit Evropian, Vendime te Gjykates Evropiane te Drejtesise, Rekomandime te Komisionit Evropian<\/p>\r\n<p>[\/cl_custom_heading][cl_text custom_typography=&#8221;0&#8243; custom_responsive_992_bool=&#8221;0&#8243; custom_responsive_768_bool=&#8221;0&#8243; css_style=&#8221;margin-top:35px&#8221;]<\/p>\r\n<ul>\r\n<li><a href=\"https:\/\/docs.google.com\/presentation\/d\/1Pd4izqLbKjL8FX7psjdhkWBkSjweBBN9\/edit?usp=sharing&amp;ouid=104441285707294951888&amp;rtpof=true&amp;sd=true\"> Gjyq\u00ebsori<\/a><\/li>\r\n<li><a href=\"https:\/\/docs.google.com\/presentation\/d\/1M7gp18YX4f5PMUH-69YBGa87tofjhKcB\/edit?usp=sharing&amp;ouid=104441285707294951888&amp;rtpof=true&amp;sd=true\"> Politika e BE-s\u00eb kund\u00ebr korrupsionit<\/a><\/li>\r\n<li><a href=\"https:\/\/docs.google.com\/document\/d\/1YVGisaYHpZlsklNtVizAT-c6uC-fn85M\/edit?usp=sharing&amp;ouid=104441285707294951888&amp;rtpof=true&amp;sd=true\">Karta e t\u00eb drejtave themelore<\/a><\/li>\r\n<li><a href=\"https:\/\/docs.google.com\/presentation\/d\/1wTKB0OqgfEVPeTKpMM2VEYPOmv8VJCMP\/edit?usp=sharing&amp;ouid=104441285707294951888&amp;rtpof=true&amp;sd=true\">Racizmi dhe ksenofobia<\/a><\/li>\r\n<li><a href=\"https:\/\/docs.google.com\/presentation\/d\/1RW5DtDFnQO5nw5c7ovVxk2EmACuX5IGQ\/edit?usp=sharing&amp;ouid=104441285707294951888&amp;rtpof=true&amp;sd=true\">Agjencia p\u00ebr t\u00eb Drejtat Themelore<\/a><\/li>\r\n<li><a href=\"https:\/\/docs.google.com\/presentation\/d\/10fgKXl2vpPQCSAOxT-DLwo-ibE8A3803\/edit?usp=sharing&amp;ouid=104441285707294951888&amp;rtpof=true&amp;sd=true\">T\u00eb drejtat e f\u00ebmij\u00ebve<\/a><\/li>\r\n<li><a href=\"https:\/\/docs.google.com\/presentation\/d\/1YswSiM_m58Rl6fBYxDyDCe95nj2x7lRV\/edit?usp=sharing&amp;ouid=104441285707294951888&amp;rtpof=true&amp;sd=true\">Barazia Racore dhe p\u00ebrfshirja e Rom\u00ebve<\/a><\/li>\r\n<li><a href=\"https:\/\/docs.google.com\/presentation\/d\/12wDK2niNmA6Z0Bz36GWYfdIRmFZMWqO7\/edit?usp=sharing&amp;ouid=104441285707294951888&amp;rtpof=true&amp;sd=true\">Barazia gjinore<\/a><\/li>\r\n<li><a href=\"https:\/\/docs.google.com\/presentation\/d\/1jEBeecNf8StXHmjSF4qrQQKGrYPCdJ47\/edit?usp=sharing&amp;ouid=104441285707294951888&amp;rtpof=true&amp;sd=true\">T\u00eb drejtat procedurale<\/a><\/li>\r\n<li><a href=\"https:\/\/docs.google.com\/presentation\/d\/1d2J98akrdK9sxgYmQGfvRGCPA__vcUcU\/edit?usp=sharing&amp;ouid=104441285707294951888&amp;rtpof=true&amp;sd=true\">T\u00eb drejtat e viktimave t\u00eb krimit<\/a><\/li>\r\n<li><a href=\"https:\/\/docs.google.com\/presentation\/d\/1GSUhXTkAgSHoVma1rLYpLGQ0NR1FlUkc\/edit?usp=sharing&amp;ouid=104441285707294951888&amp;rtpof=true&amp;sd=true\">Standardet e paraburgimit<\/a><\/li>\r\n<li><a href=\"https:\/\/docs.google.com\/presentation\/d\/19eIN0x-RfQaGNJoN6AQbVXzS_zuQZOBE\/edit?usp=sharing&amp;ouid=104441285707294951888&amp;rtpof=true&amp;sd=true\">Minoritetet<\/a><\/li>\r\n<li><a href=\"https:\/\/docs.google.com\/presentation\/d\/1Ce5IObpHN08rS_hOOKy-kXX0nWiks3_W\/edit?usp=sharing&amp;ouid=104441285707294951888&amp;rtpof=true&amp;sd=true\">Liria e t\u00eb Mbledhurit<\/a><\/li>\r\n<li><a href=\"https:\/\/docs.google.com\/presentation\/d\/1PuXaxp3z9EmSyuaZQZN6p7N6Ov26Qqz9\/edit?usp=sharing&amp;ouid=104441285707294951888&amp;rtpof=true&amp;sd=true\">Liria e Shprehjes<\/a><\/li>\r\n<li><a href=\"https:\/\/docs.google.com\/presentation\/d\/1z7b1Y1lot7GkUSzt-Dho2oQYGYK7Kphq\/edit?usp=sharing&amp;ouid=104441285707294951888&amp;rtpof=true&amp;sd=true\">Mbrojtja e t\u00eb dh\u00ebnave personale<\/a><\/li>\r\n<li><a href=\"https:\/\/docs.google.com\/presentation\/d\/1_iLHiwG7m_hHcgO3b2IlMYcTS67NRkhY\/edit?usp=sharing&amp;ouid=104441285707294951888&amp;rtpof=true&amp;sd=true\">T\u00eb drejtat e qytetar\u00ebve t\u00eb BE-s\u00eb<\/a><\/li>\r\n<li><a href=\"https:\/\/docs.google.com\/presentation\/d\/165eODyfEOqqwtgcab3hww5FAOleuLsWx\/edit?usp=sharing&amp;ouid=104441285707294951888&amp;rtpof=true&amp;sd=true\">T\u00eb drejtat e Personave me Aft\u00ebsi t\u00eb Kufizuara<\/a><\/li>\r\n<li><a href=\"https:\/\/drive.google.com\/file\/d\/1CWy1SEklQEmWBfJPzQ5y_P1zMj05B1fF\/view\">Mb\u00ebshtetja e autoriteteve gjyq\u00ebsore n\u00eb luft\u00eb kund\u00ebr<br \/>Trafikimit t\u00eb qenieve njer\u00ebzore<\/a><\/li>\r\n<\/ul>\r\n<p>[\/cl_text][cl_text custom_typography=&#8221;0&#8243; custom_responsive_992_bool=&#8221;0&#8243; custom_responsive_768_bool=&#8221;0&#8243; css_style=&#8221;margin-top:m|margin-bottom:m|margin-left:m|margin-right:m|padding-top:m|padding-bottom:m|padding-left:m|padding-right:m|border-top-width:0|border-bottom-width:0|border-left-width:0|border-right-width:0&#8243;]<\/p>\r\n<ul>\r\n<li><a href=\"https:\/\/drive.google.com\/file\/d\/1aafC_I1aYwg3NDCTe2k-c1n4O2G0MbX-\/view?usp=sharing\">RAPORTI NGA KOMISIONI P\u00cbR K\u00cbSHILLIN DHE PARLAMENTIN EVROPIAN \u2013 RAPORTI ANTI-KORRUPSION I BE-s\u00eb<\/a><\/li>\r\n<\/ul>\r\n<p>&nbsp;<\/p>\r\n<ul>\r\n<li><a href=\"https:\/\/drive.google.com\/file\/d\/10fMFdnQfkJnoIqN3GKNtxKqQNCSBWqmN\/view?usp=sharing\">KOMUNIKIM NGA KOMISIONI NE EVROPIAN<\/a><br \/><a href=\"https:\/\/drive.google.com\/file\/d\/10fMFdnQfkJnoIqN3GKNtxKqQNCSBWqmN\/view?usp=sharing\">PARLAMENTI, K\u00cbSHILLI, EKONOMIK DHE SOCIALE EVROPIAN<\/a><br \/><a href=\"https:\/\/drive.google.com\/file\/d\/10fMFdnQfkJnoIqN3GKNtxKqQNCSBWqmN\/view?usp=sharing\">KOMITETI DHE KOMITETI I RAJONEVE<\/a><br \/><a href=\"https:\/\/drive.google.com\/file\/d\/10fMFdnQfkJnoIqN3GKNtxKqQNCSBWqmN\/view?usp=sharing\">Raporti i Sundimit t\u00eb Ligjit 2021<\/a><br \/><a href=\"https:\/\/drive.google.com\/file\/d\/10fMFdnQfkJnoIqN3GKNtxKqQNCSBWqmN\/view?usp=sharing\">Situata e sundimit t\u00eb ligjit n\u00eb Bashkimin Evropian<\/a><\/li>\r\n<\/ul>\r\n<p>&nbsp;<\/p>\r\n<ul>\r\n<li><a href=\"https:\/\/drive.google.com\/file\/d\/1ygu08OR4rdzi4c9tUsA_mRwSaTwABNK2\/view?usp=sharing\">Eurobarometri special <\/a><br \/><a href=\"https:\/\/drive.google.com\/file\/d\/1ygu08OR4rdzi4c9tUsA_mRwSaTwABNK2\/view?usp=sharing\">Korrupsioni<\/a><\/li>\r\n<\/ul>\r\n<p>[\/cl_text][\/cl_column_inner][cl_column_inner width=&#8221;1\/2&#8243; inline_elements=&#8221;0&#8243; css_style=&#8221;padding-top:50px|padding-bottom:50px|padding-left:20px|padding-right:20px&#8221; background_color=&#8221;rgba(0,27,204,0.13)&#8221; background_image=&#8221;id:|mime:|url:&#8221;][cl_custom_heading parallel_divider=&#8221;0&#8243; custom_responsive_992_bool=&#8221;0&#8243; custom_responsive_768_bool=&#8221;0&#8243; css_style=&#8221;margin-top:35px|padding-bottom:35px&#8221;]<\/p>\r\n<p>LIGJE \/ VENDIM I K\u00cbSHILLIT T\u00cb MINISTRAVE \/ URDHRA DHE VENDIME T\u00cb INSTAT \/ REZOLUTA T\u00cb KUVENDIT T\u00cb SHQIP\u00cbRIS\u00cb<\/p>\r\n<p>[\/cl_custom_heading][cl_text custom_typography=&#8221;0&#8243; custom_responsive_992_bool=&#8221;0&#8243; custom_responsive_768_bool=&#8221;0&#8243; css_style=&#8221;margin-top:m|margin-bottom:m|margin-left:m|margin-right:m|padding-top:m|padding-bottom:m|padding-left:m|padding-right:m|border-top-width:0|border-bottom-width:0|border-left-width:0|border-right-width:0&#8243;]<\/p>\r\n<p><a href=\"https:\/\/drive.google.com\/file\/d\/1jgymbi5ezmm7TGTk0K390fOc8EcQEWuS\/view?usp=share_link\">Kodi Civil i Republik\u00ebs s\u00eb Shqip\u00ebris\u00eb<\/a><\/p>\r\n<p><a href=\"https:\/\/drive.google.com\/file\/d\/1EBiaN2_SJPKGip4x6C4jR5nJ66d0xoc7\/view?usp=share_link\">LIGJ Nr. 8116, dat\u00eb 29.3.1996<\/a><br \/><a href=\"https:\/\/drive.google.com\/file\/d\/1EBiaN2_SJPKGip4x6C4jR5nJ66d0xoc7\/view?usp=share_link\">KODI I PROCEDUR\u00cbS CIVILE I REPUBLIK\u00cbS S\u00cb SHQIP\u00cbRIS\u00cb<\/a><br \/><a href=\"https:\/\/drive.google.com\/file\/d\/1EBiaN2_SJPKGip4x6C4jR5nJ66d0xoc7\/view?usp=share_link\">(i p\u00ebrdit\u00ebsuar)<\/a><\/p>\r\n<p><a href=\"https:\/\/drive.google.com\/file\/d\/1YaRp4I7Hs7L7uyHuUGagQPYmI61dLvwT\/view?usp=share_link\">LIGJ Nr. 7895, dat\u00eb 27.1.1995<\/a><br \/><a href=\"https:\/\/drive.google.com\/file\/d\/1YaRp4I7Hs7L7uyHuUGagQPYmI61dLvwT\/view?usp=share_link\">KODI PENAL I REPUBLIK\u00cbS S\u00cb SHQIP\u00cbRIS\u00cb<\/a><br \/><a href=\"https:\/\/drive.google.com\/file\/d\/1YaRp4I7Hs7L7uyHuUGagQPYmI61dLvwT\/view?usp=share_link\">(i p\u00ebrdit\u00ebsuar)<\/a><\/p>\r\n<p><a href=\"https:\/\/drive.google.com\/file\/d\/11hu16AX_2aHgkWI9QW9ISJJCOJpHGD9u\/view?usp=share_link\">LIGJ Nr.7905, dat\u00eb 21.3.1995 KODI I PROCEDUR\u00cbS PENALE I REPUBLIK\u00cbS S\u00cb SHQIP\u00cbRIS\u00cb<\/a><br \/><a href=\"https:\/\/drive.google.com\/file\/d\/11hu16AX_2aHgkWI9QW9ISJJCOJpHGD9u\/view?usp=share_link\">( i p\u00ebrdit\u00ebsuar)<\/a><\/p>\r\n<p><a href=\"https:\/\/drive.google.com\/file\/d\/1iE8DAal_cXL6DlH_NHu8TeX6TIdi_cYQ\/view?usp=share_link\">PAKETA E LIGJEVE T\u00cb REFORM\u00cbS N\u00cb DREJT\u00cbSI<\/a><\/p>\r\n<p>[\/cl_text][\/cl_column_inner][cl_column_inner width=&#8221;1\/2&#8243; css_style=&#8221;padding-top:10px|padding-bottom:10px&#8221;][\/cl_column_inner][\/cl_row_inner][\/cl_column][\/cl_row][cl_row device_visibility=&#8221;`{`object Object`}`&#8221; css_style=&#8221;padding-top:25px|padding-bottom:25px&#8221;][cl_column device_visibility=&#8221;`{`object Object`}`&#8221; css_style=&#8221;padding-top:20px|padding-bottom:20px&#8221;][cl_custom_heading css_style=&#8221;margin-top:35px&#8221;]<\/p>\r\n<p>Dokumente politikash<\/p>\r\n<p>[\/cl_custom_heading][cl_row_inner css_style=&#8221;margin-top:35px&#8221;][cl_column_inner css_style=&#8221;padding-top:10px|padding-bottom:10px&#8221;][cl_text custom_typography=&#8221;0&#8243; custom_responsive_992_bool=&#8221;0&#8243; custom_responsive_768_bool=&#8221;0&#8243; css_style=&#8221;margin-top:m|margin-bottom:m|margin-left:m|margin-right:m|padding-top:m|padding-bottom:m|padding-left:m|padding-right:m|border-top-width:0|border-bottom-width:0|border-left-width:0|border-right-width:0&#8243;]<\/p>\r\n<p><strong><a href=\"http:\/\/cluster1albania.com\/sq\/procesi-i-vettingut-ne-kuader-te-detyrimeve-te-integrimit-ne-bashkimin-evropian\/\">PROCESI I VETTINGUT N\u00cb KUAD\u00cbR T\u00cb DETYRIMEVE T\u00cb INTEGRIMIT N\u00cb BASHKIMIN EVROPIAN<\/a><\/strong><br \/>Dr. Bojana Hajdini<br \/>Silvana Marku<\/p>\r\n<p><strong><a href=\"https:\/\/cluster1albania.com\/sq\/roli-i-spak-dhe-gjykatave-te-posacme-ne-drejtim-te-permiresimit-te-pergatitjes-se-vendit-per-antaresimin-ne-bashkimin-evropian\/\">Roli i SPAK dhe Gjykatave t\u00eb Posa\u00e7me n\u00eb drejtim t\u00eb p\u00ebrmir\u00ebsimit t\u00eb p\u00ebrgatitjes s\u00eb vendit p\u00ebr antar\u00ebsimin n\u00eb Bashkimin Evropian<\/a><\/strong><br \/>Mirsada Hallunaj<\/p>\r\n<p><strong><a href=\"http:\/\/cluster1albania.com\/sq\/veshtrim-ligjor-dhe-institucional-per-mbrojtjen-e-te-dhenave-personale-te-qytetareve-qe-administrohen-ne-databazat-e-administruara-nga-shteti-dhe-pajtueshmerine-e-tyre-me-acquis-communautaire\/\">V\u00ebshtrim ligjor dhe institucional p\u00ebr Mbrojtjen e t\u00eb Dh\u00ebnave Personale t\u00eb qytetar\u00ebve q\u00eb administrohen n\u00eb databazat e administruara nga shteti dhe pajtueshm\u00ebrin\u00eb e tyre me Acquis Communautaire<\/a><\/strong><br \/>Erida Sk\u00ebndaj<br \/>Jonida Rystemaj<\/p>\r\n<p>&nbsp;<\/p>\r\n<p>[\/cl_text][\/cl_column_inner][\/cl_row_inner][\/cl_column][\/cl_row]<\/p>","protected":false},"excerpt":{"rendered":"<p>[cl_row device_visibility=&#8221;`{`object Object`}`&#8221; css_style=&#8221;padding-top:25px|padding-bottom:25px&#8221;][cl_column device_visibility=&#8221;`{`object Object`}`&#8221; css_style=&#8221;padding-top:20px|padding-bottom:20px&#8221;][cl_custom_heading parallel_divider=&#8221;0&#8243; custom_responsive_992_bool=&#8221;0&#8243; custom_responsive_768_bool=&#8221;0&#8243; css_style=&#8221;margin-top:35px&#8221;] Kapitulli 23: Gjyq\u00ebsori dhe t\u00eb drejtat themelore [\/cl_custom_heading][cl_text css_style=&#8221;margin-top:35px&#8221;] Politikat e BE-s\u00eb n\u00eb fush\u00ebn e gjyq\u00ebsorit dhe t\u00eb drejtave themelore synojn\u00eb ruajtjen dhe zhvillimin e m\u00ebtejsh\u00ebm t\u00eb Bashkimit Evropian [&hellip;]<\/p>\n","protected":false},"author":1,"featured_media":0,"parent":0,"menu_order":0,"comment_status":"closed","ping_status":"closed","template":"","meta":{"footnotes":""},"class_list":["post-1381","page","type-page","status-publish","hentry"],"_links":{"self":[{"href":"http:\/\/cluster1albania.com\/sq\/wp-json\/wp\/v2\/pages\/1381","targetHints":{"allow":["GET"]}}],"collection":[{"href":"http:\/\/cluster1albania.com\/sq\/wp-json\/wp\/v2\/pages"}],"about":[{"href":"http:\/\/cluster1albania.com\/sq\/wp-json\/wp\/v2\/types\/page"}],"author":[{"embeddable":true,"href":"http:\/\/cluster1albania.com\/sq\/wp-json\/wp\/v2\/users\/1"}],"replies":[{"embeddable":true,"href":"http:\/\/cluster1albania.com\/sq\/wp-json\/wp\/v2\/comments?post=1381"}],"version-history":[{"count":14,"href":"http:\/\/cluster1albania.com\/sq\/wp-json\/wp\/v2\/pages\/1381\/revisions"}],"predecessor-version":[{"id":1950,"href":"http:\/\/cluster1albania.com\/sq\/wp-json\/wp\/v2\/pages\/1381\/revisions\/1950"}],"wp:attachment":[{"href":"http:\/\/cluster1albania.com\/sq\/wp-json\/wp\/v2\/media?parent=1381"}],"curies":[{"name":"wp","href":"https:\/\/api.w.org\/{rel}","templated":true}]}}