{"id":1382,"date":"2021-09-27T15:10:53","date_gmt":"2021-09-27T15:10:53","guid":{"rendered":"http:\/\/cluster1albania.com\/?page_id=1382"},"modified":"2023-04-18T18:45:20","modified_gmt":"2023-04-18T18:45:20","slug":"kapitulli-24","status":"publish","type":"page","link":"http:\/\/cluster1albania.com\/sq\/kapitulli-24\/","title":{"rendered":"Chapter 24"},"content":{"rendered":"[cl_row fullheight=&#8221;0&#8243; custom_width_bool=&#8221;0&#8243; equal_height=&#8221;0&#8243; row_disabled=&#8221;0&#8243; video_loop=&#8221;0&#8243; device_visibility=&#8221;0:none_&#8221; css_style=&#8221;padding-top:25px&#8221; parallax=&#8221;0&#8243; arrow_top=&#8221;0&#8243; arrow_bottom=&#8221;0&#8243; background_image=&#8221;id:|mime:|url:&#8221;][cl_column device_visibility=&#8221;`{`object Object`}`&#8221; css_style=&#8221;padding-top:20px|padding-bottom:20px&#8221;][cl_custom_heading parallel_divider=&#8221;0&#8243; custom_responsive_992_bool=&#8221;0&#8243; custom_responsive_768_bool=&#8221;0&#8243; css_style=&#8221;margin-top:35px&#8221;]Kapitulli 24: Drejtesia, Liria, Siguria[\/cl_custom_heading][cl_text css_style=&#8221;margin-top:35px&#8221;]\r\n\r\nPolitikat e BE-s\u00eb p\u00ebr k\u00ebt\u00eb kapitull synojn\u00eb t\u00eb ruajn\u00eb dhe zhvillojn\u00eb m\u00eb tej Bashkimin Evropian si nj\u00eb zon\u00eb lirie, sigurie dhe drejt\u00ebsie. P\u00ebr \u00e7\u00ebshtje t\u00eb tilla si kontrolli kufitar, vizat, migracioni i jasht\u00ebm, azili, bashk\u00ebpunimi policor, lufta kund\u00ebr krimit t\u00eb organizuar dhe kund\u00ebr terrorizmit, bashk\u00ebpunimi n\u00eb fush\u00ebn e drog\u00ebs, bashk\u00ebpunimi doganor dhe bashk\u00ebpunimi gjyq\u00ebsor n\u00eb \u00e7\u00ebshtjet penale dhe civile, shtetet an\u00ebtare duhet t\u00eb marrin masat e duhura ne legjislacionin e brendshem p\u00ebr t\u00eb zbatuar n\u00eb m\u00ebnyr\u00eb adekuate korniz\u00ebn n\u00eb rritje t\u00eb rregullave t\u00eb p\u00ebrbashk\u00ebta. Mbi t\u00eb gjitha, kjo k\u00ebrkon nj\u00eb kapacitet administrativ t\u00eb fort\u00eb dhe t\u00eb mir\u00ebintegruar brenda agjencive ligjzbatuese dhe organeve t\u00eb tjera p\u00ebrkat\u00ebse, t\u00eb cilat duhet t\u00eb arrijn\u00eb standardet e nevojshme. Nj\u00eb organizat\u00eb policore profesionale, e besueshme dhe efikase \u00ebsht\u00eb e nj\u00eb r\u00ebnd\u00ebsie t\u00eb madhe. Pjesa m\u00eb e detajuar e politikave t\u00eb BE-s\u00eb p\u00ebr drejt\u00ebsin\u00eb, lirin\u00eb dhe sigurin\u00eb \u00ebsht\u00eb acquis e Shengenit, e cila p\u00ebrfshin heqjen e kontrolleve t\u00eb kufijve t\u00eb brendsh\u00ebm n\u00eb BE. Megjithat\u00eb, p\u00ebr Shtetet e reja An\u00ebtare, pjes\u00eb t\u00eb konsiderueshme t\u00eb acquis t\u00eb Shengenit zbatohen pas nj\u00eb vendimi t\u00eb ve\u00e7ant\u00eb t\u00eb K\u00ebshillit q\u00eb do t\u00eb merret pas aderimit.\r\n\r\n1. Lufta kund\u00ebr krimit t\u00eb organizuar dhe terrorizmit\r\n2. Bashk\u00ebpunimi n\u00eb luft\u00ebn kund\u00ebr narkotikeve\r\n3. Migrimi legal dhe i parregullt\r\n4. Politika e azilit dhe vizave\r\n5. Shengeni dhe kufijt\u00eb e jasht\u00ebm\r\n6. Bashk\u00ebpunimi gjyq\u00ebsor n\u00eb \u00e7\u00ebshtjet civile dhe tregtare\r\n\r\n\r\n\r\n[\/cl_text][\/cl_column][\/cl_row][cl_row device_visibility=&#8221;`{`object Object`}`&#8221; css_style=&#8221;padding-top:25px|padding-bottom:25px&#8221;][cl_column device_visibility=&#8221;`{`object Object`}`&#8221; css_style=&#8221;padding-top:20px|padding-bottom:20px&#8221;][cl_row_inner css_style=&#8221;margin-top:35px&#8221;][cl_column_inner width=&#8221;1\/2&#8243; inline_elements=&#8221;0&#8243; css_style=&#8221;padding-top:50px|padding-bottom:50px|padding-left:20px|padding-right:20px&#8221; background_color=&#8221;#eaeaea&#8221; background_image=&#8221;id:|mime:|url:&#8221;][cl_custom_heading parallel_divider=&#8221;0&#8243; custom_responsive_992_bool=&#8221;0&#8243; custom_responsive_768_bool=&#8221;0&#8243; css_style=&#8221;margin-top:35px&#8221;]Rregullore dhe direktiva te Keshillit dhe Parlamentit, Vendime te Komisionit Evropian, Vendime te Gjykates Evropiane te Drejtesise, Rekomandime te Komisionit Evropian[\/cl_custom_heading][cl_text custom_typography=&#8221;0&#8243; custom_responsive_992_bool=&#8221;0&#8243; custom_responsive_768_bool=&#8221;0&#8243; css_style=&#8221;margin-top:35px&#8221;]\r\n<ul>\r\n \t<li><a href=\"https:\/\/docs.google.com\/presentation\/d\/1GzHUOlKu4mTqAPSzu76Mw3eYZosHaob_\/edit?usp=sharing&amp;ouid=104441285707294951888&amp;rtpof=true&amp;sd=true\">Migrimi legal<\/a><\/li>\r\n \t<li><a href=\"https:\/\/docs.google.com\/presentation\/d\/1THsezlHgFdlq8BPqtyQb-5NIU4uTTEd7\/edit?usp=sharing&amp;ouid=104441285707294951888&amp;rtpof=true&amp;sd=true\">Parandalimi dhe luftia ndaj krimit t\u00eb organizuar<\/a><\/li>\r\n \t<li><a href=\"https:\/\/docs.google.com\/presentation\/d\/1fvmyj24ojFMMikqdDGczh7IIs3CRaUro\/edit?usp=sharing&amp;ouid=104441285707294951888&amp;rtpof=true&amp;sd=true\">Njohja e nd\u00ebrsjell\u00eb n\u00eb \u00e7\u00ebshtjet penale<\/a><\/li>\r\n \t<li><a href=\"https:\/\/drive.google.com\/file\/d\/1p36bfWPYKSUPrqWyf0oHasnkFeMkHWeC\/view?usp=sharing\">Ripranimi i kthimit t\u00eb migracionit t\u00eb parregullt<\/a><\/li>\r\n \t<li><a href=\"https:\/\/drive.google.com\/file\/d\/1NyoVbtNlzBK2xbb65v07x-Ze63nMNmvH\/view?usp=sharing\">Regjistrimet e emrave t\u00eb pasagjer\u00ebve Direktiva PNR 2016\/681<\/a><\/li>\r\n \t<li><a href=\"https:\/\/docs.google.com\/presentation\/d\/15xHRNhW7-hUHLpVtGEsDCQUam99njXZ-\/edit?usp=sharing&amp;ouid=104441285707294951888&amp;rtpof=true&amp;sd=true\">Sistemi i P\u00ebrbashk\u00ebt Evropian i Azilit_ECAS<\/a><\/li>\r\n \t<li><a href=\"https:\/\/docs.google.com\/presentation\/d\/16oEh_OgtB6mX7lxkJWxswKs0XWmodzvD\/edit?usp=sharing&amp;ouid=104441285707294951888&amp;rtpof=true&amp;sd=true\">Bashk\u00ebpunimi policor<\/a><\/li>\r\n \t<li><a href=\"https:\/\/docs.google.com\/presentation\/d\/1yQPhWC3vpOkVWR0LGtG1Tk4uNtgHS9lO\/edit?usp=sharing&amp;ouid=104441285707294951888&amp;rtpof=true&amp;sd=true\">Ndihma financiare e dedikuar e BE-s\u00eb p\u00ebr\r\n&#8211; azil dhe kthim\r\n&#8211; menaxhimi i kufirit\r\n&#8211; bashk\u00ebpunimi dhe siguria policore<\/a><\/li>\r\n \t<li><a href=\"https:\/\/docs.google.com\/presentation\/d\/1jU4aBFy-vkN1I_9TRQ4DLF748LUsuxRg\/edit?usp=sharing&amp;ouid=104441285707294951888&amp;rtpof=true&amp;sd=true\">EUROPOL\r\nAgjencia e Bashkimit Evropian p\u00ebr Bashk\u00ebpunim n\u00eb Zbatimin e Ligjit <\/a><\/li>\r\n \t<li><a href=\"https:\/\/docs.google.com\/presentation\/d\/1i3OePESab6JZr59iR3wKX9_4T-1yzU7P\/edit?usp=sharing&amp;ouid=104441285707294951888&amp;rtpof=true&amp;sd=true\">Njohja reciproke e urdhrave t\u00eb skuestrimit dhe konfiskimit<\/a><\/li>\r\n \t<li><a href=\"https:\/\/docs.google.com\/presentation\/d\/1VDG-QQ_-d2FU_C7dWmaJ3pfc7g22GDqM\/edit?usp=sharing&amp;ouid=104441285707294951888&amp;rtpof=true&amp;sd=true\">Bashk\u00ebpunimi gjyq\u00ebsor &#8211; brenda Bashkimit Evropian dhe me vendet e tjera<\/a><\/li>\r\n \t<li><a href=\"https:\/\/docs.google.com\/presentation\/d\/1E6b5SQlO_mnmP2z66JsaN8ZIG1mtb90l\/edit?usp=sharing&amp;ouid=104441285707294951888&amp;rtpof=true&amp;sd=true\">CEPOL Agjencia e Bashkimit Evropian p\u00ebr Trajnimin e Zbatimit t\u00eb Ligjit<\/a><\/li>\r\n \t<li><a href=\"https:\/\/docs.google.com\/presentation\/d\/13pT4QSBAMk2kuIa9qCH5qV7VaEXHNwau\/edit?usp=sharing&amp;ouid=104441285707294951888&amp;rtpof=true&amp;sd=true\">Sistemi i Informacionit Shengen (SIS) Sistemi i hyrjes\/daljes (EES) ETIAS<\/a><\/li>\r\n \t<li><a href=\"https:\/\/docs.google.com\/presentation\/d\/16DJuTNA0F1cCuL8K2vhkRZPGKigzbBHn\/edit?usp=sharing&amp;ouid=104441285707294951888&amp;rtpof=true&amp;sd=true\">KRIMI KIBERNETIK DHE SHFRYT\u00cbZIMI SEKSUAL I F\u00cbMIJ\u00cbVE<\/a><\/li>\r\n \t<li><a href=\"https:\/\/docs.google.com\/presentation\/d\/1g7a7fBSj7u3ccgXHRWYTfgM7I7GPTZxd\/edit?usp=sharing&amp;ouid=104441285707294951888&amp;rtpof=true&amp;sd=true\">Shengen dhe Trafiku Kufitar Lokal<\/a><\/li>\r\n \t<li><a href=\"https:\/\/docs.google.com\/presentation\/d\/1WjdMmU_welJe9y7bWIkAAmbzyZvYBe8g\/edit?usp=sharing&amp;ouid=104441285707294951888&amp;rtpof=true&amp;sd=true\">Sistemet Evropiane t\u00eb Mbik\u00ebqyrjes Kufitare (EUROSUR)<\/a><\/li>\r\n \t<li><a href=\"https:\/\/docs.google.com\/presentation\/d\/1aMPyBbE2HsPg5nLZ_w1D27y8dcQLXfQj\/edit?usp=sharing&amp;ouid=104441285707294951888&amp;rtpof=true&amp;sd=true\">Rregullorja (BE) 2016\/1624 e dat\u00ebs 14 shtator 2016 mbi\r\nRoja Kufitare dhe Bregdetare Evropiane<\/a><\/li>\r\n \t<li><a href=\"https:\/\/docs.google.com\/presentation\/d\/1uaD_37RG4uPzzf9VTGTavtBAv9Nq_WXE\/edit?usp=sharing&amp;ouid=104441285707294951888&amp;rtpof=true&amp;sd=true\">Acquis p\u00ebr arm\u00ebt e zjarrit&lt;\/strong<\/a><\/li>\r\n \t<li><a href=\"https:\/\/docs.google.com\/presentation\/d\/140VoXm6WIwXKUFKuIoIp_eAe460zlbYo\/edit?usp=sharing&amp;ouid=104441285707294951888&amp;rtpof=true&amp;sd=true\">Trafikimi i Qenieve Njer\u00ebzore <\/a><\/li>\r\n \t<li><a href=\"https:\/\/docs.google.com\/presentation\/d\/14y5NYZi4FLE4ISctH7og4zkYO074DkDR\/edit?usp=sharing&amp;ouid=104441285707294951888&amp;rtpof=true&amp;sd=true\">Siguria e vizave dhe dokumenteve<\/a><\/li>\r\n \t<li><a href=\"https:\/\/docs.google.com\/presentation\/d\/1EvwQLXptL8NJoZuzV6P7BRy3ZT4rHJIM\/edit?usp=sharing&amp;ouid=104441285707294951888&amp;rtpof=true&amp;sd=true\">BASHK\u00cbPUNIMI I DROG\u00cbS \/ LUFTIMI I DROG\u00cbS <\/a><\/li>\r\n \t<li><a href=\"https:\/\/docs.google.com\/presentation\/d\/1nhDoje77BV8L4mN1oGwtLTRSunC0ZwOq\/edit?usp=sharing&amp;ouid=104441285707294951888&amp;rtpof=true&amp;sd=true\">Protection of the Euro against Counterfeiting by European Criminal law<\/a><\/li>\r\n \t<li><a href=\"https:\/\/docs.google.com\/presentation\/d\/1B7DmuXnwwfeP22IkfWbIMCUd03NEkLjC\/edit?usp=sharing&amp;ouid=104441285707294951888&amp;rtpof=true&amp;sd=true\">Mbrojtja e euros kund\u00ebr falsifikimit sipas ligjit penal evropian. Konfiskimi<\/a><\/li>\r\n \t<li><a href=\"https:\/\/docs.google.com\/presentation\/d\/1lpk6ocFwrGcy6zHdfTZlNkwYMHF7fCPo\/edit?usp=sharing&amp;ouid=104441285707294951888&amp;rtpof=true&amp;sd=true\">EUROJUST<\/a><\/li>\r\n \t<li><a href=\"https:\/\/docs.google.com\/presentation\/d\/13BdXCh0PX96yTXWXoaHDu7CMyaxEdKPo\/edit?usp=sharing&amp;ouid=104441285707294951888&amp;rtpof=true&amp;sd=true\">LUFTA KUND\u00cbR TERORIZMIT<\/a><\/li>\r\n<\/ul>\r\n[\/cl_text][cl_text custom_typography=&#8221;0&#8243; custom_responsive_992_bool=&#8221;0&#8243; custom_responsive_768_bool=&#8221;0&#8243; css_style=&#8221;margin-top:m|margin-bottom:m|margin-left:m|margin-right:m|padding-top:m|padding-bottom:m|padding-left:m|padding-right:m|border-top-width:0|border-bottom-width:0|border-left-width:0|border-right-width:0&#8243;]\r\n<ul>\r\n \t<li><a href=\"https:\/\/docs.google.com\/presentation\/d\/1vNlTznjdvPgQnnD32QutR8y_gBcPsLSK\/edit?usp=sharing&amp;ouid=104441285707294951888&amp;rtpof=true&amp;sd=true\">ECRIS &#8211; Sistemi Evropian i Informacionit t\u00eb t\u00eb Dh\u00ebnave Penale<\/a><\/li>\r\n \t<li><a href=\"https:\/\/docs.google.com\/presentation\/d\/1KXzo6cAnBDdGz_zgiqGXimxV6SSlFRQY\/edit?usp=sharing&amp;ouid=104441285707294951888&amp;rtpof=true&amp;sd=true\">EPPO &#8211; Rregullorja 2017\/1939 Zyra e Prokurorit Publik Evropian<\/a><\/li>\r\n \t<li><a href=\"https:\/\/docs.google.com\/presentation\/d\/1RaKSIJVpDgbjpmOS_MMoG8zY8peYEnet\/edit?usp=sharing&amp;ouid=104441285707294951888&amp;rtpof=true&amp;sd=true\">Direktiva 2008\/52 \/ KE p\u00ebr disa aspekte t\u00eb nd\u00ebrmjet\u00ebsimit n\u00eb \u00e7\u00ebshtjet civile dhe tregtare<\/a><\/li>\r\n \t<li><a href=\"https:\/\/docs.google.com\/presentation\/d\/1QzC1TfQ7FjNviR18EaPOqQUEET62QDzV\/edit?usp=sharing&amp;ouid=104441285707294951888&amp;rtpof=true&amp;sd=true\">Direktiva e K\u00ebshillit 2003\/8 \/ KE p\u00ebr t\u00eb p\u00ebrmir\u00ebsuar aksesin n\u00eb drejt\u00ebsi n\u00eb mosmarr\u00ebveshjet nd\u00ebrkufitare<\/a><\/li>\r\n \t<li><a href=\"https:\/\/docs.google.com\/presentation\/d\/1O--HQUxG2FEu2g6TWP3a2IQPkIs5qt0T\/edit?usp=sharing&amp;ouid=104441285707294951888&amp;rtpof=true&amp;sd=true\">Rregullorja Roma I dhe Konventa e Rom\u00ebs mbi ligjin e zbatuesh\u00ebm p\u00ebr detyrimet kontraktuale<\/a><\/li>\r\n \t<li><a href=\"https:\/\/docs.google.com\/presentation\/d\/11Y4JiFNFIs9HukFfXOURFej9qa51SRon\/edit?usp=sharing&amp;ouid=104441285707294951888&amp;rtpof=true&amp;sd=true\">Rregullorja 864\/2007 mbi ligjin e zbatuesh\u00ebm p\u00ebr detyrimet jasht\u00ebkontraktore (Roma II)<\/a><\/li>\r\n \t<li><a href=\"https:\/\/docs.google.com\/presentation\/d\/1KG6VR_TRn-IUTS_jYtc8thlpk2vMNbEJ\/edit?usp=sharing&amp;ouid=104441285707294951888&amp;rtpof=true&amp;sd=true\">Rregullorja 1393\/2007 p\u00ebr dor\u00ebzimin e dokumenteve n\u00eb \u00e7\u00ebshtjet civile dhe tregtare<\/a><\/li>\r\n \t<li><a href=\"https:\/\/docs.google.com\/presentation\/d\/1ybtRs9JEj-6kYKMp8ZxVEvN4N0LFXYBJ\/edit?usp=sharing&amp;ouid=104441285707294951888&amp;rtpof=true&amp;sd=true\">Rregullorja e BE-s\u00eb 1206\/2001 p\u00ebr marrjen e provave<\/a><\/li>\r\n \t<li><a href=\"https:\/\/docs.google.com\/presentation\/d\/1nFVp1MN6fu8mkGpE9yn0K657gLdpEVYX\/edit?usp=sharing&amp;ouid=104441285707294951888&amp;rtpof=true&amp;sd=true\">Rregullorja e BE-s\u00eb p\u00ebr Falimentimin<\/a><\/li>\r\n \t<li><a href=\"https:\/\/docs.google.com\/presentation\/d\/1q74a10NTJDFVyK9Jp-e2wCKtHFYy6NmW\/edit?usp=sharing&amp;ouid=104441285707294951888&amp;rtpof=true&amp;sd=true\">Rregullorja e Brukselit I (Rregullorja 1215\/2012)<\/a><\/li>\r\n \t<li><a href=\"https:\/\/docs.google.com\/presentation\/d\/14SnRBm8O-EJ_dlyf6dHeMBslR2G1miHt\/edit?usp=sharing&amp;ouid=104441285707294951888&amp;rtpof=true&amp;sd=true\">Rregullorja (EC) Nr. 805\/2004 e dat\u00ebs 21 Prill 2004 q\u00eb krijon nj\u00eb Urdh\u00ebr Ekzekutimi Evropian p\u00ebr k\u00ebrkesat e pakontestueshme<\/a><\/li>\r\n \t<li><a href=\"https:\/\/docs.google.com\/presentation\/d\/1rdSZFiyqzqtvNi1st9-jZCf47ZoT0kPY\/edit?usp=sharing&amp;ouid=104441285707294951888&amp;rtpof=true&amp;sd=true\">Rregullorja (EC) Nr. 1896\/2006 e Parlamentit Evropian dhe e K\u00ebshillit e dat\u00ebs 12 dhjetor 2006 q\u00eb krijon nj\u00eb procedur\u00eb evropiane t\u00eb urdhrit p\u00ebr pages\u00eb <\/a><\/li>\r\n \t<li><a href=\"https:\/\/docs.google.com\/presentation\/d\/1Q7Fw29YHGlwfynINdYrhMzMbmopSJVgo\/edit?usp=sharing&amp;ouid=104441285707294951888&amp;rtpof=true&amp;sd=true\">European Small Claims Procedure<\/a><\/li>\r\n \t<li><a href=\"https:\/\/docs.google.com\/presentation\/d\/1QSznfNHIEU8c2hly7JTY0rSmK2emBpOA\/edit?usp=sharing&amp;ouid=104441285707294951888&amp;rtpof=true&amp;sd=true\">Rregullorja evropiane e urdhrit t\u00eb ruajtjes s\u00eb llogaris\u00eb<\/a><\/li>\r\n \t<li><a href=\"https:\/\/docs.google.com\/presentation\/d\/1p1WDvtNJArzALBw1jTaGbOaaOMsKRUrz\/edit?usp=sharing&amp;ouid=104441285707294951888&amp;rtpof=true&amp;sd=true\">Rregullorja e Brukselit IIa (2201\/2003)<\/a><\/li>\r\n \t<li><a href=\"https:\/\/docs.google.com\/presentation\/d\/16FcGFL-WoFQ8N5Q2Aawn39ibjdxmcljB\/edit?usp=sharing&amp;ouid=104441285707294951888&amp;rtpof=true&amp;sd=true\">Maintenance Regulation<\/a><\/li>\r\n \t<li><a href=\"https:\/\/docs.google.com\/presentation\/d\/1bhJm0p9gWi5Zi6GsvoS6lG5dsyHQUDBz\/edit?usp=sharing&amp;ouid=104441285707294951888&amp;rtpof=true&amp;sd=true\">Ligji i zbatuesh\u00ebm p\u00ebr divorcin dhe ndarjen ME NATYRE LEGAKE <\/a>\r\n<a href=\"https:\/\/docs.google.com\/presentation\/d\/1bhJm0p9gWi5Zi6GsvoS6lG5dsyHQUDBz\/edit?usp=sharing&amp;ouid=104441285707294951888&amp;rtpof=true&amp;sd=true\">(Roma III)<\/a><\/li>\r\n \t<li><\/li>\r\n \t<li><a href=\"https:\/\/docs.google.com\/presentation\/d\/1tHggK7E_QjgWq2F8xMocNIF07IKVXOQw\/edit?usp=sharing&amp;ouid=104441285707294951888&amp;rtpof=true&amp;sd=true\">Konventat e Hag\u00ebs p\u00ebr t\u00eb drejt\u00ebn familjare <\/a><\/li>\r\n \t<li><a href=\"https:\/\/docs.google.com\/presentation\/d\/1slBhv95-7138aHHTj9cmuCb_JaW1czg4\/edit?usp=sharing&amp;ouid=104441285707294951888&amp;rtpof=true&amp;sd=true\">Bashk\u00ebpunimi gjyq\u00ebsor n\u00eb \u00e7\u00ebshtjet civile<\/a><\/li>\r\n \t<li><a href=\"https:\/\/docs.google.com\/presentation\/d\/1nfzVPO7XUJ7HwTfmrYcWfLfLyGbP0laj\/edit?usp=sharing&amp;ouid=104441285707294951888&amp;rtpof=true&amp;sd=true\">Rregullorja e Suksedimit t\u00eb Bashkimit Evropian<\/a>\r\n<a href=\"https:\/\/docs.google.com\/presentation\/d\/1nfzVPO7XUJ7HwTfmrYcWfLfLyGbP0laj\/edit?usp=sharing&amp;ouid=104441285707294951888&amp;rtpof=true&amp;sd=true\"> Thjeshtimi i qarkullimit t\u00eb dokumenteve publike n\u00eb BE<\/a><\/li>\r\n \t<li><a href=\"https:\/\/docs.google.com\/presentation\/d\/1WmwLV1XQP6pBa2Z-f15lrjrdJLm3hKx4\/edit?usp=sharing&amp;ouid=104441285707294951888&amp;rtpof=true&amp;sd=true\">Rrjeti Gjyq\u00ebsor Evropian n\u00eb \u00e7\u00ebshtjet civile dhe tregtare<\/a><\/li>\r\n \t<li><a href=\"https:\/\/docs.google.com\/document\/d\/1A2_3PRePwOg3pVNYKSUDqVcg9Hhjpw_7\/edit?usp=sharing&amp;ouid=104441285707294951888&amp;rtpof=true&amp;sd=true\">KOMUNIKIMI NGA KOMISIONI P\u00cbR PARLAMENTIN EVROPIAN, K\u00cbSHILLIN, KOMISIONIN EKONOMIK DHE SOCIALE EVROPIAN DHE KOMISIONIN E RAJONEVE P\u00cbR NJ\u00cb PAKT T\u00cb RI P\u00cbR MIGRACIONIN DHE AZILIN<\/a><\/li>\r\n \t<li><a href=\"https:\/\/drive.google.com\/file\/d\/1UKGIIRHksYW0BriAOSrCWua83yUh-Db0\/view?usp=sharing\">Marr\u00ebveshje nd\u00ebrmjet Komunitetit Evropian dhe Republik\u00ebs s\u00eb Shqip\u00ebris\u00eb p\u00ebr leht\u00ebsimin e dh\u00ebnies s\u00eb vizave<\/a><\/li>\r\n \t<li><a href=\"https:\/\/drive.google.com\/file\/d\/1E5ag155veWDpFglqHCUIiVMVki4oVhpP\/view?usp=sharing\">NJOFTIMET NGA INSTITUCIONET, ORGANET, ZYRAT DHE AGJENSITE E BASHKIMIT EVROPIAN<\/a><\/li>\r\n<\/ul>\r\n[\/cl_text][\/cl_column_inner][cl_column_inner width=&#8221;1\/2&#8243; css_style=&#8221;padding-top:10px|padding-bottom:10px&#8221;][\/cl_column_inner][\/cl_row_inner][\/cl_column][\/cl_row][cl_row device_visibility=&#8221;`{`object Object`}`&#8221; css_style=&#8221;padding-top:25px|padding-bottom:25px&#8221;][cl_column device_visibility=&#8221;`{`object Object`}`&#8221; css_style=&#8221;padding-top:20px|padding-bottom:20px&#8221;][cl_custom_heading parallel_divider=&#8221;0&#8243; custom_responsive_992_bool=&#8221;0&#8243; custom_responsive_768_bool=&#8221;0&#8243; css_style=&#8221;margin-top:35px&#8221;]Dokumente Politikash[\/cl_custom_heading][cl_row_inner css_style=&#8221;margin-top:35px&#8221;][cl_column_inner css_style=&#8221;padding-top:10px|padding-bottom:10px&#8221;][cl_text custom_typography=&#8221;0&#8243; custom_responsive_992_bool=&#8221;0&#8243; custom_responsive_768_bool=&#8221;0&#8243; css_style=&#8221;margin-top:35px&#8221;]<strong><a href=\"http:\/\/cluster1albania.com\/sq\/sfidat-e-shqiperise-ne-adresimin-efektiv-te-krimit-te-organizuar\/\">Sfidat e Shqip\u00ebris\u00eb n\u00eb adresimin efektiv t\u00eb krimit t\u00eb organizuar: Zhvillimi i nj\u00eb kuadri strategjik efektiv dhe t\u00eb p\u00ebrmir\u00ebsuar n\u00eb p\u00ebrputhje me qasjen e Bashkimit Evropian<\/a><\/strong>\r\nMirsada Hallunaj\r\n\r\n<strong><a href=\"https:\/\/cluster1albania.com\/sq\/roli-i-spak-dhe-gjykatave-te-posacme-ne-drejtim-te-permiresimit-te-pergatitjes-se-vendit-per-antaresimin-ne-bashkimin-evropian\/\">Roli i SPAK dhe Gjykatave t\u00eb Posa\u00e7me n\u00eb drejtim t\u00eb p\u00ebrmir\u00ebsimit t\u00eb p\u00ebrgatitjes s\u00eb vendit p\u00ebr antar\u00ebsimin n\u00eb Bashkimin Evropian<\/a><\/strong>\r\nMirsada Hallunaj\r\n\r\n<strong><a href=\"https:\/\/cluster1albania.com\/sq\/pastrimi-i-parave-ne-kontekstin-e-amnistise-fiskale-dhe-penale-qendrime-te-ais-analize-dhe-konkluzione\/\">Pastrimi i Parave n\u00eb Kontekstin e Amnistis\u00eb Fiskale dhe Penale, q\u00ebndrime t\u00eb AIS, analiz\u00eb dhe konkluzione<\/a><\/strong>\r\nAIS[\/cl_text][\/cl_column_inner][\/cl_row_inner][\/cl_column][\/cl_row]<!-- \/wp:post-content -->","protected":false},"excerpt":{"rendered":"<p>[cl_row fullheight=&#8221;0&#8243; custom_width_bool=&#8221;0&#8243; equal_height=&#8221;0&#8243; row_disabled=&#8221;0&#8243; video_loop=&#8221;0&#8243; device_visibility=&#8221;0:none_&#8221; css_style=&#8221;padding-top:25px&#8221; parallax=&#8221;0&#8243; arrow_top=&#8221;0&#8243; arrow_bottom=&#8221;0&#8243; background_image=&#8221;id:|mime:|url:&#8221;][cl_column device_visibility=&#8221;`{`object Object`}`&#8221; css_style=&#8221;padding-top:20px|padding-bottom:20px&#8221;][cl_custom_heading parallel_divider=&#8221;0&#8243; custom_responsive_992_bool=&#8221;0&#8243; custom_responsive_768_bool=&#8221;0&#8243; css_style=&#8221;margin-top:35px&#8221;]Kapitulli 24: Drejtesia, Liria, Siguria[\/cl_custom_heading][cl_text css_style=&#8221;margin-top:35px&#8221;] Politikat e BE-s\u00eb p\u00ebr k\u00ebt\u00eb kapitull synojn\u00eb t\u00eb ruajn\u00eb dhe zhvillojn\u00eb m\u00eb tej Bashkimin Evropian si [&hellip;]<\/p>\n","protected":false},"author":1,"featured_media":0,"parent":0,"menu_order":0,"comment_status":"closed","ping_status":"closed","template":"","meta":{"footnotes":""},"class_list":["post-1382","page","type-page","status-publish","hentry"],"_links":{"self":[{"href":"http:\/\/cluster1albania.com\/sq\/wp-json\/wp\/v2\/pages\/1382","targetHints":{"allow":["GET"]}}],"collection":[{"href":"http:\/\/cluster1albania.com\/sq\/wp-json\/wp\/v2\/pages"}],"about":[{"href":"http:\/\/cluster1albania.com\/sq\/wp-json\/wp\/v2\/types\/page"}],"author":[{"embeddable":true,"href":"http:\/\/cluster1albania.com\/sq\/wp-json\/wp\/v2\/users\/1"}],"replies":[{"embeddable":true,"href":"http:\/\/cluster1albania.com\/sq\/wp-json\/wp\/v2\/comments?post=1382"}],"version-history":[{"count":16,"href":"http:\/\/cluster1albania.com\/sq\/wp-json\/wp\/v2\/pages\/1382\/revisions"}],"predecessor-version":[{"id":1952,"href":"http:\/\/cluster1albania.com\/sq\/wp-json\/wp\/v2\/pages\/1382\/revisions\/1952"}],"wp:attachment":[{"href":"http:\/\/cluster1albania.com\/sq\/wp-json\/wp\/v2\/media?parent=1382"}],"curies":[{"name":"wp","href":"https:\/\/api.w.org\/{rel}","templated":true}]}}