{"id":1383,"date":"2021-09-27T15:11:17","date_gmt":"2021-09-27T15:11:17","guid":{"rendered":"http:\/\/cluster1albania.com\/?page_id=1383"},"modified":"2023-04-18T19:09:52","modified_gmt":"2023-04-18T19:09:52","slug":"kapitulli-32","status":"publish","type":"page","link":"http:\/\/cluster1albania.com\/sq\/kapitulli-32\/","title":{"rendered":"Kapitulli 32"},"content":{"rendered":"<p>[cl_row device_visibility=&#8221;`{`object Object`}`&#8221; css_style=&#8221;padding-top:25px|padding-bottom:25px&#8221;][cl_column device_visibility=&#8221;`{`object Object`}`&#8221; css_style=&#8221;padding-top:20px|padding-bottom:20px&#8221;][cl_custom_heading parallel_divider=&#8221;0&#8243; custom_responsive_992_bool=&#8221;0&#8243; custom_responsive_768_bool=&#8221;0&#8243; css_style=&#8221;margin-top:35px&#8221;]Kapitulli 32: Kontrolli Financiar[\/cl_custom_heading][cl_text css_style=&#8221;margin-top:35px&#8221;]<\/p>\n<p>Acquis p\u00ebr k\u00ebt\u00eb kapitull lidhet me miratimin e kornizave dhe standardeve t\u00eb njohura nd\u00ebrkomb\u00ebtarisht, si dhe me praktik\u00ebn e mir\u00eb t\u00eb BE-s\u00eb, p\u00ebr kontrollin e brendsh\u00ebm financiar publik (PIFC), bazuar n\u00eb parimin e llogaridh\u00ebnies s\u00eb decentralizuar menaxheriale. PIFC duhet t\u00eb zbatohet n\u00eb t\u00eb gjith\u00eb sektorin publik dhe t\u00eb p\u00ebrfshij\u00eb kontrollin e brendsh\u00ebm t\u00eb menaxhimit financiar t\u00eb fondeve komb\u00ebtare dhe t\u00eb BE-s\u00eb. N\u00eb ve\u00e7anti, acquis k\u00ebrkon ekzistenc\u00ebn e sistemeve efektive dhe transparente t\u00eb menaxhimit, duke p\u00ebrfshir\u00eb marr\u00ebveshjet e llogaridh\u00ebnies p\u00ebr arritjen e objektivave; nj\u00eb auditim i brendsh\u00ebm funksionalisht i pavarur; dhe strukturat p\u00ebrkat\u00ebse organizative, duke p\u00ebrfshir\u00eb koordinimin qendror t\u00eb zhvillimit t\u00eb PIFC n\u00eb t\u00eb gjith\u00eb sektorin publik. Ky kapitull k\u00ebrkon gjithashtu nj\u00eb institucion auditimi t\u00eb jasht\u00ebm t\u00eb pavarur institucionalisht, operacionalisht dhe financiarisht, i cili zbaton mandatin e tij t\u00eb auditimit n\u00eb p\u00ebrputhje me standardet e Organizat\u00ebs Nd\u00ebrkomb\u00ebtare t\u00eb Institucioneve Supreme t\u00eb Auditimit (INTOSAI) dhe i raporton parlamentit mbi p\u00ebrdorimin e burimeve t\u00eb sektorit publik. P\u00ebrve\u00e7 k\u00ebsaj, ky kapitull mbulon gjithashtu mbrojtjen e interesave financiare t\u00eb BE-s\u00eb kund\u00ebr mashtrimit n\u00eb menaxhimin e fondeve t\u00eb BE-s\u00eb dhe mbrojtjen e euros kund\u00ebr falsifikimit.<\/p>\n<p>1. Kontrolli i Brendsh\u00ebm Financiar Publik (KBFP)<br \/>\n2. Auditimi i jasht\u00ebm<br \/>\n3. Mbrojtja e interesave financiare t\u00eb BE-s\u00eb<br \/>\n4. Mbrojtja e euros nga falsifikimi<\/p>\n<p>[\/cl_text][\/cl_column][\/cl_row][cl_row device_visibility=&#8221;`{`object Object`}`&#8221; css_style=&#8221;padding-top:25px|padding-bottom:25px&#8221;][cl_column width=&#8221;1\/2&#8243; col_sticky=&#8221;0&#8243; col_disabled=&#8221;0&#8243; pricelist_shadow=&#8221;0&#8243; services_list=&#8221;0&#8243; device_visibility=&#8221;0:none_&#8221; css_style=&#8221;padding-top:50px|padding-bottom:50px|padding-left:20px|padding-right:20px&#8221; border_rounded=&#8221;0&#8243; background_image=&#8221;id:|mime:|url:&#8221; background_color=&#8221;#eaeaea&#8221;][cl_custom_heading parallel_divider=&#8221;0&#8243; custom_responsive_992_bool=&#8221;0&#8243; custom_responsive_768_bool=&#8221;0&#8243; css_style=&#8221;margin-top:35px&#8221;]Rregullore dhe direktiva te Keshillit dhe Parlamentit, Vendime te Komisionit Evropian, Vendime te Gjykates Evropiane te Drejtesise, Rekomandime te Komisionit Evropian[\/cl_custom_heading][cl_text custom_typography=&#8221;0&#8243; custom_responsive_992_bool=&#8221;0&#8243; custom_responsive_768_bool=&#8221;0&#8243; css_style=&#8221;margin-top:m|margin-bottom:m|margin-left:m|margin-right:m|padding-top:m|padding-bottom:m|padding-left:m|padding-right:m|border-top-width:0|border-bottom-width:0|border-left-width:0|border-right-width:0&#8243;]<\/p>\n<ul>\n<li><a href=\"https:\/\/docs.google.com\/presentation\/d\/1kZg4KddfUM6ahXUinCfA7CBQ_ygV_4r8\/edit?usp=sharing&amp;ouid=104441285707294951888&amp;rtpof=true&amp;sd=true\">Ndikimi i reform\u00ebs s\u00eb administrat\u00ebs publike n\u00eb Kapitullin 32<\/a><\/li>\n<li><a href=\"https:\/\/docs.google.com\/presentation\/d\/1sJ5NggObm5MnmQ86x5cG6C0qAlzL_UhQ\/edit?usp=sharing&amp;ouid=104441285707294951888&amp;rtpof=true&amp;sd=true\">Kontrolli i Brendsh\u00ebm Financiar Publik<\/a><\/li>\n<li><a href=\"https:\/\/docs.google.com\/presentation\/d\/1VbMLxbDQrsObIib1fnw5QZNi_uLQB_Jg\/edit?usp=sharing&amp;ouid=104441285707294951888&amp;rtpof=true&amp;sd=true\">Auditimi i Jasht\u00ebm<\/a><\/li>\n<li><a href=\"https:\/\/docs.google.com\/presentation\/d\/1u1ycs7pd-NT5VS0EBHUUma5RB8_leZ4F\/edit?usp=sharing&amp;ouid=104441285707294951888&amp;rtpof=true&amp;sd=true\">Mbrojtja e interesave financiare t\u00eb BE-s\u00eb<\/a><\/li>\n<li><a href=\"https:\/\/docs.google.com\/presentation\/d\/19Gjet1M4OUa96nrxTn6AjNEaNAY9Z7_k\/edit?usp=sharing&amp;ouid=104441285707294951888&amp;rtpof=true&amp;sd=true\">Mbrojtja e euros nga falsifikimi<br \/>\n(aspekte jopenale)<\/a><\/li>\n<li><a href=\"https:\/\/drive.google.com\/file\/d\/1jB3CYRthBNB69AhrGTxPnDFlvyBp1BBh\/view?usp=sharing\">Efektet e an\u00ebtar\u00ebsimit n\u00eb Bashkimin Evropian: Pjesa I Buxheti dhe Kontrolli Financiar<\/a><\/li>\n<\/ul>\n<p>[\/cl_text][\/cl_column][cl_column width=&#8221;1\/2&#8243; col_sticky=&#8221;0&#8243; col_disabled=&#8221;0&#8243; pricelist_shadow=&#8221;0&#8243; services_list=&#8221;0&#8243; device_visibility=&#8221;0:none_&#8221; css_style=&#8221;padding-top:35px|padding-bottom:35px|padding-left:20px|padding-right:20px&#8221; border_rounded=&#8221;0&#8243; background_color=&#8221;rgba(0,27,204,0.13)&#8221; background_image=&#8221;id:|mime:|url:&#8221;][cl_custom_heading parallel_divider=&#8221;0&#8243; custom_responsive_992_bool=&#8221;0&#8243; custom_responsive_768_bool=&#8221;0&#8243; css_style=&#8221;margin-top:35px|padding-bottom:35px&#8221;]LIGJE \/ VENDIM I K\u00cbSHILLIT T\u00cb MINISTRAVE \/ URDHRA DHE VENDIME T\u00cb INSTAT \/ REZOLUTA T\u00cb KUVENDIT T\u00cb SHQIP\u00cbRIS\u00cb[\/cl_custom_heading][cl_text custom_typography=&#8221;0&#8243; custom_responsive_992_bool=&#8221;0&#8243; custom_responsive_768_bool=&#8221;0&#8243; css_style=&#8221;margin-top:m|margin-bottom:m|margin-left:m|margin-right:m|padding-top:m|padding-bottom:m|padding-left:m|padding-right:m|border-top-width:0|border-bottom-width:0|border-left-width:0|border-right-width:0&#8243;]<a href=\"https:\/\/drive.google.com\/file\/d\/1aEs-pIoj4Gvco8kWCkfHlnxQL9HHdV9l\/view?usp=share_link\">Ligj &#8211; Nr. 10 296, dat\u00eb 08.07.2010 i ndryshuar me ligjin nr. 110\/2015 dhe ligjin nr. 14\/2023<\/a><br \/>\n<a href=\"https:\/\/drive.google.com\/file\/d\/1aEs-pIoj4Gvco8kWCkfHlnxQL9HHdV9l\/view?usp=share_link\">P\u00ebr menaxhimin financiar dhe kontrollin<\/a><\/p>\n<p>&nbsp;<\/p>\n<p><a href=\"https:\/\/drive.google.com\/file\/d\/12QV7-LQFkIhITXkM5xAeuwKJROXALnqK\/view?usp=share_link\">Strategjia p\u00ebr menaxhimin e financave publike 2014 &#8211; 2020<\/a><\/p>\n<p>&nbsp;<\/p>\n<p><a href=\"https:\/\/drive.google.com\/file\/d\/1p2SCa8GUgYVfoKEx8WLgtfOVZ-L5jShH\/view?usp=share_link\">Vendim &#8211; Nr. 698 , dat\u00eb 10.10.2012<\/a><br \/>\n<a href=\"https:\/\/drive.google.com\/file\/d\/1p2SCa8GUgYVfoKEx8WLgtfOVZ-L5jShH\/view?usp=share_link\">\u201cP\u00ebr miratimin, n\u00eb parim, t\u00eb marr\u00ebveshjes s\u00eb ve\u00e7ant\u00eb, nd\u00ebrmjet k\u00ebshillit t\u00eb ministrave t\u00eb republik\u00ebs s\u00eb shqip\u00ebris\u00eb dhe qeveris\u00eb s\u00eb mbret\u00ebris\u00eb s\u00eb suedis\u00eb, p\u00ebr p\u00ebrmir\u00ebsimin e menaxhimit financiar dhe kontrollit t\u00eb fondeve publike (faza i)\u201d<\/a><\/p>\n<p><a href=\"https:\/\/drive.google.com\/file\/d\/1UsVsbczC-ws78S97-cJwxSDtaBKLqaAi\/view?usp=share_link\">Vendim &#8211; Nr. 640 dt. 11\/ 6\/ 2009<\/a><br \/>\n<a href=\"https:\/\/drive.google.com\/file\/d\/1UsVsbczC-ws78S97-cJwxSDtaBKLqaAi\/view?usp=share_link\">P\u00ebr miratimin e let\u00ebrpolitikave p\u00ebr kontrollin e brendsh\u00ebm financiar publik dhe t\u00eb planit t\u00eb veprimit, 2009-2014<\/a><\/p>\n<p>&nbsp;<\/p>\n<p><a href=\"https:\/\/drive.google.com\/file\/d\/1HfLph0sZU7pdrb8T9RM-JT-VV6W00slU\/view?usp=share_link\">Urdh\u00ebr nr.113, dat\u00eb 23.12.2020<\/a><br \/>\n<a href=\"https:\/\/drive.google.com\/file\/d\/1HfLph0sZU7pdrb8T9RM-JT-VV6W00slU\/view?usp=share_link\">Per miratimin e metodologjise per vleresimin e cilesise se sistemit te kontrollit te brendshem ne njesite e qeverisjes se pergjithshme<\/a><\/p>\n<p><a href=\"https:\/\/drive.google.com\/file\/d\/18M4hkzXmN8g6CdtXCooY5bxBqWclvxQi\/view?usp=share_link\">Urdh\u00ebr nr.108, dat\u00eb 17.11.2016<\/a><br \/>\n<a href=\"https:\/\/drive.google.com\/file\/d\/18M4hkzXmN8g6CdtXCooY5bxBqWclvxQi\/view?usp=share_link\">P\u00ebr miratimin e manualit t\u00eb menaxhimit financiar dhe kontrollit<\/a><\/p>\n<p><a href=\"https:\/\/drive.google.com\/file\/d\/1y5TJ8pnctrhYtf14n9xgbsaVoAezRS44\/view?usp=share_link\">Urdh\u00ebr nr.221, dat\u00eb 1.12.2021<\/a><br \/>\n<a href=\"https:\/\/drive.google.com\/file\/d\/1y5TJ8pnctrhYtf14n9xgbsaVoAezRS44\/view?usp=share_link\">Per disa shtesa dre ndryshime ne urdhrin nr. 117, date 01.04.2019 per miratimin e metodologjise per monitorimin e performances se sistemit te kontrollit te brendshem te njesive publike<\/a><\/p>\n<p><a href=\"https:\/\/drive.google.com\/file\/d\/1t0mhKFiPFH9XCE8c__ADoT6xBmpy82vP\/view?usp=share_link\">Udh\u00ebzim &#8211; Nr.39 dat\u00eb 24.12.2018<\/a><br \/>\n<a href=\"https:\/\/drive.google.com\/file\/d\/1t0mhKFiPFH9XCE8c__ADoT6xBmpy82vP\/view?usp=share_link\">Procedurat e mbylljes s\u00eb llogarive vjetore te buxhetit per vitin 2018<\/a><\/p>\n<p><a href=\"https:\/\/drive.google.com\/file\/d\/1ksWyDYg-TBTNeSaKOUeC1xzBDN4UAB2R\/view?usp=share_link\">Udh\u00ebzim &#8211; Nr.16 dat\u00eb 20.7.2016<\/a><br \/>\n<a href=\"https:\/\/drive.google.com\/file\/d\/1ksWyDYg-TBTNeSaKOUeC1xzBDN4UAB2R\/view?usp=share_link\">Per pergjegjesite dbe detyrat e koordinatorit te menaxhimit financiar dhe kontrollit dbe koordinatorit te riskut ne njesite publike<\/a><\/p>\n<p><a href=\"https:\/\/drive.google.com\/file\/d\/1YR4ALSc60SzmjZNmYHABwYHAmeimzK0g\/view?usp=share_link\">Udh\u00ebzim &#8211; Nr.4 dat\u00eb 29.1.2020<\/a><br \/>\n<a href=\"https:\/\/drive.google.com\/file\/d\/1YR4ALSc60SzmjZNmYHABwYHAmeimzK0g\/view?usp=share_link\">Per delegimin e te drejtave dhe detyrave ne njesite e qeverisjes se pergjithshme<\/a>[\/cl_text][\/cl_column][\/cl_row][cl_row device_visibility=&#8221;`{`object Object`}`&#8221; css_style=&#8221;padding-top:25px|padding-bottom:25px&#8221;][cl_column device_visibility=&#8221;`{`object Object`}`&#8221; css_style=&#8221;padding-top:20px|padding-bottom:20px&#8221;][cl_custom_heading css_style=&#8221;margin-top:35px&#8221;]Dokumente p\u00ebr politika[\/cl_custom_heading][cl_text custom_typography=&#8221;0&#8243; custom_responsive_992_bool=&#8221;0&#8243; custom_responsive_768_bool=&#8221;0&#8243; css_style=&#8221;margin-top:m|margin-bottom:m|margin-left:m|margin-right:m|padding-top:m|padding-bottom:m|padding-left:m|padding-right:m|border-top-width:0px|border-bottom-width:0px|border-left-width:0px|border-right-width:0px&#8221;]<strong><a href=\"https:\/\/cluster1albania.com\/sq\/pastrimi-i-parave-ne-kontekstin-e-amnistise-fiskale-dhe-penale-qendrime-te-ais-analize-dhe-konkluzione\/\">Pastrimi i Parave n\u00eb Kontekstin e Amnistis\u00eb Fiskale dhe Penale, q\u00ebndrime t\u00eb AIS, analiz\u00eb dhe konkluzione<\/a><\/strong><br \/>\nAIS<\/p>\n<p><strong><a href=\"http:\/\/cluster1albania.com\/sq\/rruga-e-shqiperise-drejt-integrimit-europian-kontrolli-financiar-dhe-procesi-i-hapjes-se-negociatave-per-kapitullin-32\/\">Rruga e Shqip\u00ebris\u00eb drejt Integrimit Europian: Kontrolli financiar dhe procesi i hapjes s\u00eb negociatave p\u00ebr Kapitullin 32<\/a><\/strong><br \/>\nAIS[\/cl_text][\/cl_column][\/cl_row]<\/p>\n","protected":false},"excerpt":{"rendered":"<p>[cl_row device_visibility=&#8221;`{`object Object`}`&#8221; css_style=&#8221;padding-top:25px|padding-bottom:25px&#8221;][cl_column device_visibility=&#8221;`{`object Object`}`&#8221; css_style=&#8221;padding-top:20px|padding-bottom:20px&#8221;][cl_custom_heading parallel_divider=&#8221;0&#8243; custom_responsive_992_bool=&#8221;0&#8243; custom_responsive_768_bool=&#8221;0&#8243; css_style=&#8221;margin-top:35px&#8221;]Kapitulli 32: Kontrolli Financiar[\/cl_custom_heading][cl_text css_style=&#8221;margin-top:35px&#8221;] Acquis p\u00ebr k\u00ebt\u00eb kapitull lidhet me miratimin e kornizave dhe standardeve t\u00eb njohura nd\u00ebrkomb\u00ebtarisht, si dhe me praktik\u00ebn e mir\u00eb t\u00eb BE-s\u00eb, p\u00ebr kontrollin e [&hellip;]<\/p>\n","protected":false},"author":1,"featured_media":0,"parent":0,"menu_order":0,"comment_status":"closed","ping_status":"closed","template":"","meta":{"footnotes":""},"class_list":["post-1383","page","type-page","status-publish","hentry"],"_links":{"self":[{"href":"http:\/\/cluster1albania.com\/sq\/wp-json\/wp\/v2\/pages\/1383","targetHints":{"allow":["GET"]}}],"collection":[{"href":"http:\/\/cluster1albania.com\/sq\/wp-json\/wp\/v2\/pages"}],"about":[{"href":"http:\/\/cluster1albania.com\/sq\/wp-json\/wp\/v2\/types\/page"}],"author":[{"embeddable":true,"href":"http:\/\/cluster1albania.com\/sq\/wp-json\/wp\/v2\/users\/1"}],"replies":[{"embeddable":true,"href":"http:\/\/cluster1albania.com\/sq\/wp-json\/wp\/v2\/comments?post=1383"}],"version-history":[{"count":20,"href":"http:\/\/cluster1albania.com\/sq\/wp-json\/wp\/v2\/pages\/1383\/revisions"}],"predecessor-version":[{"id":1958,"href":"http:\/\/cluster1albania.com\/sq\/wp-json\/wp\/v2\/pages\/1383\/revisions\/1958"}],"wp:attachment":[{"href":"http:\/\/cluster1albania.com\/sq\/wp-json\/wp\/v2\/media?parent=1383"}],"curies":[{"name":"wp","href":"https:\/\/api.w.org\/{rel}","templated":true}]}}