{"id":1487,"date":"2021-10-10T17:36:28","date_gmt":"2021-10-10T17:36:28","guid":{"rendered":"http:\/\/cluster1albania.com\/?page_id=1487"},"modified":"2023-04-10T15:40:53","modified_gmt":"2023-04-10T15:40:53","slug":"criteria","status":"publish","type":"page","link":"http:\/\/cluster1albania.com\/sq\/criteria\/","title":{"rendered":"Kriteret"},"content":{"rendered":"<p>[cl_row device_visibility=&#8221;`{`object Object`}`&#8221; css_style=&#8221;padding-top:25px|padding-bottom:25px&#8221;][cl_column device_visibility=&#8221;`{`object Object`}`&#8221; css_style=&#8221;padding-top:20px|padding-bottom:20px&#8221;][cl_custom_heading parallel_divider=&#8221;0&#8243; custom_responsive_992_bool=&#8221;0&#8243; custom_responsive_768_bool=&#8221;0&#8243; css_style=&#8221;margin-top:35px&#8221;]Kriteri Politik dhe Ekonomik[\/cl_custom_heading][cl_text css_style=&#8221;margin-top:35px&#8221;]<\/p>\n<ul>\n<li><em>Kriteri Ekonomik<\/em><\/li>\n<li><em>Funksionimi i institucioneve demokratike<\/em><\/li>\n<li><em>Reforma ne Administraten Publike<\/em><\/li>\n<\/ul>\n<p>[\/cl_text][\/cl_column][\/cl_row][cl_row device_visibility=&#8221;`{`object Object`}`&#8221; css_style=&#8221;padding-top:25px|padding-bottom:25px&#8221;][cl_column width=&#8221;1\/2&#8243; col_sticky=&#8221;0&#8243; col_disabled=&#8221;0&#8243; pricelist_shadow=&#8221;0&#8243; services_list=&#8221;0&#8243; device_visibility=&#8221;0:none_&#8221; css_style=&#8221;padding-top:50px|padding-bottom:50px|padding-left:20px|padding-right:20px&#8221; border_rounded=&#8221;0&#8243; background_image=&#8221;id:|mime:|url:&#8221; background_color=&#8221;#eaeaea&#8221;][cl_custom_heading parallel_divider=&#8221;0&#8243; custom_responsive_992_bool=&#8221;0&#8243; custom_responsive_768_bool=&#8221;0&#8243; css_style=&#8221;margin-top:35px&#8221;](Rregullore dhe direktiva te Keshillit dhe Parlamentit, Vendime te Komisionit Evropian, Vendime te Gjykates Evropiane te Drejtesise, Rekomandime te Komisionit Evropian)[\/cl_custom_heading][cl_text css_style=&#8221;margin-top:m|margin-bottom:m|margin-left:m|margin-right:m|padding-top:m|padding-bottom:m|padding-left:m|padding-right:m|border-top-width:0|border-bottom-width:0|border-left-width:0|border-right-width:0&#8243;]<strong><a href=\"https:\/\/docs.google.com\/document\/d\/1jS0NAG-Z0AS54n6qxmyyEX7bkZ6EXsnU\/edit?usp=sharing&amp;ouid=104441285707294951888&amp;rtpof=true&amp;sd=true\">Kriteret e Kopenhagenit<\/a><\/strong><\/p>\n<p><strong><a href=\"https:\/\/drive.google.com\/file\/d\/1qhafim1fOjULEp37DBAKCi05_AtOCEGA\/view?usp=sharing\">Plani Ekonomik dhe i Investimeve per Ballkanin Perendimor<\/a><\/strong><br \/>\n[\/cl_text][\/cl_column][cl_column width=&#8221;1\/2&#8243; device_visibility=&#8221;`{`object Object`}`&#8221; css_style=&#8221;padding-top:20px|padding-bottom:20px&#8221;][\/cl_column][\/cl_row][cl_row device_visibility=&#8221;`{`object Object`}`&#8221; css_style=&#8221;padding-top:25px|padding-bottom:25px&#8221;][cl_column device_visibility=&#8221;`{`object Object`}`&#8221; css_style=&#8221;padding-top:20px|padding-bottom:20px&#8221;][cl_custom_heading css_style=&#8221;margin-top:35px&#8221;]Dokumente politikash[\/cl_custom_heading][cl_text css_style=&#8221;margin-top:m|margin-bottom:m|margin-left:m|margin-right:m|padding-top:m|padding-bottom:m|padding-left:m|padding-right:m|border-top-width:0|border-bottom-width:0|border-left-width:0|border-right-width:0&#8243;]<a href=\"https:\/\/cluster1albania.com\/sq\/roli-i-kuvendit-ne-procesin-e-integrimit-te-shqiperise-ne-be-dokument-politikash-altin-gjeta\/\">Roli i Kuvendit n\u00eb Procesin e Integrimit t\u00eb Shqip\u00ebris\u00eb n\u00eb BE<\/a><br \/>\nAltin Gjeta<\/p>\n<p><a href=\"http:\/\/cluster1albania.com\/sq\/prokurimi-publik-ne-lupen-e-integrimit-europian\/\">PROKURIMI PUBLIK N\u00cb LUP\u00cbN E INTEGRIMIT EUROPIAN<\/a><br \/>\nAltin Gjeta[\/cl_text][\/cl_column][\/cl_row]<\/p>\n","protected":false},"excerpt":{"rendered":"<p>[cl_row device_visibility=&#8221;`{`object Object`}`&#8221; css_style=&#8221;padding-top:25px|padding-bottom:25px&#8221;][cl_column device_visibility=&#8221;`{`object Object`}`&#8221; css_style=&#8221;padding-top:20px|padding-bottom:20px&#8221;][cl_custom_heading parallel_divider=&#8221;0&#8243; custom_responsive_992_bool=&#8221;0&#8243; custom_responsive_768_bool=&#8221;0&#8243; css_style=&#8221;margin-top:35px&#8221;]Kriteri Politik dhe Ekonomik[\/cl_custom_heading][cl_text css_style=&#8221;margin-top:35px&#8221;] Kriteri Ekonomik Funksionimi i institucioneve demokratike Reforma ne Administraten Publike [\/cl_text][\/cl_column][\/cl_row][cl_row device_visibility=&#8221;`{`object Object`}`&#8221; css_style=&#8221;padding-top:25px|padding-bottom:25px&#8221;][cl_column width=&#8221;1\/2&#8243; col_sticky=&#8221;0&#8243; col_disabled=&#8221;0&#8243; pricelist_shadow=&#8221;0&#8243; services_list=&#8221;0&#8243; device_visibility=&#8221;0:none_&#8221; css_style=&#8221;padding-top:50px|padding-bottom:50px|padding-left:20px|padding-right:20px&#8221; border_rounded=&#8221;0&#8243; background_image=&#8221;id:|mime:|url:&#8221; background_color=&#8221;#eaeaea&#8221;][cl_custom_heading parallel_divider=&#8221;0&#8243; [&hellip;]<\/p>\n","protected":false},"author":1,"featured_media":0,"parent":0,"menu_order":0,"comment_status":"closed","ping_status":"closed","template":"","meta":{"footnotes":""},"class_list":["post-1487","page","type-page","status-publish","hentry"],"_links":{"self":[{"href":"http:\/\/cluster1albania.com\/sq\/wp-json\/wp\/v2\/pages\/1487","targetHints":{"allow":["GET"]}}],"collection":[{"href":"http:\/\/cluster1albania.com\/sq\/wp-json\/wp\/v2\/pages"}],"about":[{"href":"http:\/\/cluster1albania.com\/sq\/wp-json\/wp\/v2\/types\/page"}],"author":[{"embeddable":true,"href":"http:\/\/cluster1albania.com\/sq\/wp-json\/wp\/v2\/users\/1"}],"replies":[{"embeddable":true,"href":"http:\/\/cluster1albania.com\/sq\/wp-json\/wp\/v2\/comments?post=1487"}],"version-history":[{"count":12,"href":"http:\/\/cluster1albania.com\/sq\/wp-json\/wp\/v2\/pages\/1487\/revisions"}],"predecessor-version":[{"id":1934,"href":"http:\/\/cluster1albania.com\/sq\/wp-json\/wp\/v2\/pages\/1487\/revisions\/1934"}],"wp:attachment":[{"href":"http:\/\/cluster1albania.com\/sq\/wp-json\/wp\/v2\/media?parent=1487"}],"curies":[{"name":"wp","href":"https:\/\/api.w.org\/{rel}","templated":true}]}}