{"id":1579,"date":"2021-11-04T15:43:59","date_gmt":"2021-11-04T15:43:59","guid":{"rendered":"http:\/\/cluster1albania.com\/sq\/?page_id=1579"},"modified":"2024-11-13T17:20:19","modified_gmt":"2024-11-13T17:20:19","slug":"raporti-per-shqiperine","status":"publish","type":"page","link":"http:\/\/cluster1albania.com\/sq\/raporti-per-shqiperine\/","title":{"rendered":"Raporte dhe Infografika"},"content":{"rendered":"<p>[cl_row device_visibility=&#8221;`{`object Object`}`&#8221; css_style=&#8221;padding-top:25px|padding-bottom:25px&#8221;][cl_column device_visibility=&#8221;`{`object Object`}`&#8221; css_style=&#8221;padding-top:20px|padding-bottom:20px&#8221;][cl_custom_heading css_style=&#8221;margin-top:35px&#8221;]Raporte p\u00ebr Shqip\u00ebrin\u00eb[\/cl_custom_heading][cl_text css_style=&#8221;margin-top:35px&#8221;]\u00c7do vit Komisioni Evropian miraton \u201cPaket\u00ebn e Zgjerimit\u201d \u2013 nj\u00eb grup dokumentesh q\u00eb shpjegojn\u00eb politik\u00ebn e tij p\u00ebr zgjerimin e BE-s\u00eb. Thelbi i k\u00ebsaj pakete \u00ebsht\u00eb nj\u00eb komunikat\u00eb p\u00ebr zgjerimin, e cila b\u00ebn nj\u00eb pasqyr\u00eb t\u00eb zhvillimeve t\u00eb vitit t\u00eb kaluar. Kjo paketeshqyrton progresin e b\u00ebr\u00eb nga vendet kandidate dhe kandidat\u00ebt potencial\u00eb, sfidat e hasura dhe reformat q\u00eb duhen adresuar dhe parashtron propozime p\u00ebr rrug\u00ebn qe duhet ndjekur ne vijimesi. P\u00ebrve\u00e7 Komunikat\u00ebs kryesore, paketa p\u00ebrmban Raportet n\u00eb t\u00eb cilat sh\u00ebrbimet e Komisionit paraqesin vler\u00ebsimin e tyre t\u00eb detajuar vjetor t\u00eb gjendjes s\u00eb progresit t\u00eb reformave n\u00eb secilin vend kandidat dhe kandidat potencial gjat\u00eb vitit t\u00eb kaluar. K\u00ebto vler\u00ebsime shoq\u00ebrohen me rekomandime dhe udh\u00ebzime p\u00ebr prioritetet e reformave.[\/cl_text][\/cl_column][\/cl_row][cl_row fullheight=&#8221;0&#8243; custom_width_bool=&#8221;0&#8243; equal_height=&#8221;0&#8243; row_disabled=&#8221;0&#8243; video_loop=&#8221;0&#8243; device_visibility=&#8221;0:none_&#8221; css_style=&#8221;padding-bottom:25px&#8221; parallax=&#8221;0&#8243; arrow_top=&#8221;0&#8243; arrow_bottom=&#8221;0&#8243; background_image=&#8221;id:|mime:|url:&#8221;][cl_column device_visibility=&#8221;`{`object Object`}`&#8221; css_style=&#8221;padding-top:20px|padding-bottom:20px&#8221;][cl_row_inner css_style=&#8221;margin-top:35px&#8221;][cl_column_inner width=&#8221;1\/2&#8243; css_style=&#8221;padding-top:10px|padding-bottom:10px&#8221;][cl_custom_heading parallel_divider=&#8221;0&#8243; custom_responsive_992_bool=&#8221;0&#8243; custom_responsive_768_bool=&#8221;0&#8243; css_style=&#8221;margin-top:35px&#8221;]Raporte t\u00eb Komisionit Evropian[\/cl_custom_heading][cl_text custom_typography=&#8221;0&#8243; custom_responsive_992_bool=&#8221;0&#8243; custom_responsive_768_bool=&#8221;0&#8243; css_style=&#8221;margin-top:m|margin-bottom:m|margin-left:m|margin-right:m|padding-top:m|padding-bottom:m|padding-left:m|padding-right:m|border-top-width:0|border-bottom-width:0|border-left-width:0|border-right-width:0&#8243;]<\/p>\n<ul>\n<li><a href=\"&quot;http:\/\/cluster1albania.com\/sq\/wp-content\/uploads\/2023\/03\/EC-Opinion-on-Albanias-application-for-membership_2010.pdf\">Raporti per Shqip\u00ebrin\u00eb 2010<\/a><\/li>\n<li><a href=\"&quot;http:\/\/cluster1albania.com\/sq\/wp-content\/uploads\/2023\/03\/EC-Annual-Report_Albania_2011.pdf\">Raporti per Shqip\u00ebrin\u00eb 2011<\/a><\/li>\n<li><a href=\"&quot;http:\/\/cluster1albania.com\/sq\/wp-content\/uploads\/2023\/03\/EC-Annual-Report_Albania_2012.pdf\">Raporti per Shqip\u00ebrin\u00eb 2012<\/a><\/li>\n<li><a href=\"&quot;http:\/\/cluster1albania.com\/sq\/wp-content\/uploads\/2023\/03\/EC-Annual-Report_Albania_2013.pdf\">Raporti per Shqip\u00ebrin\u00eb 2013<\/a><\/li>\n<li><a href=\"&quot;http:\/\/cluster1albania.com\/sq\/wp-content\/uploads\/2023\/03\/EC-Annual-Report_Albania_2014.pdf\">Raporti per Shqip\u00ebrin\u00eb 2014<\/a><\/li>\n<li><a href=\"&quot;http:\/\/cluster1albania.com\/sq\/wp-content\/uploads\/2023\/03\/EC-Annual-Report_Albania_2015.pdf\">Raporti per Shqip\u00ebrin\u00eb 2015<\/a><\/li>\n<li><a href=\"https:\/\/drive.google.com\/file\/d\/1r7GWd1IO8KbHuByrfOE0CiJflHvwfh0z\/view?usp=sharing\">Raporti per Shqip\u00ebrin\u00eb 2016<\/a><\/li>\n<li><a href=\"https:\/\/drive.google.com\/file\/d\/1qtsAMXC9r9GlgC2FOGjjy8oRjqXc0nLX\/view?usp=sharing\">Raporti per Shqip\u00ebrin\u00eb 2018<\/a><\/li>\n<li><a href=\"https:\/\/drive.google.com\/file\/d\/1H6bkRhlNN4PsfMf2xnEsXaZ3zWRuFqdL\/view?usp=sharing\">Raporti per Shqip\u00ebrin\u00eb 2019<\/a><\/li>\n<li><a href=\"https:\/\/drive.google.com\/file\/d\/1vHBw6682_x9hLnV6tL91KQFrpNzENS0-\/view?usp=sharing\">Raporti per Shqip\u00ebrin\u00eb 2020<\/a><\/li>\n<li><a href=\"https:\/\/drive.google.com\/file\/d\/1KCoP4gqGoMuy8qUEUVygy6nUl24mS4w1\/view?usp=sharing\">Raporti per Shqip\u00ebrin\u00eb 2021<\/a><\/li>\n<li><a href=\"https:\/\/cluster1albania.com\/wp-content\/uploads\/2023\/05\/Albania-Report-2022.pdf\">Raporti per Shqip\u00ebrin\u00eb 2022<\/a><\/li>\n<li><a href=\"https:\/\/cluster1albania.com\/wp-content\/uploads\/2024\/11\/SWD_2023_690-Albania-report.pdf\">Raporti per Shqip\u00ebrin\u00eb 2023<\/a><\/li>\n<li><a href=\"https:\/\/cluster1albania.com\/wp-content\/uploads\/2024\/11\/Albania-Report-2024.pdf\">Raporti per Shqip\u00ebrin\u00eb 2024<\/a><\/li>\n<\/ul>\n<p>[\/cl_text][cl_custom_heading parallel_divider=&#8221;0&#8243; custom_responsive_992_bool=&#8221;0&#8243; custom_responsive_768_bool=&#8221;0&#8243; css_style=&#8221;margin-top:35px|padding-bottom:20px&#8221;]Dokumente strategjik\u00eb t\u00eb Komisionit, K\u00ebshillit dhe Parlamentit[\/cl_custom_heading][cl_text custom_typography=&#8221;0&#8243; custom_responsive_992_bool=&#8221;0&#8243; custom_responsive_768_bool=&#8221;0&#8243; css_style=&#8221;margin-top:m|margin-bottom:m|margin-left:m|margin-right:m|padding-top:m|padding-bottom:m|padding-left:m|padding-right:m|border-top-width:0|border-bottom-width:0|border-left-width:0|border-right-width:0&#8243;]<a href=\"https:\/\/drive.google.com\/file\/d\/1Ni0K_WFyCEnjetZdX-ADEI6H6iB_wv80\/view?usp=sharing\">MARR\u00cbVESHJA E STABILIZIMIT DHE ASOCIIMIT nd\u00ebrmjet Komuniteteve Evropiane dhe Shteteve An\u00ebtare t\u00eb tyre, nga nj\u00ebra an\u00eb, dhe Republik\u00ebs s\u00eb Shqip\u00ebris\u00eb<\/a><\/p>\n<p><a href=\"http:\/\/cluster1albania.com\/sq\/wp-content\/uploads\/2023\/03\/Annex-Communication-Credible-Enlargement-Perspective-Western-Balkans_en.pdf\">Strategjia p\u00ebr Ballkanin Per\u00ebndimor p\u00ebr nj\u00eb \u2018Perspektiv\u00eb t\u00eb besueshme t\u00eb zgjerimit dhe p\u00ebr angazhim t\u00eb shtuar t\u00eb BE-s\u00eb me Ballkanin Per\u00ebndimor\u2019<\/a><\/p>\n<p><a href=\"http:\/\/cluster1albania.com\/sq\/wp-content\/uploads\/2023\/03\/Communication-Credible-Enlargement-Perspective-Western-Balkans_en.pdf\">Shtojca e Strategjis\u00eb p\u00ebr nj\u00eb \u2018Perspektiv\u00eb t\u00eb besueshme t\u00eb zgjerimit dhe p\u00ebr angazhim t\u00eb shtuar t\u00eb BE-s\u00eb me Ballkanin Per\u00ebndimor\u2019<\/a><\/p>\n<p><a href=\"http:\/\/cluster1albania.com\/sq\/wp-content\/uploads\/2023\/03\/Sofia-Declaration_en.pdf\">Deklarata e Sofies dhe Agjenda Prioritare, 17 maj 201<\/a>[\/cl_text][cl_custom_heading parallel_divider=&#8221;0&#8243; custom_responsive_992_bool=&#8221;0&#8243; custom_responsive_768_bool=&#8221;0&#8243; css_style=&#8221;margin-top:35px|padding-bottom:20px&#8221;]Komunikata te Komisionit Evropian[\/cl_custom_heading][cl_text custom_typography=&#8221;0&#8243; custom_responsive_992_bool=&#8221;0&#8243; custom_responsive_768_bool=&#8221;0&#8243; css_style=&#8221;margin-top:m|margin-bottom:m|margin-left:m|margin-right:m|padding-top:m|padding-bottom:m|padding-left:m|padding-right:m|border-top-width:0|border-bottom-width:0|border-left-width:0|border-right-width:0&#8243;]<a href=\"http:\/\/cluster1albania.com\/sq\/wp-content\/uploads\/2023\/03\/Communication-on-eu-enlargement-policy-2019.pdf\">Komunikata e Komisionit p\u00ebr Politik\u00ebn e Zgjerimit 2019<\/a><br \/>\n<a href=\"http:\/\/cluster1albania.com\/sq\/wp-content\/uploads\/2023\/03\/Communication-on-eu-enlargement-policy-2018.pdf\">Komunikata e Komisionit p\u00ebr Politik\u00ebn e Zgjerimit 2018<\/a><br \/>\n<a href=\"http:\/\/cluster1albania.com\/sq\/wp-content\/uploads\/2023\/03\/Communication-on-eu-enlargement-policy-2016.pdf\">Komunikata e Komisionit p\u00ebr Politik\u00ebn e Zgjerimit 2016<\/a><br \/>\n<a href=\"http:\/\/cluster1albania.com\/sq\/wp-content\/uploads\/2023\/03\/Communication-on-eu-enlargement-policy-2015.pdf\">Komunikata e Komisionit p\u00ebr Politik\u00ebn e Zgjerimit 2015<\/a><br \/>\n<a href=\"http:\/\/cluster1albania.com\/sq\/wp-content\/uploads\/2023\/03\/Communication-on-eu-enlargement-policy-2014.pdf\">Komunikata e Komisionit p\u00ebr Politik\u00ebn e Zgjerimit 2014<\/a><br \/>\n<a href=\"http:\/\/cluster1albania.com\/sq\/wp-content\/uploads\/2023\/03\/Communication-on-eu-enlargement-policy-2013.pdf\">Komunikata e Komisionit p\u00ebr Politik\u00ebn e Zgjerimit 2013<\/a><br \/>\n<a href=\"http:\/\/cluster1albania.com\/sq\/wp-content\/uploads\/2023\/03\/Communication-on-eu-enlargement-policy-2012.pdf\">Komunikata e Komisionit p\u00ebr Politik\u00ebn e Zgjerimit 2012<\/a><br \/>\n<a href=\"http:\/\/cluster1albania.com\/sq\/wp-content\/uploads\/2023\/03\/Communication-on-eu-enlargement-policy-2011.pdf\">Komunikata e Komisionit p\u00ebr Politik\u00ebn e Zgjerimit 2011<\/a><br \/>\n<a href=\"http:\/\/cluster1albania.com\/sq\/wp-content\/uploads\/2023\/03\/Communication-on-eu-enlargement-policy-2010.pdf\">Komunikata e Komisionit p\u00ebr Politik\u00ebn e Zgjerimit 2010<\/a><br \/>\n<a href=\"http:\/\/cluster1albania.com\/sq\/wp-content\/uploads\/2023\/03\/Communication-on-eu-enlargement-policy-2009.pdf\">Komunikata e Komisionit p\u00ebr Politik\u00ebn e Zgjerimit 2009<\/a><br \/>\n<a href=\"http:\/\/cluster1albania.com\/sq\/wp-content\/uploads\/2023\/03\/Communication-on-enlargment-policy-2008.pdf\">Komunikata e Komisionit p\u00ebr Politik\u00ebn e Zgjerimit 2008<\/a><br \/>\n<a href=\"http:\/\/cluster1albania.com\/sq\/wp-content\/uploads\/2023\/03\/Communication-on-enlargment-policy-2007.pdf\">Komunikata e Komisionit p\u00ebr Politik\u00ebn e Zgjerimit 2007<\/a><br \/>\n<a href=\"http:\/\/cluster1albania.com\/sq\/wp-content\/uploads\/2023\/03\/Communication-on-enlargment-policy-2006.pdf\">Komunikata e Komisionit p\u00ebr Politik\u00ebn e Zgjerimit 2006<\/a><br \/>\n<a href=\"http:\/\/cluster1albania.com\/sq\/wp-content\/uploads\/2023\/03\/Strategy-on-enlargment-policy-2005.pdf\">Strategjia p\u00ebr Politik\u00ebn e Zgjerimit 2005<\/a>[\/cl_text][cl_custom_heading parallel_divider=&#8221;0&#8243; custom_responsive_992_bool=&#8221;0&#8243; custom_responsive_768_bool=&#8221;0&#8243; css_style=&#8221;margin-top:35px&#8221;]Rezoluta t\u00eb Parlamentit Evropian[\/cl_custom_heading][cl_text custom_typography=&#8221;0&#8243; custom_responsive_992_bool=&#8221;0&#8243; custom_responsive_768_bool=&#8221;0&#8243; css_style=&#8221;margin-top:35px&#8221;]<a href=\"https:\/\/drive.google.com\/file\/d\/1MRcnH0ymHm4hlWIkD6gLlK0qt9kUaJDN\/view?usp=share_link\">Rezoluta e Parlamentit Evropian p\u00ebr Shqip\u00ebrin\u00eb &#8211; 2012<\/a><br \/>\n<a href=\"https:\/\/drive.google.com\/file\/d\/1XO6Okh2evLpiwB36UxvnOAf202Hr1H-k\/view?usp=share_link\">Rezoluta e Parlamentit Evropian p\u00ebr Shqip\u00ebrin\u00eb &#8211; 2013<\/a><br \/>\n<a href=\"https:\/\/drive.google.com\/file\/d\/1wLJiyNx5-WvFiDULDZhvcJWlcxjvY9BO\/view?usp=share_link\">Rezoluta e Parlamentit Evropian p\u00ebr Shqip\u00ebrin\u00eb &#8211; 2015<\/a><br \/>\n<a href=\"https:\/\/drive.google.com\/file\/d\/1uWr0SOZ7ZnrOPlEbRWya-PZRwvaGNiFz\/view?usp=share_link\">Rezoluta e Parlamentit Evropian p\u00ebr Shqip\u00ebrin\u00eb &#8211; 2016<\/a><br \/>\n<a href=\"https:\/\/drive.google.com\/file\/d\/1aNtR5C3siSgn4j10lI8trgH1ICsnE6Yv\/view?usp=share_link\">Rezoluta e Parlamentit Evropian p\u00ebr Shqip\u00ebrin\u00eb &#8211; 2017<\/a><br \/>\n<a href=\"https:\/\/drive.google.com\/file\/d\/1rzqrKkZsG--YCnCZalCEqBT5lZlfRQm8\/view?usp=share_link\">Rezoluta e Parlamentit Evropian p\u00ebr Shqip\u00ebrin\u00eb &#8211; 2018<\/a><br \/>\n<a href=\"https:\/\/drive.google.com\/file\/d\/1jSkT248Sr7GCIhMeW-h24Ocr6j2-Iz7d\/view?usp=share_link\">Rezoluta e Parlamentit Evropian p\u00ebr Shqip\u00ebrin\u00eb &#8211; 2021<\/a>[\/cl_text][\/cl_column_inner][cl_column_inner width=&#8221;1\/2&#8243; inline_elements=&#8221;0&#8243; css_style=&#8221;padding-top:10px|padding-bottom:10px&#8221; background_color=&#8221;rgba(0,27,204,0.13)&#8221; background_image=&#8221;id:|mime:|url:&#8221;][cl_custom_heading parallel_divider=&#8221;0&#8243; custom_responsive_992_bool=&#8221;0&#8243; custom_responsive_768_bool=&#8221;0&#8243; css_style=&#8221;margin-top:35px|padding-bottom:35px|padding-left:20px|padding-right:20px&#8221;]Legjislacioni shqiptar sa i perket procesit te integrimit<br \/>\n(VKM \/ Urdh\u00ebra)[\/cl_custom_heading][cl_text custom_typography=&#8221;0&#8243; custom_responsive_992_bool=&#8221;0&#8243; custom_responsive_768_bool=&#8221;0&#8243; css_style=&#8221;margin-top:m|margin-bottom:m|margin-left:m|margin-right:m|padding-top:m|padding-bottom:m|padding-left:20px|padding-right:20px|border-top-width:0|border-bottom-width:0|border-left-width:0|border-right-width:0&#8243;]<a href=\"https:\/\/drive.google.com\/file\/d\/1PQBVfEHhn86LU5j5ziq-gUZ7WllPQeZl\/view?usp=share_link\">VENDIM NR.749, DT.19.12.2019<\/a><br \/>\n<a href=\"https:\/\/drive.google.com\/file\/d\/1PQBVfEHhn86LU5j5ziq-gUZ7WllPQeZl\/view?usp=share_link\">P\u00cbR KRIJIMIN, ORGANIZIMIN DHE FUNKSIONIMIN E STRUKTUR\u00cbS SHTET\u00cbRORE P\u00cbRGJEGJ\u00cbSE P\u00cbR ZHVILLIMIN E NEGOCIATAVE DHE P\u00cbRFUNDIMIN E TRAKTATIT T\u00cb ADERIMIT T\u00cb REPUBLIK\u00cbS S\u00cb SHQIP\u00cbRIS\u00cb N\u00cb BASHKIMIN EVROPIAN<\/a><\/p>\n<p><a href=\"https:\/\/drive.google.com\/file\/d\/1JHd7uQguxSVFXGf9hyHkFgy9ahpByFWn\/view?usp=share_link\">URDH\u00cbR NR.94, DAT\u00cb 20.5.2019<\/a><br \/>\n<a href=\"https:\/\/drive.google.com\/file\/d\/1JHd7uQguxSVFXGf9hyHkFgy9ahpByFWn\/view?usp=share_link\">NGRITJEN, PERBERJEN DHE FUNKSTONIMIN E GRUPEVE NDERINSTTTUCIONALE TE PUNES PER INTEGRIMlN EVROPIAN<\/a><\/p>\n<p><a href=\"https:\/\/drive.google.com\/file\/d\/197oClesjS_fI-cQ5Ark2mWj0c9Jw1tN6\/view?usp=share_link\">URDH\u00cbR Nr.93, dat\u00eb 20.05.2019<\/a><br \/>\n<a href=\"https:\/\/drive.google.com\/file\/d\/197oClesjS_fI-cQ5Ark2mWj0c9Jw1tN6\/view?usp=share_link\">P\u00cbR ORGANIZIMIN DHE FUNKSIONIMIN E KOMITETIT TEKNIK T\u00cb GRUPEVE ND\u00cbRINSTITUCIONALE T\u00cb PUN\u00cbS<\/a><\/p>\n<p><a href=\"https:\/\/drive.google.com\/file\/d\/1ip-fOpghrLNWDO5fNuSGD573dOK9sbsX\/view?usp=share_link\">URDH\u00cbR Nr.113, dat\u00eb 30.08.2019<\/a><br \/>\n<a href=\"https:\/\/drive.google.com\/file\/d\/1ip-fOpghrLNWDO5fNuSGD573dOK9sbsX\/view?usp=share_link\">P\u00cbR FORMAT E PJES\u00cbMARRJES, FUNKSIONIMIN DHE STRUKTUR\u00cbN INSTITUCIONALE T\u00cb PLATFORM\u00cbS S\u00cb PARTNERITETIT P\u00cbR INTEGRIMIN EVROPIAN<\/a><\/p>\n<p><a href=\"https:\/\/drive.google.com\/file\/d\/1hxPCXjpfARuz6hJnlj-R10_K5E767FCz\/view?usp=share_link\">PLANI KOMBETAR PER INTEGRIMIN EVROPIAN 2022 &#8211; 2024<\/a>[\/cl_text][\/cl_column_inner][\/cl_row_inner][\/cl_column][\/cl_row]<\/p>\n","protected":false},"excerpt":{"rendered":"<p>[cl_row device_visibility=&#8221;`{`object Object`}`&#8221; css_style=&#8221;padding-top:25px|padding-bottom:25px&#8221;][cl_column device_visibility=&#8221;`{`object Object`}`&#8221; css_style=&#8221;padding-top:20px|padding-bottom:20px&#8221;][cl_custom_heading css_style=&#8221;margin-top:35px&#8221;]Raporte p\u00ebr Shqip\u00ebrin\u00eb[\/cl_custom_heading][cl_text css_style=&#8221;margin-top:35px&#8221;]\u00c7do vit Komisioni Evropian miraton \u201cPaket\u00ebn e Zgjerimit\u201d \u2013 nj\u00eb grup dokumentesh q\u00eb shpjegojn\u00eb politik\u00ebn e tij p\u00ebr zgjerimin e BE-s\u00eb. Thelbi i k\u00ebsaj pakete \u00ebsht\u00eb nj\u00eb komunikat\u00eb p\u00ebr zgjerimin, [&hellip;]<\/p>\n","protected":false},"author":1,"featured_media":0,"parent":0,"menu_order":0,"comment_status":"closed","ping_status":"closed","template":"","meta":{"footnotes":""},"class_list":["post-1579","page","type-page","status-publish","hentry"],"_links":{"self":[{"href":"http:\/\/cluster1albania.com\/sq\/wp-json\/wp\/v2\/pages\/1579","targetHints":{"allow":["GET"]}}],"collection":[{"href":"http:\/\/cluster1albania.com\/sq\/wp-json\/wp\/v2\/pages"}],"about":[{"href":"http:\/\/cluster1albania.com\/sq\/wp-json\/wp\/v2\/types\/page"}],"author":[{"embeddable":true,"href":"http:\/\/cluster1albania.com\/sq\/wp-json\/wp\/v2\/users\/1"}],"replies":[{"embeddable":true,"href":"http:\/\/cluster1albania.com\/sq\/wp-json\/wp\/v2\/comments?post=1579"}],"version-history":[{"count":25,"href":"http:\/\/cluster1albania.com\/sq\/wp-json\/wp\/v2\/pages\/1579\/revisions"}],"predecessor-version":[{"id":2129,"href":"http:\/\/cluster1albania.com\/sq\/wp-json\/wp\/v2\/pages\/1579\/revisions\/2129"}],"wp:attachment":[{"href":"http:\/\/cluster1albania.com\/sq\/wp-json\/wp\/v2\/media?parent=1579"}],"curies":[{"name":"wp","href":"https:\/\/api.w.org\/{rel}","templated":true}]}}