{"id":1717,"date":"2022-10-11T17:10:07","date_gmt":"2022-10-11T17:10:07","guid":{"rendered":"http:\/\/cluster1albania.com\/sq\/?page_id=1717"},"modified":"2022-10-11T17:14:15","modified_gmt":"2022-10-11T17:14:15","slug":"rruga-e-shqiperise-drejt-integrimit-europian-kontrolli-financiar-dhe-procesi-i-hapjes-se-negociatave-per-kapitullin-32","status":"publish","type":"page","link":"http:\/\/cluster1albania.com\/sq\/rruga-e-shqiperise-drejt-integrimit-europian-kontrolli-financiar-dhe-procesi-i-hapjes-se-negociatave-per-kapitullin-32\/","title":{"rendered":"Rruga e Shqip\u00ebris\u00eb drejt Integrimit Europian: Kontrolli financiar dhe procesi i hapjes s\u00eb negociatave p\u00ebr Kapitullin 32"},"content":{"rendered":"\n<p>Dokumenti i Politikave me titull \u201cRruga e Shqip\u00ebris\u00eb drejt Integrimit Europian: Kontrolli financiar dhe procesi i hapjes s\u00eb negociatave p\u00ebr Kapitullin 32\u201d \u00ebsht\u00eb hartuar nga organizata Albanian Institute of Science AIS\/Open Data Albania, n\u00eb zbatim t\u00eb projektit C1 \u2013 EU \u2013 NPA \u201cP\u00ebrmir\u00ebsimi i Debatit mbi Politikat dhe Llogaridh\u00ebnien p\u00ebr t\u00eb P\u00ebrmbushur t\u00eb Drejtat Bazike\u201d, p\u00ebrmes krijimit t\u00eb Platform\u00ebs s\u00eb Negociatave t\u00eb Cluster 1 Shqip\u00ebri.<br>Projekti zbatohet nga kat\u00ebr organizata shqiptare: Center for the Study of Democracy and Governance CSDG, Instituti i Studimeve Politike ISP, Komiteti Shqiptar i Helsinkit KSHH dhe Albanian Institute of Science AIS, me mb\u00ebshtetje t\u00eb Ambasad\u00ebs s\u00eb Mbret\u00ebris\u00eb s\u00eb Holland\u00ebs n\u00eb Tiran\u00eb.<br>Dokumenti i Politikave \u201cRruga e Shqip\u00ebris\u00eb drejt Integrimit Europian: Kontrolli financiar dhe procesi i hapjes s\u00eb negociatave p\u00ebr Kapitullin 32\u201d prezantohet si pjes\u00eb e iniciativave t\u00eb shoq\u00ebris\u00eb civile, q\u00eb synojn\u00eb t\u00eb japin kontributin e tyre n\u00eb integrimin europian t\u00eb vendit.<br>Gjetjet, Opinionet apo Rekomandimet e shprehura n\u00eb k\u00ebt\u00eb event p\u00ebrfaq\u00ebsojn\u00eb k\u00ebndv\u00ebshtrime t\u00eb ekspert\u00ebve dhe organizat\u00ebs AIS dhe nuk p\u00ebrkojn\u00eb me p\u00ebrgjegj\u00ebsi t\u00eb partner\u00ebve apo mb\u00ebshtet\u00ebsve t\u00eb Projektit C1-EU-NPA.<\/p>\n\n\n\n<figure class=\"wp-block-embed-pdf-viewer-pdf wp-block-embed-pdf-viewer-pdf__content-wrapper aligncenter\"><object class=\"embed-pdf-viewer\" data=\"http:\/\/cluster1albania.com\/sq\/wp-content\/uploads\/2022\/10\/Kontrolli-financiar-dhe-procesi-i-hapjes-se-negociatave-per-Kapitullin-32.pdf#scrollbar=1&amp;toolbar=1\" type=\"application\/pdf\" height=\"799\" width=\"799\" title=\"\"><\/object><iframe loading=\"lazy\" class=\"embed-pdf-viewer\" src=\"https:\/\/docs.google.com\/viewer?url=http%3A%2F%2Fcluster1albania.com%2Fsq%2Fwp-content%2Fuploads%2F2022%2F10%2FKontrolli-financiar-dhe-procesi-i-hapjes-se-negociatave-per-Kapitullin-32.pdf&amp;embedded=true\" frameborder=\"0\" height=\"799\" width=\"799\" title=\"\"><\/iframe><\/figure>\n","protected":false},"excerpt":{"rendered":"<p>Dokumenti i Politikave me titull \u201cRruga e Shqip\u00ebris\u00eb drejt Integrimit Europian: Kontrolli financiar dhe procesi i hapjes s\u00eb negociatave p\u00ebr Kapitullin 32\u201d \u00ebsht\u00eb hartuar nga organizata Albanian Institute of Science AIS\/Open Data Albania, n\u00eb zbatim t\u00eb projektit C1 \u2013 EU [&hellip;]<\/p>\n","protected":false},"author":1,"featured_media":0,"parent":0,"menu_order":0,"comment_status":"closed","ping_status":"closed","template":"","meta":{"footnotes":""},"class_list":["post-1717","page","type-page","status-publish","hentry"],"_links":{"self":[{"href":"http:\/\/cluster1albania.com\/sq\/wp-json\/wp\/v2\/pages\/1717","targetHints":{"allow":["GET"]}}],"collection":[{"href":"http:\/\/cluster1albania.com\/sq\/wp-json\/wp\/v2\/pages"}],"about":[{"href":"http:\/\/cluster1albania.com\/sq\/wp-json\/wp\/v2\/types\/page"}],"author":[{"embeddable":true,"href":"http:\/\/cluster1albania.com\/sq\/wp-json\/wp\/v2\/users\/1"}],"replies":[{"embeddable":true,"href":"http:\/\/cluster1albania.com\/sq\/wp-json\/wp\/v2\/comments?post=1717"}],"version-history":[{"count":2,"href":"http:\/\/cluster1albania.com\/sq\/wp-json\/wp\/v2\/pages\/1717\/revisions"}],"predecessor-version":[{"id":1720,"href":"http:\/\/cluster1albania.com\/sq\/wp-json\/wp\/v2\/pages\/1717\/revisions\/1720"}],"wp:attachment":[{"href":"http:\/\/cluster1albania.com\/sq\/wp-json\/wp\/v2\/media?parent=1717"}],"curies":[{"name":"wp","href":"https:\/\/api.w.org\/{rel}","templated":true}]}}