{"id":28,"date":"2017-08-02T15:38:00","date_gmt":"2017-08-02T15:38:00","guid":{"rendered":"http:\/\/codeless.co\/handel\/corporate\/?page_id=28"},"modified":"2023-04-10T14:27:35","modified_gmt":"2023-04-10T14:27:35","slug":"about-us","status":"publish","type":"page","link":"http:\/\/cluster1albania.com\/sq\/about-us\/","title":{"rendered":"Rreth projektit"},"content":{"rendered":"<p>[cl_row columns_gap=&#8221;0&#8243; device_visibility=&#8221;0:none_&#8221; css_style=&#8221;padding-top:50px|padding-bottom:35px|padding-left:50px|padding-right:0&#8243; background_color=&#8221;#f3f3f3&#8243; border_color=&#8221;#28406d&#8221; background_image=&#8221;id:|mime:|url:&#8221;][cl_column device_visibility=&#8221;0:none_&#8221; css_style=&#8221;padding-top:0px|padding-bottom:0px|border-top-width:0px|border-bottom-width:0px|border-left-width:0px|border-right-width:0px&#8221; background_image=&#8221;id:|mime:|url:&#8221;][cl_custom_heading css_style=&#8221;margin-top:15px&#8221;]<\/p>\n<p style=\"text-align: left;\">Rreth projektit<\/p>\n<p>[\/cl_custom_heading][cl_divider height=&#8221;4&#8243; width_full=&#8221;0&#8243; width=&#8221;107&#8243; align=&#8221;left_divider&#8221; css_style=&#8221;margin-top:10px|margin-bottom:0px&#8221; color=&#8221;#a8db51&#8243;][cl_text margin_paragraphs=&#8221;0&#8243; custom_typography=&#8221;0&#8243; custom_responsive_992_bool=&#8221;0&#8243; custom_responsive_768_bool=&#8221;0&#8243; css_style=&#8221;margin-top:m|margin-bottom:m|margin-left:m|margin-right:m|padding-top:m|padding-bottom:m|padding-left:m|padding-right:m|border-top-width:0px|border-bottom-width:0px|border-left-width:0px|border-right-width:0px&#8221;]<img loading=\"lazy\" decoding=\"async\" class=\" wp-image-1431 alignright\" src=\"http:\/\/cluster1albania.com\/sq\/wp-content\/uploads\/2021\/09\/albania-europe-300x141.jpg\" alt=\"\" width=\"521\" height=\"245\" srcset=\"http:\/\/cluster1albania.com\/sq\/wp-content\/uploads\/2021\/09\/albania-europe-300x141.jpg 300w, http:\/\/cluster1albania.com\/sq\/wp-content\/uploads\/2021\/09\/albania-europe-1024x483.jpg 1024w, http:\/\/cluster1albania.com\/sq\/wp-content\/uploads\/2021\/09\/albania-europe-768x362.jpg 768w, http:\/\/cluster1albania.com\/sq\/wp-content\/uploads\/2021\/09\/albania-europe-1536x724.jpg 1536w, http:\/\/cluster1albania.com\/sq\/wp-content\/uploads\/2021\/09\/albania-europe.jpg 1738w\" sizes=\"auto, (max-width: 521px) 100vw, 521px\" \/>Shqip\u00ebria aplikoi zyrtarisht p\u00ebr an\u00ebtar\u00ebsim n\u00eb BE n\u00eb vitin 2009 dhe ka qen\u00eb nj\u00eb vend kandidat q\u00eb nga viti 2014. Vendi ka b\u00ebr\u00eb p\u00ebrparim t\u00eb r\u00ebnd\u00ebsish\u00ebm n\u00eb rrug\u00ebtimin e tij t\u00eb integrimit n\u00eb BE, por ka ende shum\u00eb hapa p\u00ebr t\u00eb ndjekur, ve\u00e7an\u00ebrisht n\u00eb fusha t\u00eb tilla si sundimi i ligjit, reforma n\u00eb drejt\u00ebsi, korrupsioni, krimi i organizuar dhe t\u00eb drejtat e njeriut. N\u00eb korrik 2022 nis\u00ebn negociatat e an\u00ebtar\u00ebsimit n\u00eb BE dhe tani Shqip\u00ebris\u00eb i duhet t\u00eb shkoj\u00eb drejt an\u00ebtar\u00ebsimit t\u00eb plot\u00eb duke p\u00ebrmbushur t\u00eb gjitha standardet n\u00eb \u00e7do grup dhe kapitull, duke p\u00ebrfshir\u00eb miratimin e reformave ky\u00e7e dhe zbatimin e legjislacionit dhe institucioneve t\u00eb nevojshme.<br clear=\"none\" \/><br clear=\"none\" \/>N\u00eb k\u00ebt\u00eb kontekst, roli i shoq\u00ebris\u00eb civile \u00ebsht\u00eb thelb\u00ebsor p\u00ebr t\u00eb siguruar q\u00eb procesi i integrimit n\u00eb BE t\u00eb jet\u00eb transparent, gjith\u00ebp\u00ebrfshir\u00ebs dhe i p\u00ebrgjegjsh\u00ebm. OSHC-t\u00eb jan\u00eb v\u00ebzhgues kritik\u00eb, avokat\u00eb dhe ofrues sh\u00ebrbimesh, q\u00eb punojn\u00eb p\u00ebr t\u00eb promovuar t\u00eb drejtat e njeriut, demokracin\u00eb dhe sundimin e ligjit, si dhe p\u00ebr t\u00eb mbajtur p\u00ebrgjegj\u00ebs qeverin\u00eb dhe pal\u00ebt e tjera t\u00eb interesuara. OShC-t\u00eb gjithashtu luajn\u00eb nj\u00eb rol vendimtar n\u00eb nxitjen e dialogut dhe bashk\u00ebpunimit nd\u00ebrmjet aktor\u00ebve dhe komuniteteve t\u00eb ndryshme, promovimin e edukimit dhe nd\u00ebrgjegj\u00ebsimit qytetar dhe mb\u00ebshtetjen e zhvillimit social dhe ekonomik t\u00eb vendit.<br clear=\"none\" \/><br clear=\"none\" \/>Faqja jon\u00eb\u00a0 synon t\u00eb ofroj\u00eb informacion, analiz\u00eb dhe burime mbi procesin e zgjerimit t\u00eb Shqip\u00ebris\u00eb n\u00eb BE, t\u00eb fokusuar n\u00eb Cluster 1 &#8220;Bazat s\u00eb pari&#8221; dhe rolin e shoq\u00ebris\u00eb civile n\u00eb k\u00ebt\u00eb proces. Ne do t&#8217;ju mbajm\u00eb t\u00eb p\u00ebrdit\u00ebsuar p\u00ebr zhvillimet, t\u00eb rejat dhe ngjarjet m\u00eb t\u00eb fundit n\u00eb lidhje me integrimin e Shqip\u00ebris\u00eb n\u00eb BE, duke p\u00ebrfshir\u00eb raportet e progresit, negociatat e an\u00ebtar\u00ebsimit dhe zbatimin e axhend\u00ebs s\u00eb reformave. Ne do t\u00eb prezantojm\u00eb gjithashtu pun\u00ebn e OSHC-ve shqiptare, projektet dhe iniciativat e tyre dhe do t\u00eb theksojm\u00eb kontributin e tyre n\u00eb procesin e integrimit n\u00eb BE.<br clear=\"none\" \/><br clear=\"none\" \/>Faqja jon\u00eb sh\u00ebrben gjithashtu si nj\u00eb platform\u00eb p\u00ebr rrjet\u00ebzim, shk\u00ebmbim dhe bashk\u00ebpunim midis aktor\u00ebve t\u00eb ndrysh\u00ebm t\u00eb interesuar p\u00ebr integrimin e Shqip\u00ebris\u00eb n\u00eb BE, duke p\u00ebrfshir\u00eb OSHC-t\u00eb, politik\u00ebb\u00ebr\u00ebsit, ekspert\u00ebt, akademik\u00ebt dhe publikun e gjer\u00eb. Ne ju inkurajojm\u00eb t\u00eb angazhoheni me ne, t\u00eb ndani pik\u00ebpamjet dhe p\u00ebrvojat tuaja dhe t\u00eb kontribuoni n\u00eb debatin dhe dialogun mbi zgjerimin e BE-s\u00eb dhe shoq\u00ebrin\u00eb civile n\u00eb Shqip\u00ebri.<br clear=\"none\" \/><br clear=\"none\" \/><strong>Rreth projektit<\/strong><br clear=\"none\" \/><br clear=\"none\" \/><strong>Objektivi i p\u00ebrgjithsh\u00ebm<\/strong> i projektit \u00ebsht\u00eb t\u00eb mb\u00ebshtes\u00eb negociatat e an\u00ebtar\u00ebsimit t\u00eb Shqip\u00ebris\u00eb n\u00eb BE n\u00eb lidhje me kapitujt e Cluster One (themeloret s\u00eb pari) p\u00ebrmes p\u00ebrmir\u00ebsimit t\u00eb debatit t\u00eb politikave dhe forcimit t\u00eb llogaridh\u00ebnies dhe rolit t\u00eb OSHC-ve n\u00eb proces.<br clear=\"none\" \/><br clear=\"none\" \/>Grupi i Bazave p\u00ebrmban kapitujt e m\u00ebposht\u00ebm:<br clear=\"none\" \/><br clear=\"none\" \/><strong>23 \u2013 Gjyq\u00ebsori dhe t\u00eb drejtat themelore,<\/strong><br clear=\"none\" \/><br clear=\"none\" \/><strong>24 \u2013 Drejt\u00ebsia, Liria dhe Siguria,<\/strong><br clear=\"none\" \/><br clear=\"none\" \/><strong>\u00a05 \u2013 Prokurimi publik,<\/strong><br clear=\"none\" \/><br clear=\"none\" \/><strong>18 \u2013 Statistikat, dhe<\/strong><br clear=\"none\" \/><br clear=\"none\" \/><strong>32 \u2013 Kontrolli financiar,<\/strong><br clear=\"none\" \/><br clear=\"none\" \/>si dhe kriteret ekonomike; funksionimin e institucioneve demokratike dhe reform\u00ebn e administrat\u00ebs publike.<br clear=\"none\" \/><br clear=\"none\" \/>Ky Cluster do t\u00eb hapet i pari dhe do t\u00eb mbyllet i fundit.[\/cl_text][\/cl_column][\/cl_row][cl_row device_visibility=&#8221;0:none_&#8221; css_style=&#8221;padding-top:25px|padding-bottom:25px&#8221; background_image=&#8221;id:|mime:|url:&#8221;][cl_column device_visibility=&#8221;`{`object Object`}`&#8221; css_style=&#8221;padding-top:20px|padding-bottom:20px&#8221;][cl_media position=&#8221;center&#8221; shadow=&#8221;0&#8243; css_style=&#8221;margin-top:15px&#8221; image=&#8221;id:1493|mime:undefined|url:http%3A%2F%2Fcluster1albania.com%2Fwp-content%2Fuploads%2F2021%2F10%2Flogo_donors-150&#215;150.jpg&#8221;][\/cl_column][\/cl_row][cl_row columns_gap=&#8221;0&#8243; device_visibility=&#8221;`{`object Object`}`&#8221; css_style=&#8221;padding-top:45px|padding-bottom:0px&#8221;][cl_column device_visibility=&#8221;`{`object Object`}`&#8221; css_style=&#8221;padding-top:20px|padding-bottom:20px&#8221;][cl_custom_heading css_style=&#8221;margin-top:15px&#8221;]<\/p>\n<p style=\"text-align: center;\">Objektivat<\/p>\n<p>[\/cl_custom_heading][cl_divider height=&#8221;4&#8243; width_full=&#8221;0&#8243; width=&#8221;107&#8243; align=&#8221;center_divider&#8221; css_style=&#8221;margin-top:10px|margin-bottom:0px&#8221; color=&#8221;#a8db51&#8243;][cl_row_inner css_style=&#8221;margin-top:35px&#8221;][cl_column_inner width=&#8221;1\/4&#8243; css_style=&#8221;padding-top:10px|padding-bottom:10px&#8221;][cl_service media=&#8221;type_icon&#8221; layout_type=&#8221;media_top&#8221; layout_align=&#8221;align_center&#8221; title=&#8221;Mb\u00ebshtetja e institucioneve publike t\u00eb p\u00ebrfshira n\u00eb negociatat me BE-n\u00eb&#8221; wrapper=&#8221;wrapper_circle&#8221; hover_effect=&#8221;wrapper_accent_color&#8221; service_link=&#8221;#&#8221; css_style=&#8221;margin-top:25px&#8221; icon_font_size=&#8221;24&#8243; wrapper_size=&#8221;66&#8243; wrapper_distance=&#8221;15&#8243; title_content_distance=&#8221;8&#8243; title_typography=&#8221;h4&#8243; icon=&#8221;cl-icon-esc&#8221; box_border_color=&#8221;rgba(0,0,0,0)&#8221; icon_color=&#8221;#28406d&#8221; wrapper_border_color=&#8221;#a8db51&#8243; wrapper_bg_color=&#8221;#a8db51&#8243;]Mb\u00ebshtetja e institucioneve publike t\u00eb p\u00ebrfshira n\u00eb negociatat me BE-n\u00eb p\u00ebr Cluster 1, p\u00ebrmes ofrimit t\u00eb ekspertiz\u00ebs dhe advokimit t\u00eb politikave.[\/cl_service][\/cl_column_inner][cl_column_inner width=&#8221;1\/4&#8243; css_style=&#8221;padding-top:10px|padding-bottom:10px&#8221;][cl_service media=&#8221;type_icon&#8221; layout_type=&#8221;media_top&#8221; layout_align=&#8221;align_center&#8221; title=&#8221;Forcimi i llogaridh\u00ebnies dhe p\u00ebrgjegjshm\u00ebris\u00eb &#8221; wrapper=&#8221;wrapper_circle&#8221; hover_effect=&#8221;wrapper_accent_color&#8221; service_link=&#8221;#&#8221; css_style=&#8221;margin-top:25px&#8221; icon_font_size=&#8221;24&#8243; wrapper_size=&#8221;66&#8243; wrapper_distance=&#8221;15&#8243; title_content_distance=&#8221;8&#8243; title_typography=&#8221;h4&#8243; icon=&#8221;cl-icon-pie-graph&#8221; box_border_color=&#8221;rgba(0,0,0,0)&#8221; icon_color=&#8221;#28406d&#8221; wrapper_border_color=&#8221;#a8db51&#8243; wrapper_bg_color=&#8221;#a8db51&#8243;]Forcimi i llogaridh\u00ebnies dhe p\u00ebrgjegjshm\u00ebris\u00eb t\u00eb institucioneve publike t\u00eb p\u00ebrfshira n\u00eb procesin e negociatave me BE-n\u00eb n\u00eb P\u00ebrmbushjen e Cluster 1 dhe ecurin\u00eb e p\u00ebrgjithshme t\u00eb negociatave.[\/cl_service][\/cl_column_inner][cl_column_inner width=&#8221;1\/4&#8243; css_style=&#8221;padding-top:10px|padding-bottom:10px&#8221;][cl_service media=&#8221;type_icon&#8221; layout_type=&#8221;media_top&#8221; layout_align=&#8221;align_center&#8221; title=&#8221;Forcimi i njohurive dhe p\u00ebrfshirjes s\u00eb komunitetit profesional&#8221; wrapper=&#8221;wrapper_circle&#8221; hover_effect=&#8221;wrapper_accent_color&#8221; service_link=&#8221;#&#8221; css_style=&#8221;margin-top:25px&#8221; icon_font_size=&#8221;24&#8243; wrapper_size=&#8221;66&#8243; wrapper_distance=&#8221;15&#8243; title_content_distance=&#8221;8&#8243; title_typography=&#8221;h4&#8243; icon=&#8221;cl-icon-bar-graph-2&#8243; box_border_color=&#8221;rgba(0,0,0,0)&#8221; icon_color=&#8221;#28406d&#8221; wrapper_border_color=&#8221;#a8db51&#8243; wrapper_bg_color=&#8221;#a8db51&#8243;]Forcimi i njohurive dhe p\u00ebrfshirjes s\u00eb komunitetit profesional, grupeve t\u00eb interesit dhe publikut n\u00eb proceset dhe rezultatet q\u00eb kan\u00eb t\u00eb b\u00ebjn\u00eb me negociatat p\u00ebr Cluster 1.[\/cl_service][\/cl_column_inner][cl_column_inner width=&#8221;1\/4&#8243; css_style=&#8221;padding-top:10px|padding-bottom:10px&#8221;][cl_service media=&#8221;type_icon&#8221; layout_type=&#8221;media_top&#8221; layout_align=&#8221;align_center&#8221; title=&#8221;Forcimi i rolit t\u00eb p\u00ebrgjithsh\u00ebm dhe vizibilitetit t\u00eb OShC-ve shqiptare&#8221; wrapper=&#8221;wrapper_circle&#8221; hover_effect=&#8221;wrapper_accent_color&#8221; service_link=&#8221;#&#8221; css_style=&#8221;margin-top:25px&#8221; icon_font_size=&#8221;24&#8243; wrapper_size=&#8221;66&#8243; wrapper_distance=&#8221;15&#8243; title_content_distance=&#8221;8&#8243; title_typography=&#8221;h4&#8243; icon=&#8221;cl-icon-bar-graph-2&#8243; box_border_color=&#8221;rgba(0,0,0,0)&#8221; icon_color=&#8221;#28406d&#8221; wrapper_border_color=&#8221;#a8db51&#8243; wrapper_bg_color=&#8221;#a8db51&#8243;]Forcimi i rolit t\u00eb p\u00ebrgjithsh\u00ebm dhe vizibilitetit t\u00eb OShC-ve shqiptare n\u00eb procesin e negociatave me BE-n\u00eb.[\/cl_service][\/cl_column_inner][\/cl_row_inner][cl_divider css_style=&#8221;margin-top:45px&#8221; color=&#8221;#ebebeb&#8221;][\/cl_column][\/cl_row][cl_row columns_gap=&#8221;0&#8243; device_visibility=&#8221;`{`object Object`}`&#8221; css_style=&#8221;padding-top:45px|padding-bottom:0px&#8221;][cl_column device_visibility=&#8221;`{`object Object`}`&#8221; css_style=&#8221;padding-top:20px|padding-bottom:20px&#8221;][cl_row_inner css_style=&#8221;margin-top:35px&#8221;][cl_column_inner width=&#8221;2\/3&#8243; css_style=&#8221;padding-top:10px|padding-bottom:10px&#8221;][cl_custom_heading css_style=&#8221;margin-top:15px&#8221;]<\/p>\n<p style=\"text-align: left;\">Nevoja p\u00ebr zbatimin e projektit<\/p>\n<p>[\/cl_custom_heading][cl_divider height=&#8221;4&#8243; width_full=&#8221;0&#8243; width=&#8221;107&#8243; align=&#8221;left_divider&#8221; css_style=&#8221;margin-top:10px|margin-bottom:0px&#8221; color=&#8221;#a8db51&#8243;][cl_text css_style=&#8221;margin-top:35px&#8221;]1. Pavar\u00ebsisht r\u00ebnd\u00ebsis\u00eb politike t\u00eb mb\u00ebshtetjes popullore p\u00ebr procesin, an\u00ebtar\u00ebsimi n\u00eb BE \u00ebsht\u00eb mbi t\u00eb gjitha nj\u00eb proces q\u00eb p\u00ebrfshin s\u00eb pari p\u00ebrgatitjen e vendit aspirues p\u00ebr t\u00eb zbatuar acquis t\u00eb BE-s\u00eb. N\u00eb p\u00ebrgjith\u00ebsi, kjo mbetet pak e njohur p\u00ebr qytetar\u00ebt, grupet dhe pal\u00ebt e ndryshme t\u00eb interesit. Si i till\u00eb, procesi i integrimit n\u00eb BE n\u00eb Shqip\u00ebri \u00ebsht\u00eb kuadratuar si shum\u00eb teknik dhe i kuptuesh\u00ebm vet\u00ebm nga ekspert\u00eb p\u00ebr \u00e7\u00ebshtjet e BE-s\u00eb.<\/p>\n<p>2. Deri m\u00eb tani, burimi kryesor i informacionit p\u00ebr publikun mbi procesin e integrimit n\u00eb BE kan\u00eb qen\u00eb Progres Raportet e KE. Sidoqoft\u00eb, k\u00ebto raporte zakonisht kan\u00eb pasur pak jehon\u00eb n\u00eb opinionin publik dhe rezultatet e tyre nuk jan\u00eb p\u00ebrdorur nga media apo OSHC-t\u00eb p\u00ebr t\u00eb advokuar debatin publik.<\/p>\n<p>3. Media shqiptare gjithashtu nuk ka arritur t\u00eb ndjek\u00eb promovimin e debatit mbi p\u00ebrparimin e vendit bazuar n\u00eb Progres Raportet, p\u00ebrve\u00e7 aspekteve t\u00eb caktuara q\u00eb lidhen me kriteret politike si zgjedhjet dhe koh\u00ebt e fundit reform\u00ebn n\u00eb sektorin e drejt\u00ebsis\u00eb. Kjo ka pasur efekte negative n\u00eb procesin e llogaridh\u00ebnies dhe rrall\u00eb institucionet p\u00ebrkat\u00ebse dhe zyrtar\u00ebt e zgjedhur jan\u00eb sfiduar n\u00eb debatin publik lidhur me rezultatet e dob\u00ebta t\u00eb arritura deri m\u00eb tani.<\/p>\n<p>4. Gjat\u00eb dekad\u00ebs nga aplikimi i Shqip\u00ebris\u00eb si vend kandidat n\u00eb BE n\u00eb 2009, deri n\u00eb vendimin e K\u00ebshillit Evropian p\u00ebr hapjen e negociatave t\u00eb pranimit n\u00eb Mars 2020, deklaratat dhe premtimet politike nuk kan\u00eb korresponduar me zbatimin e tyre. Modeli i d\u00ebshtimit p\u00ebr t\u00eb p\u00ebrmbushur pak detyrime dhe rekomandime t\u00eb BE-s\u00eb, e ka zvarritur p\u00ebr kaq gjat\u00eb procesin e Shqip\u00ebris\u00eb p\u00ebr hapjen e negociatave.<\/p>\n<p>5. Angazhimi i OSHC-ve n\u00eb procesin e integrimit me BE ka qen\u00eb i r\u00ebnd\u00ebsish\u00ebm n\u00eb Shqip\u00ebri, por deri m\u00eb tani veprimi i OShC-ve n\u00eb k\u00ebt\u00eb drejtim ka qen\u00eb i fragmentuar dhe i nd\u00ebrprer\u00eb. Hapja e negociatave t\u00eb pranimit dhe proceset pasuese k\u00ebrkojn\u00eb nj\u00eb fokus dhe vazhdim\u00ebsi t\u00eb shtuar t\u00eb veprimit, ve\u00e7an\u00ebrisht n\u00eb lidhje me sigurimin e llogaridh\u00ebnies s\u00eb institucioneve politike dhe publike, e cila mbetet nj\u00eb nga hallkat m\u00eb t\u00eb dob\u00ebta.<\/p>\n<p>6. Negociatat me BE-n\u00eb jan\u00eb nj\u00eb proces sfidues, duke krijuar nj\u00eb presion t\u00eb madh n\u00eb institucionet publike, t\u00eb cilat do t\u00eb ofrojn\u00eb zbatimin e udh\u00ebrr\u00ebfyesve dhe planeve t\u00eb veprimit t\u00eb dakord\u00ebsuara si dhe arritjen e standardeve. Me q\u00ebllim q\u00eb metodologjia e re t\u00eb jap\u00eb rezultate dhe t\u00eb siguroj\u00eb negociata dhe reforma t\u00eb suksesshme, procesi duhet t\u00eb p\u00ebrputhet me mobilizimin e kapaciteteve t\u00eb p\u00ebrshtatshme.<\/p>\n<p>[\/cl_text][\/cl_column_inner][cl_column_inner width=&#8221;1\/3&#8243; css_style=&#8221;padding-top:10px|padding-bottom:10px&#8221;][cl_custom_heading css_style=&#8221;margin-top:15px&#8221;]<\/p>\n<p style=\"text-align: left;\">Rezultatet e pritshme<\/p>\n<p>[\/cl_custom_heading][cl_divider height=&#8221;4&#8243; width_full=&#8221;0&#8243; width=&#8221;107&#8243; align=&#8221;left_divider&#8221; css_style=&#8221;margin-top:10px|margin-bottom:0px&#8221; color=&#8221;#a8db51&#8243;][cl_text css_style=&#8221;margin-top:m|margin-bottom:m|margin-left:m|margin-right:m|padding-top:m|padding-bottom:m|padding-left:m|padding-right:m|border-top-width:0px|border-bottom-width:0px|border-left-width:0px|border-right-width:0px&#8221;]<\/p>\n<ol>\n<li>\u00a0<b>Rritje e njohurive dhe nd\u00ebrgjegj\u00ebsimit<\/b> mbi proceset dhe rezultatet q\u00eb lidhen me negociatat p\u00ebr Cluster 1 t\u00eb vendimmarr\u00ebsve p\u00ebrkat\u00ebs dhe pal\u00ebve t\u00eb interesit.2. <b>Nj\u00eb debat i mir\u00ebinformuar<\/b> mbi \u00e7\u00ebshtjet, rolet dhe p\u00ebrgjegj\u00ebsit\u00eb p\u00ebrkat\u00ebse t\u00eb institucioneve publike t\u00eb p\u00ebrfshira.3. <b>P\u00ebrfshirje proaktive<\/b> komuniteteve profesionale dhe institucioneve publike n\u00eb procesin e negociatave t\u00eb Cluster 1.4.<b> Forcimi i llogaridh\u00ebnies<\/b> s\u00eb institucioneve publike p\u00ebr realizimin e procesit t\u00eb negociatave p\u00ebr Cluster 1.5. <b>Forcimi i pjes\u00ebmarrjes dhe rolit t\u00eb kapaciteteve t\u00eb shoq\u00ebris\u00eb civile<\/b> n\u00eb procesin e negociatave t\u00eb Cluster 1.<\/li>\n<\/ol>\n<p>[\/cl_text][\/cl_column_inner][\/cl_row_inner][\/cl_column][\/cl_row][cl_row columns_gap=&#8221;0&#8243; device_visibility=&#8221;`{`object Object`}`&#8221; css_style=&#8221;padding-top:45px|padding-bottom:0px&#8221;][cl_column device_visibility=&#8221;`{`object Object`}`&#8221; css_style=&#8221;padding-top:20px|padding-bottom:20px&#8221;][cl_row_inner css_style=&#8221;margin-top:35px&#8221;][cl_column_inner width=&#8221;1\/2&#8243; css_style=&#8221;padding-top:10px|padding-bottom:10px&#8221;][cl_custom_heading css_style=&#8221;margin-top:15px&#8221;]<\/p>\n<p style=\"text-align: left;\">Target group<\/p>\n<p>[\/cl_custom_heading][cl_divider height=&#8221;4&#8243; width_full=&#8221;0&#8243; width=&#8221;107&#8243; align=&#8221;left_divider&#8221; css_style=&#8221;margin-top:10px|margin-bottom:0px&#8221; color=&#8221;#a8db51&#8243;][cl_text css_style=&#8221;margin-top:35px&#8221;]<\/p>\n<ul>\n<li>Institucionet publike t\u00eb p\u00ebrfshira n\u00eb procesin e negociatave me BE-n\u00eb dhe negociatat p\u00ebr Cluster 1.<\/li>\n<li>Komuniteti k\u00ebrkimor dhe akademia<\/li>\n<li>Organizatat e shoq\u00ebris\u00eb civile<\/li>\n<li>Media<\/li>\n<\/ul>\n<p>[\/cl_text][\/cl_column_inner][cl_column_inner width=&#8221;1\/2&#8243; css_style=&#8221;padding-top:10px|padding-bottom:10px&#8221;][cl_custom_heading css_style=&#8221;margin-top:m|margin-bottom:m|margin-left:m|margin-right:m|padding-top:m|padding-bottom:m|padding-left:m|padding-right:m|border-top-width:0px|border-bottom-width:0px|border-left-width:0px|border-right-width:0px&#8221;]Organizatat partnere<\/p>\n<p>[\/cl_custom_heading][cl_divider height=&#8221;4&#8243; width_full=&#8221;0&#8243; width=&#8221;107&#8243; align=&#8221;left_divider&#8221; css_style=&#8221;margin-top:10px|margin-bottom:0px&#8221; color=&#8221;#a8db51&#8243;][cl_text css_style=&#8221;margin-top:35px&#8221;]<\/p>\n<ul>\n<li>Komiteti Shqiptar i Helsinkit (https:\/\/ahc.org.al)<\/li>\n<li>Qendra p\u00ebr Studimin e Demokracis\u00eb dhe Qeverisjes (http:\/\/csdgalbania.org)<\/li>\n<li>Instituti Shqiptar i Shkenc\u00ebs (http:\/\/ais.al\/new\/)<\/li>\n<li>Instituti i Studimeve Politike (https:\/\/isp.com.al)<\/li>\n<\/ul>\n<p>[\/cl_text][\/cl_column_inner][\/cl_row_inner][cl_divider css_style=&#8221;margin-top:45px&#8221; color=&#8221;#ebebeb&#8221;][cl_media shadow=&#8221;0&#8243; css_style=&#8221;margin-top:15px&#8221; image=&#8221;id:1545|url:http%253A%252F%252Fcluster1albania.com%252Fsq%252Fwp-content%252Fuploads%252F2021%252F10%252Fc1_05_02.jpg&#8221;][\/cl_column][\/cl_row]<\/p>\n","protected":false},"excerpt":{"rendered":"<p>[cl_row columns_gap=&#8221;0&#8243; device_visibility=&#8221;0:none_&#8221; css_style=&#8221;padding-top:50px|padding-bottom:35px|padding-left:50px|padding-right:0&#8243; background_color=&#8221;#f3f3f3&#8243; border_color=&#8221;#28406d&#8221; background_image=&#8221;id:|mime:|url:&#8221;][cl_column device_visibility=&#8221;0:none_&#8221; css_style=&#8221;padding-top:0px|padding-bottom:0px|border-top-width:0px|border-bottom-width:0px|border-left-width:0px|border-right-width:0px&#8221; background_image=&#8221;id:|mime:|url:&#8221;][cl_custom_heading css_style=&#8221;margin-top:15px&#8221;] Rreth projektit [\/cl_custom_heading][cl_divider height=&#8221;4&#8243; width_full=&#8221;0&#8243; width=&#8221;107&#8243; align=&#8221;left_divider&#8221; css_style=&#8221;margin-top:10px|margin-bottom:0px&#8221; color=&#8221;#a8db51&#8243;][cl_text margin_paragraphs=&#8221;0&#8243; custom_typography=&#8221;0&#8243; custom_responsive_992_bool=&#8221;0&#8243; custom_responsive_768_bool=&#8221;0&#8243; css_style=&#8221;margin-top:m|margin-bottom:m|margin-left:m|margin-right:m|padding-top:m|padding-bottom:m|padding-left:m|padding-right:m|border-top-width:0px|border-bottom-width:0px|border-left-width:0px|border-right-width:0px&#8221;]Shqip\u00ebria aplikoi zyrtarisht p\u00ebr an\u00ebtar\u00ebsim n\u00eb BE n\u00eb vitin 2009 dhe ka qen\u00eb nj\u00eb vend kandidat [&hellip;]<\/p>\n","protected":false},"author":1,"featured_media":0,"parent":0,"menu_order":0,"comment_status":"closed","ping_status":"closed","template":"","meta":{"footnotes":""},"class_list":["post-28","page","type-page","status-publish","hentry"],"_links":{"self":[{"href":"http:\/\/cluster1albania.com\/sq\/wp-json\/wp\/v2\/pages\/28","targetHints":{"allow":["GET"]}}],"collection":[{"href":"http:\/\/cluster1albania.com\/sq\/wp-json\/wp\/v2\/pages"}],"about":[{"href":"http:\/\/cluster1albania.com\/sq\/wp-json\/wp\/v2\/types\/page"}],"author":[{"embeddable":true,"href":"http:\/\/cluster1albania.com\/sq\/wp-json\/wp\/v2\/users\/1"}],"replies":[{"embeddable":true,"href":"http:\/\/cluster1albania.com\/sq\/wp-json\/wp\/v2\/comments?post=28"}],"version-history":[{"count":22,"href":"http:\/\/cluster1albania.com\/sq\/wp-json\/wp\/v2\/pages\/28\/revisions"}],"predecessor-version":[{"id":1915,"href":"http:\/\/cluster1albania.com\/sq\/wp-json\/wp\/v2\/pages\/28\/revisions\/1915"}],"wp:attachment":[{"href":"http:\/\/cluster1albania.com\/sq\/wp-json\/wp\/v2\/media?parent=28"}],"curies":[{"name":"wp","href":"https:\/\/api.w.org\/{rel}","templated":true}]}}