{"id":1649,"date":"2022-03-18T16:40:00","date_gmt":"2022-03-18T16:40:00","guid":{"rendered":"http:\/\/cluster1albania.com\/sq\/?page_id=1649"},"modified":"2022-05-18T17:00:56","modified_gmt":"2022-05-18T17:00:56","slug":"procesi-i-vettingut-ne-kuader-te-detyrimeve-te-integrimit-ne-bashkimin-evropian","status":"publish","type":"page","link":"https:\/\/cluster1albania.com\/sq\/procesi-i-vettingut-ne-kuader-te-detyrimeve-te-integrimit-ne-bashkimin-evropian\/","title":{"rendered":"\u201cPROCESI I VETTINGUT N\u00cb KUAD\u00cbR T\u00cb DETYRIMEVE T\u00cb INTEGRIMIT N\u00cb BASHKIMIN EVROPIAN\u201d"},"content":{"rendered":"\n<p>Procesi i rivler\u00ebsimit kalimtar t\u00eb gjyqtar\u00ebve dhe prokuror\u00ebve, p\u00ebrb\u00ebn nj\u00eb nga shtyllat ky\u00e7 t\u00eb Reform\u00ebs n\u00eb Sistemin e Drejt\u00ebsis\u00eb. Ky proces mbart nj\u00eb r\u00ebnd\u00ebsi t\u00eb ve\u00e7ant\u00eb edhe n\u00eb kuad\u00ebr t\u00eb integrimit t\u00eb Shqip\u00ebris\u00eb n\u00eb Bashkimin Europian, pasi p\u00ebrb\u00ebn nj\u00eb nd\u00ebr kushtet kryesore p\u00ebr hapjen e negociatave.<\/p>\n\n\n\n<p>N\u00eb k\u00ebt\u00eb kontekst, Komiteti Shqiptar i Helsinkit (KShH),&nbsp; n\u00eb kuad\u00ebr t\u00eb projektit \u201cC1-EU-NPA- Platforma e Shoq\u00ebris\u00eb Civile p\u00ebr negociatat e Grupit t\u00eb Par\u00eb t\u00eb Kapitujve (CLUSTER 1) me Bashkimin Europian\u201d, si dhe monitorimit t\u00eb vazhduesh\u00ebm q\u00eb KShH ka realizuar ndaj k\u00ebtij procesi, n\u00eb kuad\u00ebr t\u00eb misionit t\u00eb tij p\u00ebr respektimin e t\u00eb drejtave t\u00eb njeriut, ka&nbsp; hartuar nj\u00eb dokument politikash&nbsp;<strong>\u201cProcesi i rivler\u00ebsimit kalimtar t\u00eb prokuror\u00ebve dhe gjyqtar\u00ebve n\u00eb kuad\u00ebr t\u00eb detyrimeve p\u00ebr integrim n\u00eb Bashkimin Evropian\u201d.&nbsp;<\/strong><\/p>\n\n\n\n<p>Ky dokument politikash, ka p\u00ebr synim t\u00eb prezantoj\u00eb ecurin\u00eb dhe mbar\u00ebvajtjen e procesit t\u00eb vettingut n\u00eb k\u00ebndv\u00ebshtrim t\u00eb detyrimeve kryesore q\u00eb burojn\u00eb nga procesi i integrimit evropian.Q\u00ebllimi i k\u00ebtij dokumenti politikash konsiston n\u00eb identifikimin e v\u00ebshtir\u00ebsive dhe problematikave me t\u00eb cilat jan\u00eb p\u00ebrballur k\u00ebto organe, duke disponuar 30 vendimmarrje interesante p\u00ebr publikun n\u00eb vitin 2021, si dhe adresimin e rekomandimeve n\u00eb funksion t\u00eb rritjes s\u00eb standardit n\u00eb zbatimin e ligjit, konsolidimit t\u00eb praktik\u00ebs, si dhe rritjen e transparenc\u00ebs e besimit t\u00eb publikut<\/p>\n\n\n\n<p><\/p>\n\n\n\n<div style=\"height:100px\" aria-hidden=\"true\" class=\"wp-block-spacer\"><\/div>\n\n\n\n<figure class=\"wp-block-embed-pdf-viewer-pdf wp-block-embed-pdf-viewer-pdf__content-wrapper aligncenter\"><object class=\"embed-pdf-viewer\" data=\"http:\/\/cluster1albania.com\/sq\/wp-content\/uploads\/2022\/05\/Final_Policy-Paper-1-_-Vetting-Process-_per-layout-01.pdf#scrollbar=1&amp;toolbar=1\" type=\"application\/pdf\" height=\"879\" width=\"879\"><\/object><iframe loading=\"lazy\" class=\"embed-pdf-viewer\" src=\"https:\/\/docs.google.com\/viewer?url=http%3A%2F%2Fcluster1albania.com%2Fsq%2Fwp-content%2Fuploads%2F2022%2F05%2FFinal_Policy-Paper-1-_-Vetting-Process-_per-layout-01.pdf&amp;embedded=true\" frameborder=\"0\" height=\"879\" width=\"879\"><\/iframe><\/figure>\n\n\n\n<div style=\"height:100px\" aria-hidden=\"true\" class=\"wp-block-spacer\"><\/div>\n\n\n\n<figure class=\"wp-block-embed is-type-video is-provider-youtube wp-block-embed-youtube wp-embed-aspect-16-9 wp-has-aspect-ratio\"><div class=\"wp-block-embed__wrapper\">\n<iframe loading=\"lazy\" title=\"Vettingu n\u00eb optik\u00ebn e Komitetit Shqiptar t\u00eb Helsinkit, n\u00eb kuad\u00ebr t\u00eb procesit t\u00eb Integrimit Evropian\" width=\"1070\" height=\"602\" src=\"https:\/\/www.youtube.com\/embed\/KVW8uV_0RxI?start=1089&#038;feature=oembed\" frameborder=\"0\" allow=\"accelerometer; autoplay; clipboard-write; encrypted-media; gyroscope; picture-in-picture\" allowfullscreen><\/iframe>\n<\/div><\/figure>\n","protected":false},"excerpt":{"rendered":"<p>Procesi i rivler\u00ebsimit kalimtar t\u00eb gjyqtar\u00ebve dhe prokuror\u00ebve, p\u00ebrb\u00ebn nj\u00eb nga shtyllat ky\u00e7 t\u00eb Reform\u00ebs n\u00eb Sistemin e Drejt\u00ebsis\u00eb. Ky proces mbart nj\u00eb r\u00ebnd\u00ebsi t\u00eb ve\u00e7ant\u00eb edhe n\u00eb kuad\u00ebr t\u00eb integrimit t\u00eb Shqip\u00ebris\u00eb n\u00eb Bashkimin Europian, pasi p\u00ebrb\u00ebn nj\u00eb nd\u00ebr [&hellip;]<\/p>\n","protected":false},"author":1,"featured_media":0,"parent":0,"menu_order":0,"comment_status":"closed","ping_status":"closed","template":"","meta":{"footnotes":""},"class_list":["post-1649","page","type-page","status-publish","hentry"],"_links":{"self":[{"href":"https:\/\/cluster1albania.com\/sq\/wp-json\/wp\/v2\/pages\/1649","targetHints":{"allow":["GET"]}}],"collection":[{"href":"https:\/\/cluster1albania.com\/sq\/wp-json\/wp\/v2\/pages"}],"about":[{"href":"https:\/\/cluster1albania.com\/sq\/wp-json\/wp\/v2\/types\/page"}],"author":[{"embeddable":true,"href":"https:\/\/cluster1albania.com\/sq\/wp-json\/wp\/v2\/users\/1"}],"replies":[{"embeddable":true,"href":"https:\/\/cluster1albania.com\/sq\/wp-json\/wp\/v2\/comments?post=1649"}],"version-history":[{"count":2,"href":"https:\/\/cluster1albania.com\/sq\/wp-json\/wp\/v2\/pages\/1649\/revisions"}],"predecessor-version":[{"id":1652,"href":"https:\/\/cluster1albania.com\/sq\/wp-json\/wp\/v2\/pages\/1649\/revisions\/1652"}],"wp:attachment":[{"href":"https:\/\/cluster1albania.com\/sq\/wp-json\/wp\/v2\/media?parent=1649"}],"curies":[{"name":"wp","href":"https:\/\/api.w.org\/{rel}","templated":true}]}}