{"id":1683,"date":"2022-09-07T08:47:36","date_gmt":"2022-09-07T08:47:36","guid":{"rendered":"https:\/\/cluster1albania.com\/sq\/?page_id=1683"},"modified":"2022-09-07T08:49:21","modified_gmt":"2022-09-07T08:49:21","slug":"roli-i-spak-dhe-gjykatave-te-posacme-ne-drejtim-te-permiresimit-te-pergatitjes-se-vendit-per-antaresimin-ne-bashkimin-evropian","status":"publish","type":"page","link":"https:\/\/cluster1albania.com\/sq\/roli-i-spak-dhe-gjykatave-te-posacme-ne-drejtim-te-permiresimit-te-pergatitjes-se-vendit-per-antaresimin-ne-bashkimin-evropian\/","title":{"rendered":"Roli i SPAK dhe Gjykatave t\u00eb Posa\u00e7me n\u00eb drejtim t\u00eb p\u00ebrmir\u00ebsimit t\u00eb p\u00ebrgatitjes s\u00eb vendit p\u00ebr antar\u00ebsimin n\u00eb Bashkimin Evropian"},"content":{"rendered":"\n<p><\/p>\n\n\n\n<figure class=\"wp-block-embed-pdf-viewer-pdf wp-block-embed-pdf-viewer-pdf__content-wrapper aligncenter\"><object class=\"embed-pdf-viewer\" data=\"https:\/\/cluster1albania.com\/sq\/wp-content\/uploads\/2022\/09\/Policy-Paper-2-FINAL-ALB-1.pdf#scrollbar=1&amp;toolbar=1\" type=\"application\/pdf\" height=\"600\" width=\"600\"><\/object><iframe loading=\"lazy\" class=\"embed-pdf-viewer\" src=\"https:\/\/docs.google.com\/viewer?url=https%3A%2F%2Fcluster1albania.com%2Fsq%2Fwp-content%2Fuploads%2F2022%2F09%2FPolicy-Paper-2-FINAL-ALB-1.pdf&amp;embedded=true\" frameborder=\"0\" height=\"600\" width=\"600\"><\/iframe><\/figure>\n","protected":false},"excerpt":{"rendered":"","protected":false},"author":1,"featured_media":0,"parent":0,"menu_order":0,"comment_status":"closed","ping_status":"closed","template":"","meta":{"footnotes":""},"class_list":["post-1683","page","type-page","status-publish","hentry"],"_links":{"self":[{"href":"https:\/\/cluster1albania.com\/sq\/wp-json\/wp\/v2\/pages\/1683","targetHints":{"allow":["GET"]}}],"collection":[{"href":"https:\/\/cluster1albania.com\/sq\/wp-json\/wp\/v2\/pages"}],"about":[{"href":"https:\/\/cluster1albania.com\/sq\/wp-json\/wp\/v2\/types\/page"}],"author":[{"embeddable":true,"href":"https:\/\/cluster1albania.com\/sq\/wp-json\/wp\/v2\/users\/1"}],"replies":[{"embeddable":true,"href":"https:\/\/cluster1albania.com\/sq\/wp-json\/wp\/v2\/comments?post=1683"}],"version-history":[{"count":3,"href":"https:\/\/cluster1albania.com\/sq\/wp-json\/wp\/v2\/pages\/1683\/revisions"}],"predecessor-version":[{"id":1688,"href":"https:\/\/cluster1albania.com\/sq\/wp-json\/wp\/v2\/pages\/1683\/revisions\/1688"}],"wp:attachment":[{"href":"https:\/\/cluster1albania.com\/sq\/wp-json\/wp\/v2\/media?parent=1683"}],"curies":[{"name":"wp","href":"https:\/\/api.w.org\/{rel}","templated":true}]}}