{"id":1798,"date":"2023-02-12T21:18:51","date_gmt":"2023-02-12T21:18:51","guid":{"rendered":"https:\/\/cluster1albania.com\/sq\/?page_id=1798"},"modified":"2023-03-26T19:19:40","modified_gmt":"2023-03-26T19:19:40","slug":"news-2","status":"publish","type":"page","link":"https:\/\/cluster1albania.com\/sq\/news-2\/","title":{"rendered":"Aktivete \/ T\u00eb reja"},"content":{"rendered":"[cl_row][cl_column][cl_text]\r\n\t\t<div class=\"bdp-post-grid-main bdp-design-2 bdpgrid-3 bdp-clearfix\">\t\t\t\r\n\t\t\t<div class=\"bdp-post-grid bdp-medium-4 bdp-columns  bdp-first\">\r\n\t<div class=\"bdp-post-grid-content \">\r\n\t\t\t\t<div class=\"bdp-post-image-bg\">\r\n\t\t\t<a href=\"https:\/\/cluster1albania.com\/sq\/dritehijet-dhe-efektet-e-hartes-se-re-gjyqesore\/\">\r\n\t\t\t\t<img decoding=\"async\" src=\"https:\/\/cluster1albania.com\/sq\/wp-content\/uploads\/2023\/02\/329569470_957432695250651_1544188381857797688_n-1024x547.jpg\" alt=\"Drit\u00ebhijet dhe Efektet e Hart\u00ebs s\u00eb Re Gjyq\u00ebsore\" \/>\r\n\t\t\t<\/a>\r\n\t\t<\/div>\r\n\t\t\t\t<div class=\"bdp-post-margin-content\">\r\n\t\t\t\r\n\t\t\t<h2 class=\"bdp-post-title\">\r\n\t\t\t\t<a href=\"https:\/\/cluster1albania.com\/sq\/dritehijet-dhe-efektet-e-hartes-se-re-gjyqesore\/\">Drit\u00ebhijet dhe Efektet e Hart\u00ebs s\u00eb Re Gjyq\u00ebsore<\/a>\r\n\t\t\t<\/h2>\r\n\r\n\t\t\t\t\t\t\t<div class=\"bdp-post-meta\">\r\n\t\t\t\t\t\t\t\t\t\t\t<span class=\"bdp-post-meta-innr bdp-time\"> February 8, 2023 <\/span>\r\n\t\t\t\t\t\t\t\t\t<\/div>\r\n\t\t\t\t\t\t<div class=\"bdp-post-content\">\r\n\t\t\t\t<div class=\"bdp-post-short-content\">Komiteti Shqiptar i Helsinkit organizoi nj\u00eb tryez\u00eb t\u00eb hapur diskutimi, p\u00ebr t\u00eb prezantuar dokumentin e q\u00ebndrimeve \u201cDrit\u00ebhijet dhe Efektet e...<\/div>\r\n\t\t\t\t\t\t\t\t\t<a href=\"https:\/\/cluster1albania.com\/sq\/dritehijet-dhe-efektet-e-hartes-se-re-gjyqesore\/\" class=\"bdp-readmorebtn\">Read More<\/a>\r\n\t\t\t\t\t\t\t<\/div>\r\n\t\t\t\t\t<\/div>\r\n\t<\/div>\r\n<\/div><div class=\"bdp-post-grid bdp-medium-4 bdp-columns \">\r\n\t<div class=\"bdp-post-grid-content \">\r\n\t\t\t\t<div class=\"bdp-post-image-bg\">\r\n\t\t\t<a href=\"https:\/\/cluster1albania.com\/sq\/kontrolli-i-integritetit-te-kontraktoreve-publik-praktikat-eu-dhe-kontraktimi-ne-kontekstin-shqiptar\/\">\r\n\t\t\t\t<img decoding=\"async\" src=\"https:\/\/cluster1albania.com\/sq\/wp-content\/uploads\/2023\/02\/MAL_9468-1-1024x683.jpg\" alt=\"Kontrolli i Integritetit t\u00eb Kontraktor\u00ebve Publik, praktikat EU dhe kontraktimi n\u00eb Kontekstin Shqiptar\" \/>\r\n\t\t\t<\/a>\r\n\t\t<\/div>\r\n\t\t\t\t<div class=\"bdp-post-margin-content\">\r\n\t\t\t\r\n\t\t\t<h2 class=\"bdp-post-title\">\r\n\t\t\t\t<a href=\"https:\/\/cluster1albania.com\/sq\/kontrolli-i-integritetit-te-kontraktoreve-publik-praktikat-eu-dhe-kontraktimi-ne-kontekstin-shqiptar\/\">Kontrolli i Integritetit t\u00eb Kontraktor\u00ebve Publik, praktikat EU dhe kontraktimi n\u00eb Kontekstin Shqiptar<\/a>\r\n\t\t\t<\/h2>\r\n\r\n\t\t\t\t\t\t\t<div class=\"bdp-post-meta\">\r\n\t\t\t\t\t\t\t\t\t\t\t<span class=\"bdp-post-meta-innr bdp-time\"> February 1, 2023 <\/span>\r\n\t\t\t\t\t\t\t\t\t<\/div>\r\n\t\t\t\t\t\t<div class=\"bdp-post-content\">\r\n\t\t\t\t<div class=\"bdp-post-short-content\">Startoi \u201cShkurti Muaji i Angazhimit Civil p\u00ebr EU Integrim\u201d \u2013 AIS prezanton Dokumentin mbi Kontrollin e Integritetit t\u00eb Kontraktor\u00ebve Publik,...<\/div>\r\n\t\t\t\t\t\t\t\t\t<a href=\"https:\/\/cluster1albania.com\/sq\/kontrolli-i-integritetit-te-kontraktoreve-publik-praktikat-eu-dhe-kontraktimi-ne-kontekstin-shqiptar\/\" class=\"bdp-readmorebtn\">Read More<\/a>\r\n\t\t\t\t\t\t\t<\/div>\r\n\t\t\t\t\t<\/div>\r\n\t<\/div>\r\n<\/div><div class=\"bdp-post-grid bdp-medium-4 bdp-columns \">\r\n\t<div class=\"bdp-post-grid-content \">\r\n\t\t\t\t<div class=\"bdp-post-image-bg\">\r\n\t\t\t<a href=\"https:\/\/cluster1albania.com\/sq\/a-ka-nevoje-shqiperia-per-nje-proces-de-oligarkizimi\/\">\r\n\t\t\t\t<img decoding=\"async\" src=\"https:\/\/cluster1albania.com\/sq\/wp-content\/uploads\/2023\/02\/327432544_744760656816043_251174700804877917_n-1024x723.jpg\" alt=\"A ka nevoj\u00eb Shqip\u00ebria p\u00ebr nj\u00eb proces de-oligarkizimi?\" \/>\r\n\t\t\t<\/a>\r\n\t\t<\/div>\r\n\t\t\t\t<div class=\"bdp-post-margin-content\">\r\n\t\t\t\r\n\t\t\t<h2 class=\"bdp-post-title\">\r\n\t\t\t\t<a href=\"https:\/\/cluster1albania.com\/sq\/a-ka-nevoje-shqiperia-per-nje-proces-de-oligarkizimi\/\">A ka nevoj\u00eb Shqip\u00ebria p\u00ebr nj\u00eb proces de-oligarkizimi?<\/a>\r\n\t\t\t<\/h2>\r\n\r\n\t\t\t\t\t\t\t<div class=\"bdp-post-meta\">\r\n\t\t\t\t\t\t\t\t\t\t\t<span class=\"bdp-post-meta-innr bdp-time\"> January 25, 2023 <\/span>\r\n\t\t\t\t\t\t\t\t\t<\/div>\r\n\t\t\t\t\t\t<div class=\"bdp-post-content\">\r\n\t\t\t\t<div class=\"bdp-post-short-content\">Tryeza e Diskutimit e organizuar nga CSDG - Qendra p\u00ebr Studimin e Demokracis\u00eb dhe Qeverisjes kishte si q\u00ebllim t\u00eb adresonte...<\/div>\r\n\t\t\t\t\t\t\t\t\t<a href=\"https:\/\/cluster1albania.com\/sq\/a-ka-nevoje-shqiperia-per-nje-proces-de-oligarkizimi\/\" class=\"bdp-readmorebtn\">Read More<\/a>\r\n\t\t\t\t\t\t\t<\/div>\r\n\t\t\t\t\t<\/div>\r\n\t<\/div>\r\n<\/div><div class=\"bdp-post-grid bdp-medium-4 bdp-columns  bdp-first\">\r\n\t<div class=\"bdp-post-grid-content \">\r\n\t\t\t\t<div class=\"bdp-post-image-bg\">\r\n\t\t\t<a href=\"https:\/\/cluster1albania.com\/sq\/sfidat-e-edukimit-ligjor-te-publikut-ne-shqiperi\/\">\r\n\t\t\t\t<img decoding=\"async\" src=\"https:\/\/cluster1albania.com\/sq\/wp-content\/uploads\/2023\/01\/320172130_706213367590920_3249842448340199374_n-1024x683.jpg\" alt=\"Sfidat e Edukimit Ligjor t\u00eb Publikut n\u00eb Shqip\u00ebri\" \/>\r\n\t\t\t<\/a>\r\n\t\t<\/div>\r\n\t\t\t\t<div class=\"bdp-post-margin-content\">\r\n\t\t\t\r\n\t\t\t<h2 class=\"bdp-post-title\">\r\n\t\t\t\t<a href=\"https:\/\/cluster1albania.com\/sq\/sfidat-e-edukimit-ligjor-te-publikut-ne-shqiperi\/\">Sfidat e Edukimit Ligjor t\u00eb Publikut n\u00eb Shqip\u00ebri<\/a>\r\n\t\t\t<\/h2>\r\n\r\n\t\t\t\t\t\t\t<div class=\"bdp-post-meta\">\r\n\t\t\t\t\t\t\t\t\t\t\t<span class=\"bdp-post-meta-innr bdp-time\"> December 14, 2022 <\/span>\r\n\t\t\t\t\t\t\t\t\t<\/div>\r\n\t\t\t\t\t\t<div class=\"bdp-post-content\">\r\n\t\t\t\t<div class=\"bdp-post-short-content\">Komiteti Shqiptar i Helsinkit organizoi nj\u00eb tryez\u00eb t\u00eb rrumbullak\u00ebt konsultimi p\u00ebr prezantimin e gjetjeve dhe rekomandimeve t\u00eb Dokumentit t\u00eb Politikave:...<\/div>\r\n\t\t\t\t\t\t\t\t\t<a href=\"https:\/\/cluster1albania.com\/sq\/sfidat-e-edukimit-ligjor-te-publikut-ne-shqiperi\/\" class=\"bdp-readmorebtn\">Read More<\/a>\r\n\t\t\t\t\t\t\t<\/div>\r\n\t\t\t\t\t<\/div>\r\n\t<\/div>\r\n<\/div><div class=\"bdp-post-grid bdp-medium-4 bdp-columns \">\r\n\t<div class=\"bdp-post-grid-content \">\r\n\t\t\t\t<div class=\"bdp-post-image-bg\">\r\n\t\t\t<a href=\"https:\/\/cluster1albania.com\/sq\/samiti-be-ballkani-perendimor-ne-tirane\/\">\r\n\t\t\t\t<img decoding=\"async\" src=\"https:\/\/cluster1albania.com\/sq\/wp-content\/uploads\/2022\/12\/EU-Western-Balkans-summit-to-begin-in-Albania-Photo-European-Council-2-1024x536.jpg\" alt=\"Samiti BE-Ballkani Per\u00ebndimor n\u00eb Tiran\u00eb\" \/>\r\n\t\t\t<\/a>\r\n\t\t<\/div>\r\n\t\t\t\t<div class=\"bdp-post-margin-content\">\r\n\t\t\t\r\n\t\t\t<h2 class=\"bdp-post-title\">\r\n\t\t\t\t<a href=\"https:\/\/cluster1albania.com\/sq\/samiti-be-ballkani-perendimor-ne-tirane\/\">Samiti BE-Ballkani Per\u00ebndimor n\u00eb Tiran\u00eb<\/a>\r\n\t\t\t<\/h2>\r\n\r\n\t\t\t\t\t\t\t<div class=\"bdp-post-meta\">\r\n\t\t\t\t\t\t\t\t\t\t\t<span class=\"bdp-post-meta-innr bdp-time\"> December 6, 2022 <\/span>\r\n\t\t\t\t\t\t\t\t\t<\/div>\r\n\t\t\t\t\t\t<div class=\"bdp-post-content\">\r\n\t\t\t\t<div class=\"bdp-post-short-content\">N\u00eb Tiran\u00eb u mbajt Samiti BE-Ballkani Per\u00ebndimor, nj\u00eb tjet\u00ebr ngjarje madhore sa i p\u00ebrket pozicionit strategjiko-politik t\u00eb BE kundrejt vendeve...<\/div>\r\n\t\t\t\t\t\t\t\t\t<a href=\"https:\/\/cluster1albania.com\/sq\/samiti-be-ballkani-perendimor-ne-tirane\/\" class=\"bdp-readmorebtn\">Read More<\/a>\r\n\t\t\t\t\t\t\t<\/div>\r\n\t\t\t\t\t<\/div>\r\n\t<\/div>\r\n<\/div><div class=\"bdp-post-grid bdp-medium-4 bdp-columns \">\r\n\t<div class=\"bdp-post-grid-content \">\r\n\t\t\t\t<div class=\"bdp-post-image-bg\">\r\n\t\t\t<a href=\"https:\/\/cluster1albania.com\/sq\/tryeze-diskutimi-kontrolli-financiar-dhe-integriteti-ne-buxhetim-procesi-i-hapjes-se-negociatave-per-kapitullin-32\/\">\r\n\t\t\t\t<img decoding=\"async\" src=\"https:\/\/cluster1albania.com\/sq\/wp-content\/uploads\/2022\/10\/kapitulli32-1-1024x688.jpg\" alt=\"Tryez\u00eb Diskutimi &#8211; \u201cKontrolli Financiar dhe Integriteti n\u00eb Buxhetim: Procesi i Hapjes s\u00eb Negociatave p\u00ebr Kapitullin 32\u201d\" \/>\r\n\t\t\t<\/a>\r\n\t\t<\/div>\r\n\t\t\t\t<div class=\"bdp-post-margin-content\">\r\n\t\t\t\r\n\t\t\t<h2 class=\"bdp-post-title\">\r\n\t\t\t\t<a href=\"https:\/\/cluster1albania.com\/sq\/tryeze-diskutimi-kontrolli-financiar-dhe-integriteti-ne-buxhetim-procesi-i-hapjes-se-negociatave-per-kapitullin-32\/\">Tryez\u00eb Diskutimi &#8211; \u201cKontrolli Financiar dhe Integriteti n\u00eb Buxhetim: Procesi i Hapjes s\u00eb Negociatave p\u00ebr Kapitullin 32\u201d<\/a>\r\n\t\t\t<\/h2>\r\n\r\n\t\t\t\t\t\t\t<div class=\"bdp-post-meta\">\r\n\t\t\t\t\t\t\t\t\t\t\t<span class=\"bdp-post-meta-innr bdp-time\"> October 12, 2022 <\/span>\r\n\t\t\t\t\t\t\t\t\t<\/div>\r\n\t\t\t\t\t\t<div class=\"bdp-post-content\">\r\n\t\t\t\t<div class=\"bdp-post-short-content\">\u00eb kuad\u00ebr t\u00eb seris\u00eb s\u00eb prezantimeve dhe diskutimeve me aktor\u00eb t\u00eb r\u00ebnd\u00ebsish\u00ebm n\u00eb procesin e negociatave, Instituti Shqiptar i Shkenc\u00ebs...<\/div>\r\n\t\t\t\t\t\t\t\t\t<a href=\"https:\/\/cluster1albania.com\/sq\/tryeze-diskutimi-kontrolli-financiar-dhe-integriteti-ne-buxhetim-procesi-i-hapjes-se-negociatave-per-kapitullin-32\/\" class=\"bdp-readmorebtn\">Read More<\/a>\r\n\t\t\t\t\t\t\t<\/div>\r\n\t\t\t\t\t<\/div>\r\n\t<\/div>\r\n<\/div><div class=\"bdp-post-grid bdp-medium-4 bdp-columns  bdp-first\">\r\n\t<div class=\"bdp-post-grid-content \">\r\n\t\t\t\t<div class=\"bdp-post-image-bg\">\r\n\t\t\t<a href=\"https:\/\/cluster1albania.com\/sq\/pastrimi-i-parave-ne-kontekstin-e-amnistise-fiskale-dhe-penale\/\">\r\n\t\t\t\t<img decoding=\"async\" src=\"https:\/\/cluster1albania.com\/sq\/wp-content\/uploads\/2022\/09\/294668768_176335064804793_749169462406848896_n-1-1024x682.jpg\" alt=\"Pastrimi i Parave n\u00eb Kontekstin e Amnistis\u00eb Fiskale dhe Penale\" \/>\r\n\t\t\t<\/a>\r\n\t\t<\/div>\r\n\t\t\t\t<div class=\"bdp-post-margin-content\">\r\n\t\t\t\r\n\t\t\t<h2 class=\"bdp-post-title\">\r\n\t\t\t\t<a href=\"https:\/\/cluster1albania.com\/sq\/pastrimi-i-parave-ne-kontekstin-e-amnistise-fiskale-dhe-penale\/\">Pastrimi i Parave n\u00eb Kontekstin e Amnistis\u00eb Fiskale dhe Penale<\/a>\r\n\t\t\t<\/h2>\r\n\r\n\t\t\t\t\t\t\t<div class=\"bdp-post-meta\">\r\n\t\t\t\t\t\t\t\t\t\t\t<span class=\"bdp-post-meta-innr bdp-time\"> July 16, 2022 <\/span>\r\n\t\t\t\t\t\t\t\t\t<\/div>\r\n\t\t\t\t\t\t<div class=\"bdp-post-content\">\r\n\t\t\t\t<div class=\"bdp-post-short-content\">AIS organizoi dit\u00ebn e sotme Tryez\u00ebn e Diskutimit \u201cPastrimi i Parave n\u00eb Kontekstin e Amnistis\u00eb Fiskale dhe Penale\u201d, gjat\u00eb s\u00eb...<\/div>\r\n\t\t\t\t\t\t\t\t\t<a href=\"https:\/\/cluster1albania.com\/sq\/pastrimi-i-parave-ne-kontekstin-e-amnistise-fiskale-dhe-penale\/\" class=\"bdp-readmorebtn\">Read More<\/a>\r\n\t\t\t\t\t\t\t<\/div>\r\n\t\t\t\t\t<\/div>\r\n\t<\/div>\r\n<\/div><div class=\"bdp-post-grid bdp-medium-4 bdp-columns \">\r\n\t<div class=\"bdp-post-grid-content \">\r\n\t\t\t\t<div class=\"bdp-post-image-bg\">\r\n\t\t\t<a href=\"https:\/\/cluster1albania.com\/sq\/roli-i-kuvendit-ne-procesin-e-integrimit-te-shqiperise-ne-be-dokument-politikash-altin-gjeta\/\">\r\n\t\t\t\t<img decoding=\"async\" src=\"https:\/\/cluster1albania.com\/sq\/wp-content\/uploads\/2022\/07\/policy-paper-1024x683.jpg\" alt=\"Roli i Kuvendit n\u00eb Procesin e Integrimit t\u00eb Shqip\u00ebris\u00eb n\u00eb BE\" \/>\r\n\t\t\t<\/a>\r\n\t\t<\/div>\r\n\t\t\t\t<div class=\"bdp-post-margin-content\">\r\n\t\t\t\r\n\t\t\t<h2 class=\"bdp-post-title\">\r\n\t\t\t\t<a href=\"https:\/\/cluster1albania.com\/sq\/roli-i-kuvendit-ne-procesin-e-integrimit-te-shqiperise-ne-be-dokument-politikash-altin-gjeta\/\">Roli i Kuvendit n\u00eb Procesin e Integrimit t\u00eb Shqip\u00ebris\u00eb n\u00eb BE<\/a>\r\n\t\t\t<\/h2>\r\n\r\n\t\t\t\t\t\t\t<div class=\"bdp-post-meta\">\r\n\t\t\t\t\t\t\t\t\t\t\t<span class=\"bdp-post-meta-innr bdp-time\"> June 29, 2022 <\/span>\r\n\t\t\t\t\t\t\t\t\t<\/div>\r\n\t\t\t\t\t\t<div class=\"bdp-post-content\">\r\n\t\t\t\t<div class=\"bdp-post-short-content\">\u201cRoli i Kuvendit n\u00eb Procesin e Integrimit t\u00eb Shqip\u00ebris\u00eb n\u00eb BE\u201d ishte forumi i radh\u00ebs i debatit t\u00eb organizuar nga...<\/div>\r\n\t\t\t\t\t\t\t\t\t<a href=\"https:\/\/cluster1albania.com\/sq\/roli-i-kuvendit-ne-procesin-e-integrimit-te-shqiperise-ne-be-dokument-politikash-altin-gjeta\/\" class=\"bdp-readmorebtn\">Read More<\/a>\r\n\t\t\t\t\t\t\t<\/div>\r\n\t\t\t\t\t<\/div>\r\n\t<\/div>\r\n<\/div><div class=\"bdp-post-grid bdp-medium-4 bdp-columns \">\r\n\t<div class=\"bdp-post-grid-content \">\r\n\t\t\t\t<div class=\"bdp-post-image-bg\">\r\n\t\t\t<a href=\"https:\/\/cluster1albania.com\/sq\/veshtrim-ligjor-dhe-institucional-per-mbrojtjen-e-te-dhenave-personale-te-qytetareve-qe-administrohen-ne-databazat-e-administruara-nga-shteti-dhe-pajtueshmerine-e-tyre-me-acquis-communautaire\/\">\r\n\t\t\t\t<img decoding=\"async\" src=\"https:\/\/cluster1albania.com\/sq\/wp-content\/uploads\/2022\/07\/286006302_167392032365763_6188314674295349891_n-1024x683.jpg\" alt=\"V\u00ebshtrim ligjor dhe institucional p\u00ebr Mbrojtjen e t\u00eb Dh\u00ebnave Personale t\u00eb qytetar\u00ebve q\u00eb administrohen n\u00eb databazat e administruara nga shteti dhe pajtueshm\u00ebrin\u00eb e tyre me Acquis\u00a0 Communautaire\" \/>\r\n\t\t\t<\/a>\r\n\t\t<\/div>\r\n\t\t\t\t<div class=\"bdp-post-margin-content\">\r\n\t\t\t\r\n\t\t\t<h2 class=\"bdp-post-title\">\r\n\t\t\t\t<a href=\"https:\/\/cluster1albania.com\/sq\/veshtrim-ligjor-dhe-institucional-per-mbrojtjen-e-te-dhenave-personale-te-qytetareve-qe-administrohen-ne-databazat-e-administruara-nga-shteti-dhe-pajtueshmerine-e-tyre-me-acquis-communautaire\/\">V\u00ebshtrim ligjor dhe institucional p\u00ebr Mbrojtjen e t\u00eb Dh\u00ebnave Personale t\u00eb qytetar\u00ebve q\u00eb administrohen n\u00eb databazat e administruara nga shteti dhe pajtueshm\u00ebrin\u00eb e tyre me Acquis\u00a0 Communautaire<\/a>\r\n\t\t\t<\/h2>\r\n\r\n\t\t\t\t\t\t\t<div class=\"bdp-post-meta\">\r\n\t\t\t\t\t\t\t\t\t\t\t<span class=\"bdp-post-meta-innr bdp-time\"> June 9, 2022 <\/span>\r\n\t\t\t\t\t\t\t\t\t<\/div>\r\n\t\t\t\t\t\t<div class=\"bdp-post-content\">\r\n\t\t\t\t<div class=\"bdp-post-short-content\">Vitin e shkuar n\u00eb vendin ton\u00eb nj\u00eb rrjedhje masive e t\u00eb dh\u00ebnave personale dhe sensitive t\u00eb shtetasve tronditi opinionin publik...<\/div>\r\n\t\t\t\t\t\t\t\t\t<a href=\"https:\/\/cluster1albania.com\/sq\/veshtrim-ligjor-dhe-institucional-per-mbrojtjen-e-te-dhenave-personale-te-qytetareve-qe-administrohen-ne-databazat-e-administruara-nga-shteti-dhe-pajtueshmerine-e-tyre-me-acquis-communautaire\/\" class=\"bdp-readmorebtn\">Read More<\/a>\r\n\t\t\t\t\t\t\t<\/div>\r\n\t\t\t\t\t<\/div>\r\n\t<\/div>\r\n<\/div><div class=\"bdp-post-grid bdp-medium-4 bdp-columns  bdp-first\">\r\n\t<div class=\"bdp-post-grid-content \">\r\n\t\t\t\t<div class=\"bdp-post-image-bg\">\r\n\t\t\t<a href=\"https:\/\/cluster1albania.com\/sq\/lufta-kunder-korrupsionit-dhe-krimit-te-organizuar-roli-i-spak-dhe-gjykatave-te-posacme-ne-drejtim-te-permiresimit-te-pergatitjes-se-vendit-per-antaresimin-ne-bashkimin-evropian-dokument-politikash\/\">\r\n\t\t\t\t<img decoding=\"async\" src=\"https:\/\/cluster1albania.com\/sq\/wp-content\/uploads\/2022\/04\/279182349_158328729938760_3808827705102690517_n-1024x683.jpg\" alt=\"Lufta Kund\u00ebr Korrupsionit dhe Krimit t\u00eb Organizuar: Roli i SPAK dhe Gjykatave t\u00eb Posa\u00e7me n\u00eb drejtim t\u00eb p\u00ebrmir\u00ebsimit t\u00eb p\u00ebrgatitjes s\u00eb vendit p\u00ebr antar\u00ebsimin n\u00eb Bashkimin Evropian\" \/>\r\n\t\t\t<\/a>\r\n\t\t<\/div>\r\n\t\t\t\t<div class=\"bdp-post-margin-content\">\r\n\t\t\t\r\n\t\t\t<h2 class=\"bdp-post-title\">\r\n\t\t\t\t<a href=\"https:\/\/cluster1albania.com\/sq\/lufta-kunder-korrupsionit-dhe-krimit-te-organizuar-roli-i-spak-dhe-gjykatave-te-posacme-ne-drejtim-te-permiresimit-te-pergatitjes-se-vendit-per-antaresimin-ne-bashkimin-evropian-dokument-politikash\/\">Lufta Kund\u00ebr Korrupsionit dhe Krimit t\u00eb Organizuar: Roli i SPAK dhe Gjykatave t\u00eb Posa\u00e7me n\u00eb drejtim t\u00eb p\u00ebrmir\u00ebsimit t\u00eb p\u00ebrgatitjes s\u00eb vendit p\u00ebr antar\u00ebsimin n\u00eb Bashkimin Evropian<\/a>\r\n\t\t\t<\/h2>\r\n\r\n\t\t\t\t\t\t\t<div class=\"bdp-post-meta\">\r\n\t\t\t\t\t\t\t\t\t\t\t<span class=\"bdp-post-meta-innr bdp-time\"> April 26, 2022 <\/span>\r\n\t\t\t\t\t\t\t\t\t<\/div>\r\n\t\t\t\t\t\t<div class=\"bdp-post-content\">\r\n\t\t\t\t<div class=\"bdp-post-short-content\">Tryeza e 2 e Rrumbullak\u00ebt n\u00eb kuad\u00ebr t\u00eb \ud83c\uddea\ud83c\uddfa Muajit t\u00eb Angazhimit t\u00eb Shoq\u00ebris\u00eb Civile p\u00ebr Integrimin Evropian, u organizua...<\/div>\r\n\t\t\t\t\t\t\t\t\t<a href=\"https:\/\/cluster1albania.com\/sq\/lufta-kunder-korrupsionit-dhe-krimit-te-organizuar-roli-i-spak-dhe-gjykatave-te-posacme-ne-drejtim-te-permiresimit-te-pergatitjes-se-vendit-per-antaresimin-ne-bashkimin-evropian-dokument-politikash\/\" class=\"bdp-readmorebtn\">Read More<\/a>\r\n\t\t\t\t\t\t\t<\/div>\r\n\t\t\t\t\t<\/div>\r\n\t<\/div>\r\n<\/div><div class=\"bdp-post-grid bdp-medium-4 bdp-columns \">\r\n\t<div class=\"bdp-post-grid-content \">\r\n\t\t\t\t<div class=\"bdp-post-image-bg\">\r\n\t\t\t<a href=\"https:\/\/cluster1albania.com\/sq\/procesi-i-vettingut-ne-kuader-te-detyrimeve-te-integrimit-ne-bashkimin-evropian-2\/\">\r\n\t\t\t\t<img decoding=\"async\" src=\"https:\/\/cluster1albania.com\/sq\/wp-content\/uploads\/2022\/02\/04-1024x683.jpg\" alt=\"PROCESI I VETTINGUT N\u00cb KUAD\u00cbR T\u00cb DETYRIMEVE T\u00cb INTEGRIMIT N\u00cb BASHKIMIN EVROPIAN\" \/>\r\n\t\t\t<\/a>\r\n\t\t<\/div>\r\n\t\t\t\t<div class=\"bdp-post-margin-content\">\r\n\t\t\t\r\n\t\t\t<h2 class=\"bdp-post-title\">\r\n\t\t\t\t<a href=\"https:\/\/cluster1albania.com\/sq\/procesi-i-vettingut-ne-kuader-te-detyrimeve-te-integrimit-ne-bashkimin-evropian-2\/\">PROCESI I VETTINGUT N\u00cb KUAD\u00cbR T\u00cb DETYRIMEVE T\u00cb INTEGRIMIT N\u00cb BASHKIMIN EVROPIAN<\/a>\r\n\t\t\t<\/h2>\r\n\r\n\t\t\t\t\t\t\t<div class=\"bdp-post-meta\">\r\n\t\t\t\t\t\t\t\t\t\t\t<span class=\"bdp-post-meta-innr bdp-time\"> February 28, 2022 <\/span>\r\n\t\t\t\t\t\t\t\t\t<\/div>\r\n\t\t\t\t\t\t<div class=\"bdp-post-content\">\r\n\t\t\t\t<div class=\"bdp-post-short-content\">Procesi i rivler\u00ebsimit kalimtar t\u00eb gjyqtar\u00ebve dhe prokuror\u00ebve, p\u00ebrb\u00ebn nj\u00eb nga shtyllat ky\u00e7 t\u00eb Reform\u00ebs n\u00eb Sistemin e Drejt\u00ebsis\u00eb. Ky...<\/div>\r\n\t\t\t\t\t\t\t\t\t<a href=\"https:\/\/cluster1albania.com\/sq\/procesi-i-vettingut-ne-kuader-te-detyrimeve-te-integrimit-ne-bashkimin-evropian-2\/\" class=\"bdp-readmorebtn\">Read More<\/a>\r\n\t\t\t\t\t\t\t<\/div>\r\n\t\t\t\t\t<\/div>\r\n\t<\/div>\r\n<\/div><div class=\"bdp-post-grid bdp-medium-4 bdp-columns \">\r\n\t<div class=\"bdp-post-grid-content \">\r\n\t\t\t\t<div class=\"bdp-post-image-bg\">\r\n\t\t\t<a href=\"https:\/\/cluster1albania.com\/sq\/prokurimi-publik-ne-lupen-e-integrimit-europian\/\">\r\n\t\t\t\t<img decoding=\"async\" src=\"https:\/\/cluster1albania.com\/sq\/wp-content\/uploads\/2022\/03\/274529440_145280514576915_3410423512921861669_n-1024x683.jpg\" alt=\"PROKURIMI PUBLIK N\u00cb LUP\u00cbN E INTEGRIMIT EUROPIAN\" \/>\r\n\t\t\t<\/a>\r\n\t\t<\/div>\r\n\t\t\t\t<div class=\"bdp-post-margin-content\">\r\n\t\t\t\r\n\t\t\t<h2 class=\"bdp-post-title\">\r\n\t\t\t\t<a href=\"https:\/\/cluster1albania.com\/sq\/prokurimi-publik-ne-lupen-e-integrimit-europian\/\">PROKURIMI PUBLIK N\u00cb LUP\u00cbN E INTEGRIMIT EUROPIAN<\/a>\r\n\t\t\t<\/h2>\r\n\r\n\t\t\t\t\t\t\t<div class=\"bdp-post-meta\">\r\n\t\t\t\t\t\t\t\t\t\t\t<span class=\"bdp-post-meta-innr bdp-time\"> February 21, 2022 <\/span>\r\n\t\t\t\t\t\t\t\t\t<\/div>\r\n\t\t\t\t\t\t<div class=\"bdp-post-content\">\r\n\t\t\t\t<div class=\"bdp-post-short-content\">Tema e prokurimit publik dhe tema e integrimit evropian nuk jan\u00eb tema t\u00eb reja n\u00eb Shqip\u00ebri. P\u00ebr to \u00ebsht\u00eb folur...<\/div>\r\n\t\t\t\t\t\t\t\t\t<a href=\"https:\/\/cluster1albania.com\/sq\/prokurimi-publik-ne-lupen-e-integrimit-europian\/\" class=\"bdp-readmorebtn\">Read More<\/a>\r\n\t\t\t\t\t\t\t<\/div>\r\n\t\t\t\t\t<\/div>\r\n\t<\/div>\r\n<\/div><div class=\"bdp-post-grid bdp-medium-4 bdp-columns  bdp-first\">\r\n\t<div class=\"bdp-post-grid-content \">\r\n\t\t\t\t<div class=\"bdp-post-image-bg\">\r\n\t\t\t<a href=\"https:\/\/cluster1albania.com\/sq\/procesi-i-vettingut-ne-kuader-te-detyrimeve-te-integrimit-ne-bashkimin-evropian\/\">\r\n\t\t\t\t<img decoding=\"async\" src=\"https:\/\/cluster1albania.com\/sq\/wp-content\/uploads\/2022\/03\/01-1024x683.jpg\" alt=\"\u201cPROCESI I VETTINGUT N\u00cb KUAD\u00cbR T\u00cb DETYRIMEVE T\u00cb INTEGRIMIT N\u00cb BASHKIMIN EVROPIAN\u201d\" \/>\r\n\t\t\t<\/a>\r\n\t\t<\/div>\r\n\t\t\t\t<div class=\"bdp-post-margin-content\">\r\n\t\t\t\r\n\t\t\t<h2 class=\"bdp-post-title\">\r\n\t\t\t\t<a href=\"https:\/\/cluster1albania.com\/sq\/procesi-i-vettingut-ne-kuader-te-detyrimeve-te-integrimit-ne-bashkimin-evropian\/\">\u201cPROCESI I VETTINGUT N\u00cb KUAD\u00cbR T\u00cb DETYRIMEVE T\u00cb INTEGRIMIT N\u00cb BASHKIMIN EVROPIAN\u201d<\/a>\r\n\t\t\t<\/h2>\r\n\r\n\t\t\t\t\t\t\t<div class=\"bdp-post-meta\">\r\n\t\t\t\t\t\t\t\t\t\t\t<span class=\"bdp-post-meta-innr bdp-time\"> February 18, 2022 <\/span>\r\n\t\t\t\t\t\t\t\t\t<\/div>\r\n\t\t\t\t\t\t<div class=\"bdp-post-content\">\r\n\t\t\t\t<div class=\"bdp-post-short-content\">Procesi i rivler\u00ebsimit kalimtar t\u00eb gjyqtar\u00ebve dhe prokuror\u00ebve, p\u00ebrb\u00ebn nj\u00eb nga shtyllat ky\u00e7 t\u00eb Reform\u00ebs n\u00eb Sistemin e Drejt\u00ebsis\u00eb. Ky...<\/div>\r\n\t\t\t\t\t\t\t\t\t<a href=\"https:\/\/cluster1albania.com\/sq\/procesi-i-vettingut-ne-kuader-te-detyrimeve-te-integrimit-ne-bashkimin-evropian\/\" class=\"bdp-readmorebtn\">Read More<\/a>\r\n\t\t\t\t\t\t\t<\/div>\r\n\t\t\t\t\t<\/div>\r\n\t<\/div>\r\n<\/div><div class=\"bdp-post-grid bdp-medium-4 bdp-columns \">\r\n\t<div class=\"bdp-post-grid-content \">\r\n\t\t\t\t<div class=\"bdp-post-image-bg\">\r\n\t\t\t<a href=\"https:\/\/cluster1albania.com\/sq\/sfidat-e-shqiperise-ne-adresimin-efektiv-te-krimit-te-organizuar\/\">\r\n\t\t\t\t<img decoding=\"async\" src=\"https:\/\/cluster1albania.com\/sq\/wp-content\/uploads\/2022\/07\/273776806_143074278130872_5800317594273475180_n-1024x683.jpg\" alt=\"Sfidat e Shqip\u00ebris\u00eb n\u00eb adresimin efektiv t\u00eb krimit t\u00eb organizuar: Zhvillimi i nj\u00eb kuadri strategjik efektiv dhe t\u00eb p\u00ebrmir\u00ebsuar n\u00eb p\u00ebrputhje me qasjen e Bashkimit Evropian\" \/>\r\n\t\t\t<\/a>\r\n\t\t<\/div>\r\n\t\t\t\t<div class=\"bdp-post-margin-content\">\r\n\t\t\t\r\n\t\t\t<h2 class=\"bdp-post-title\">\r\n\t\t\t\t<a href=\"https:\/\/cluster1albania.com\/sq\/sfidat-e-shqiperise-ne-adresimin-efektiv-te-krimit-te-organizuar\/\">Sfidat e Shqip\u00ebris\u00eb n\u00eb adresimin efektiv t\u00eb krimit t\u00eb organizuar: Zhvillimi i nj\u00eb kuadri strategjik efektiv dhe t\u00eb p\u00ebrmir\u00ebsuar n\u00eb p\u00ebrputhje me qasjen e Bashkimit Evropian<\/a>\r\n\t\t\t<\/h2>\r\n\r\n\t\t\t\t\t\t\t<div class=\"bdp-post-meta\">\r\n\t\t\t\t\t\t\t\t\t\t\t<span class=\"bdp-post-meta-innr bdp-time\"> February 10, 2022 <\/span>\r\n\t\t\t\t\t\t\t\t\t<\/div>\r\n\t\t\t\t\t\t<div class=\"bdp-post-content\">\r\n\t\t\t\t<div class=\"bdp-post-short-content\">Ky Dokument Politikash i p\u00ebrgatitur nga Qendra p\u00ebr Studimin e Demokracis\u00eb dhe Qeverisjes ka si q\u00ebllim q\u00eb n\u00ebp\u00ebrmjet gjetjeve dhe...<\/div>\r\n\t\t\t\t\t\t\t\t\t<a href=\"https:\/\/cluster1albania.com\/sq\/sfidat-e-shqiperise-ne-adresimin-efektiv-te-krimit-te-organizuar\/\" class=\"bdp-readmorebtn\">Read More<\/a>\r\n\t\t\t\t\t\t\t<\/div>\r\n\t\t\t\t\t<\/div>\r\n\t<\/div>\r\n<\/div>\t\t<\/div>\r\n\r\n\t\t\n[\/cl_text][\/cl_column][\/cl_row]","protected":false},"excerpt":{"rendered":"<p>[cl_row][cl_column][cl_text][\/cl_text][\/cl_column][\/cl_row]<\/p>\n","protected":false},"author":1,"featured_media":0,"parent":0,"menu_order":0,"comment_status":"closed","ping_status":"closed","template":"","meta":{"footnotes":""},"class_list":["post-1798","page","type-page","status-publish","hentry"],"_links":{"self":[{"href":"https:\/\/cluster1albania.com\/sq\/wp-json\/wp\/v2\/pages\/1798","targetHints":{"allow":["GET"]}}],"collection":[{"href":"https:\/\/cluster1albania.com\/sq\/wp-json\/wp\/v2\/pages"}],"about":[{"href":"https:\/\/cluster1albania.com\/sq\/wp-json\/wp\/v2\/types\/page"}],"author":[{"embeddable":true,"href":"https:\/\/cluster1albania.com\/sq\/wp-json\/wp\/v2\/users\/1"}],"replies":[{"embeddable":true,"href":"https:\/\/cluster1albania.com\/sq\/wp-json\/wp\/v2\/comments?post=1798"}],"version-history":[{"count":4,"href":"https:\/\/cluster1albania.com\/sq\/wp-json\/wp\/v2\/pages\/1798\/revisions"}],"predecessor-version":[{"id":1803,"href":"https:\/\/cluster1albania.com\/sq\/wp-json\/wp\/v2\/pages\/1798\/revisions\/1803"}],"wp:attachment":[{"href":"https:\/\/cluster1albania.com\/sq\/wp-json\/wp\/v2\/media?parent=1798"}],"curies":[{"name":"wp","href":"https:\/\/api.w.org\/{rel}","templated":true}]}}